{"id":348,"date":"2019-07-05T21:25:23","date_gmt":"2019-07-05T19:25:23","guid":{"rendered":"https:\/\/4lconduite.yt\/?page_id=348"},"modified":"2025-04-08T10:35:45","modified_gmt":"2025-04-08T07:35:45","slug":"programme-detaille-cours-theoriques","status":"publish","type":"page","link":"https:\/\/4lconduite.yt\/index.php\/programme-detaille-cours-theoriques\/","title":{"rendered":"Planning Cours Th\u00e9oriques"},"content":{"rendered":"\t\t<div data-elementor-type=\"wp-page\" data-elementor-id=\"348\" class=\"elementor elementor-348\" data-elementor-settings=\"[]\">\n\t\t\t\t\t\t<div class=\"elementor-inner\">\n\t\t\t\t\t\t\t<div class=\"elementor-section-wrap\">\n\t\t\t\t\t\t\t<section class=\"elementor-section elementor-top-section elementor-element elementor-element-d813e7f elementor-section-boxed elementor-section-height-default elementor-section-height-default\" data-id=\"d813e7f\" data-element_type=\"section\">\n\t\t\t\t\t\t<div class=\"elementor-container elementor-column-gap-default\">\n\t\t\t\t\t\t\t<div class=\"elementor-row\">\n\t\t\t\t\t<div class=\"elementor-column elementor-col-25 elementor-top-column elementor-element elementor-element-549d54e\" data-id=\"549d54e\" data-element_type=\"column\">\n\t\t\t<div class=\"elementor-column-wrap elementor-element-populated\">\n\t\t\t\t\t\t\t<div class=\"elementor-widget-wrap\">\n\t\t\t\t\t\t<div class=\"elementor-element elementor-element-a4f9ccb elementor-align-center elementor-widget elementor-widget-button\" data-id=\"a4f9ccb\" data-element_type=\"widget\" data-widget_type=\"button.default\">\n\t\t\t\t<div class=\"elementor-widget-container\">\n\t\t\t\t\t<div class=\"elementor-button-wrapper\">\n\t\t\t<a href=\"https:\/\/4lconduite.yt\/index.php\/formation-theorique-etg\/\" class=\"elementor-button-link elementor-button elementor-size-sm\" role=\"button\">\n\t\t\t\t\t\t<span class=\"elementor-button-content-wrapper\">\n\t\t\t\t\t\t<span class=\"elementor-button-text\">Formation Th\u00e9orique (ETG)<\/span>\n\t\t<\/span>\n\t\t\t\t\t<\/a>\n\t\t<\/div>\n\t\t\t\t<\/div>\n\t\t\t\t<\/div>\n\t\t\t\t\t\t<\/div>\n\t\t\t\t\t<\/div>\n\t\t<\/div>\n\t\t\t\t<div class=\"elementor-column elementor-col-25 elementor-top-column elementor-element elementor-element-7ee7599\" data-id=\"7ee7599\" data-element_type=\"column\">\n\t\t\t<div class=\"elementor-column-wrap elementor-element-populated\">\n\t\t\t\t\t\t\t<div class=\"elementor-widget-wrap\">\n\t\t\t\t\t\t<div class=\"elementor-element elementor-element-7360458 elementor-align-center elementor-widget elementor-widget-button\" data-id=\"7360458\" data-element_type=\"widget\" data-widget_type=\"button.default\">\n\t\t\t\t<div class=\"elementor-widget-container\">\n\t\t\t\t\t<div class=\"elementor-button-wrapper\">\n\t\t\t<a href=\"https:\/\/4lconduite.yt\/index.php\/code-en-ligne\/\" class=\"elementor-button-link elementor-button elementor-size-sm\" role=\"button\">\n\t\t\t\t\t\t<span class=\"elementor-button-content-wrapper\">\n\t\t\t\t\t\t<span class=\"elementor-button-text\">Code en Ligne<\/span>\n\t\t<\/span>\n\t\t\t\t\t<\/a>\n\t\t<\/div>\n\t\t\t\t<\/div>\n\t\t\t\t<\/div>\n\t\t\t\t\t\t<\/div>\n\t\t\t\t\t<\/div>\n\t\t<\/div>\n\t\t\t\t<div class=\"elementor-column elementor-col-25 elementor-top-column elementor-element elementor-element-6e66253\" data-id=\"6e66253\" data-element_type=\"column\">\n\t\t\t<div class=\"elementor-column-wrap elementor-element-populated\">\n\t\t\t\t\t\t\t<div class=\"elementor-widget-wrap\">\n\t\t\t\t\t\t<div class=\"elementor-element elementor-element-40a2223 elementor-align-center elementor-widget elementor-widget-button\" data-id=\"40a2223\" data-element_type=\"widget\" data-widget_type=\"button.default\">\n\t\t\t\t<div class=\"elementor-widget-container\">\n\t\t\t\t\t<div class=\"elementor-button-wrapper\">\n\t\t\t<a href=\"https:\/\/4lconduite.yt\/index.php\/redevance\/\" class=\"elementor-button-link elementor-button elementor-size-sm\" role=\"button\">\n\t\t\t\t\t\t<span class=\"elementor-button-content-wrapper\">\n\t\t\t\t\t\t<span class=\"elementor-button-text\">Redevance<\/span>\n\t\t<\/span>\n\t\t\t\t\t<\/a>\n\t\t<\/div>\n\t\t\t\t<\/div>\n\t\t\t\t<\/div>\n\t\t\t\t\t\t<\/div>\n\t\t\t\t\t<\/div>\n\t\t<\/div>\n\t\t\t\t<div class=\"elementor-column elementor-col-25 elementor-top-column elementor-element elementor-element-7a94712\" data-id=\"7a94712\" data-element_type=\"column\">\n\t\t\t<div class=\"elementor-column-wrap elementor-element-populated\">\n\t\t\t\t\t\t\t<div class=\"elementor-widget-wrap\">\n\t\t\t\t\t\t<div class=\"elementor-element elementor-element-7ed7728 elementor-align-center elementor-widget elementor-widget-button\" data-id=\"7ed7728\" data-element_type=\"widget\" data-widget_type=\"button.default\">\n\t\t\t\t<div class=\"elementor-widget-container\">\n\t\t\t\t\t<div class=\"elementor-button-wrapper\">\n\t\t\t<a href=\"https:\/\/4lconduite.yt\/index.php\/tarifs-code\/\" class=\"elementor-button-link elementor-button elementor-size-sm\" role=\"button\">\n\t\t\t\t\t\t<span class=\"elementor-button-content-wrapper\">\n\t\t\t\t\t\t<span class=\"elementor-button-text\">Tarifs Code<\/span>\n\t\t<\/span>\n\t\t\t\t\t<\/a>\n\t\t<\/div>\n\t\t\t\t<\/div>\n\t\t\t\t<\/div>\n\t\t\t\t\t\t<\/div>\n\t\t\t\t\t<\/div>\n\t\t<\/div>\n\t\t\t\t\t\t\t\t<\/div>\n\t\t\t\t\t<\/div>\n\t\t<\/section>\n\t\t\t\t<section class=\"elementor-section elementor-top-section elementor-element elementor-element-0be263d elementor-section-boxed elementor-section-height-default elementor-section-height-default\" data-id=\"0be263d\" data-element_type=\"section\">\n\t\t\t\t\t\t<div class=\"elementor-container elementor-column-gap-default\">\n\t\t\t\t\t\t\t<div class=\"elementor-row\">\n\t\t\t\t\t<div class=\"elementor-column elementor-col-100 elementor-top-column elementor-element elementor-element-b786b2f\" data-id=\"b786b2f\" data-element_type=\"column\">\n\t\t\t<div class=\"elementor-column-wrap elementor-element-populated\">\n\t\t\t\t\t\t\t<div class=\"elementor-widget-wrap\">\n\t\t\t\t\t\t<div class=\"elementor-element elementor-element-52730ec elementor-widget elementor-widget-text-editor\" data-id=\"52730ec\" data-element_type=\"widget\" data-widget_type=\"text-editor.default\">\n\t\t\t\t<div class=\"elementor-widget-container\">\n\t\t\t\t\t<div class=\"elementor-text-editor elementor-clearfix\"><p class=\"MsoNormal\" style=\"margin: 0cm 0cm 8pt; line-height: 15.693333625793457px; font-size: 11pt; font-family: Calibri, sans-serif; caret-color: #000000; color: #000000; text-align: justify;\"><span lang=\"FR\" style=\"background-color: inherit; font-size: 14pt; line-height: 19.9733px; font-family: 'Times New Roman', serif;\">4<\/span><span style=\"background-color: inherit; font-size: 14pt; line-height: 19.9733px; font-family: 'Times New Roman', serif;\">\u00a0fois par semaine, les moniteurs effectueront des cours portant sur les th\u00e8mes officiels de l&#8217;examen du code de la route. Chaque mois, le planning sera mis \u00e0 jour<\/span><span lang=\"FR\" style=\"background-color: inherit; font-size: 14pt; line-height: 19.9733px; font-family: 'Times New Roman', serif;\">\u00a0si c\u2019est n\u00e9cessaire.<\/span><\/p><\/div>\n\t\t\t\t<\/div>\n\t\t\t\t<\/div>\n\t\t\t\t<div class=\"elementor-element elementor-element-9c4ff87 elementor-widget elementor-widget-text-editor\" data-id=\"9c4ff87\" data-element_type=\"widget\" data-widget_type=\"text-editor.default\">\n\t\t\t\t<div class=\"elementor-widget-container\">\n\t\t\t\t\t<div class=\"elementor-text-editor elementor-clearfix\"><p class=\"MsoNormal\" style=\"margin: 0cm 0cm 8pt; line-height: 15.693333625793457px; font-size: 11pt; font-family: Calibri, sans-serif; caret-color: #000000; color: #000000; text-align: center;\" align=\"center\"><b><span style=\"font-size: 16pt; line-height: 22.82666778564453px; font-family: 'Times New Roman', serif;\">Les cours<\/span><\/b><b><span lang=\"FR\" style=\"font-size: 16pt; line-height: 22.82666778564453px; font-family: 'Times New Roman', serif;\">\u00a0sont<\/span><\/b><b><span style=\"font-size: 16pt; line-height: 22.82666778564453px; font-family: 'Times New Roman', serif;\">\u00a0abord\u00e9s<\/span><\/b><b><span lang=\"FR\" style=\"font-size: 16pt; line-height: 22.82666778564453px; font-family: 'Times New Roman', serif;\">\u00a0avec les enseignants<\/span><\/b><b><span style=\"font-size: 16pt; line-height: 22.82666778564453px; font-family: 'Times New Roman', serif;\">\u00a0:<\/span><\/b><b><span lang=\"FR\" style=\"font-size: 16pt; line-height: 22.82666778564453px; font-family: 'Times New Roman', serif;\">\u00a0de 17 h 00 \u00e0 18 h 00<\/span><\/b><\/p><p class=\"MsoNormal\" style=\"margin: 0cm 0cm 8pt; line-height: 15.693333625793457px; font-size: 11pt; font-family: Calibri, sans-serif; caret-color: #000000; color: #000000; text-align: justify;\"><b><span style=\"font-size: 12pt; line-height: 17.1200008392334px; font-family: 'Times New Roman', serif;\">\u00a0<\/span><\/b><\/p><p class=\"MsoNormal\" style=\"margin: 0cm 0cm 8pt; line-height: 15.693333625793457px; font-size: 11pt; font-family: Calibri, sans-serif; caret-color: #000000; color: #000000; text-align: justify;\"><b><span style=\"font-size: 14pt; line-height: 19.97333335876465px; font-family: 'Times New Roman', serif;\">Lundi : <\/span><\/b><b><span lang=\"FR\" style=\"font-size: 14pt; line-height: 19.97333335876465px; font-family: 'Times New Roman', serif; color: red;\">Fatigue<\/span><\/b><b><span style=\"font-size: 14pt; line-height: 19.97333335876465px; font-family: 'Times New Roman', serif; color: red;\">\u00a0\u2013 Alcool<\/span><\/b><b><span lang=\"FR\" style=\"font-size: 14pt; line-height: 19.97333335876465px; font-family: 'Times New Roman', serif; color: red;\">\u00a0\u2013 Drogue &#8211; Vitesse<\/span><\/b><\/p><p class=\"MsoNormal\" style=\"margin: 0cm 0cm 8pt; line-height: 15.693333625793457px; font-size: 11pt; font-family: Calibri, sans-serif; caret-color: #000000; color: #000000; text-align: justify;\"><b><span style=\"font-size: 12pt; line-height: 17.1200008392334px; font-family: 'Times New Roman', serif;\">\u00a0<\/span><\/b><\/p><p class=\"MsoNormal\" style=\"margin: 0cm 0cm 8pt; line-height: 15.693333625793457px; font-size: 11pt; font-family: Calibri, sans-serif; caret-color: #000000; color: #000000; text-align: justify;\"><b><span style=\"font-size: 14pt; line-height: 19.97333335876465px; font-family: 'Times New Roman', serif;\">Mardi :<\/span><\/b><b><span style=\"font-size: 14pt; line-height: 19.97333335876465px; font-family: 'Times New Roman', serif;\">\u00a0<span lang=\"FR\" style=\"color: red;\">Signalisation \u2013 V\u00e9hicule &#8211;<\/span><\/span><\/b><b><span lang=\"FR\" style=\"font-size: 14pt; line-height: 19.97333335876465px; font-family: 'Times New Roman', serif; color: red;\">\u00a0<\/span><\/b><b><span lang=\"FR\" style=\"font-size: 14pt; line-height: 19.97333335876465px; font-family: 'Times New Roman', serif; color: red;\">C<\/span><\/b><b><span style=\"font-size: 14pt; line-height: 19.97333335876465px; font-family: 'Times New Roman', serif; color: red;\">onducteur<\/span><\/b><b><\/b><\/p><p class=\"MsoNormal\" style=\"margin: 0cm 0cm 8pt; line-height: 15.693333625793457px; font-size: 11pt; font-family: Calibri, sans-serif; caret-color: #000000; color: #000000; text-align: justify;\"><b><span lang=\"FR\" style=\"font-size: 12pt; line-height: 17.1200008392334px; font-family: 'Times New Roman', serif;\">\u00a0<\/span><\/b><\/p><p class=\"MsoNormal\" style=\"margin: 0cm 0cm 8pt; line-height: 15.693333625793457px; font-size: 11pt; font-family: Calibri, sans-serif; caret-color: #000000; color: #000000; text-align: justify;\"><b><span style=\"font-size: 14pt; line-height: 19.97333335876465px; font-family: 'Times New Roman', serif;\">Mercredi :\u00a0<\/span><\/b><b><span lang=\"FR\" style=\"font-size: 14pt; line-height: 19.97333335876465px; font-family: 'Times New Roman', serif; color: red;\">Premiers secours \u2013 Assurances\u00a0<\/span><\/b><b><\/b><\/p><p class=\"MsoNormal\" style=\"margin: 0cm 0cm 8pt; line-height: 15.693333625793457px; font-size: 11pt; font-family: Calibri, sans-serif; caret-color: #000000; color: #000000; text-align: justify;\"><b><span style=\"font-size: 12pt; line-height: 17.1200008392334px; font-family: 'Times New Roman', serif;\">\u00a0<\/span><\/b><\/p><p class=\"MsoNormal\" style=\"margin: 0cm 0cm 8pt; line-height: 15.693333625793457px; font-size: 11pt; font-family: Calibri, sans-serif; caret-color: #000000; color: #000000; text-align: justify;\"><b><span style=\"font-size: 14pt; line-height: 19.97333335876465px; font-family: 'Times New Roman', serif;\">Jeudi :<\/span><\/b><b><span style=\"font-size: 14pt; line-height: 19.97333335876465px; font-family: 'Times New Roman', serif;\">\u00a0<span lang=\"FR\" style=\"color: red;\">Priorit\u00e9 \u2013 R\u00e8gles de circulation\u00a0: Ville \u2013 Route &#8211; Autoroute\u00a0<\/span><\/span><\/b><\/p><p class=\"MsoNormal\" style=\"margin: 0cm 0cm 8pt; line-height: 15.693333625793457px; font-size: 11pt; font-family: Calibri, sans-serif; caret-color: #000000; color: #000000; text-align: justify;\"><b><span style=\"font-size: 12pt; line-height: 17.1200008392334px; font-family: 'Times New Roman', serif;\">\u00a0<\/span><\/b><\/p><p class=\"MsoNormal\" style=\"margin: 0cm 0cm 8pt; line-height: 15.693333625793457px; font-size: 11pt; font-family: Calibri, sans-serif; caret-color: #000000; color: #000000; text-align: justify;\"><b><span style=\"font-size: 14pt; line-height: 19.97333335876465px; font-family: 'Times New Roman', serif;\">Vendredi :\u00a0<\/span><\/b><b><span lang=\"FR\" style=\"font-size: 14pt; line-height: 19.97333335876465px; font-family: 'Times New Roman', serif; color: #00b0f0;\">Examen blanc<\/span><\/b><b><span lang=\"FR\" style=\"font-size: 14pt; line-height: 19.97333335876465px; font-family: 'Times New Roman', serif; color: #00b0f0;\">\u00a0<\/span><\/b><a name=\"_Hlk12895014\"><\/a><b><span lang=\"FR\" style=\"font-size: 14pt; line-height: 19.97333335876465px; font-family: 'Times New Roman', serif; color: #00b0f0;\">(s\u00e9rie de 40 questions)<\/span><\/b><b><\/b><\/p><p class=\"MsoNormal\" style=\"margin: 0cm 0cm 8pt; line-height: 15.693333625793457px; font-size: 11pt; font-family: Calibri, sans-serif; caret-color: #000000; color: #000000; text-align: justify;\"><b><span lang=\"FR\" style=\"font-size: 12pt; line-height: 17.1200008392334px; font-family: 'Times New Roman', serif;\">\u00a0<\/span><\/b><\/p><p>\u00a0<\/p><p class=\"MsoNormal\" style=\"margin: 0cm 0cm 8pt; line-height: 15.693333625793457px; font-size: 11pt; font-family: Calibri, sans-serif; caret-color: #000000; color: #000000; text-align: justify;\"><b><span lang=\"FR\" style=\"font-size: 14pt; line-height: 19.97333335876465px; font-family: 'Times New Roman', serif;\">Samedi<\/span><\/b><b><span style=\"font-size: 14pt; line-height: 19.97333335876465px; font-family: 'Times New Roman', serif;\">\u00a0:\u00a0<span style=\"color: #92d050;\">Th\u00e8me libre<\/span><\/span><\/b><\/p><\/div>\n\t\t\t\t<\/div>\n\t\t\t\t<\/div>\n\t\t\t\t<div class=\"elementor-element elementor-element-3881a0d elementor-widget elementor-widget-text-editor\" data-id=\"3881a0d\" data-element_type=\"widget\" data-widget_type=\"text-editor.default\">\n\t\t\t\t<div class=\"elementor-widget-container\">\n\t\t\t\t\t<div class=\"elementor-text-editor elementor-clearfix\"><p class=\"MsoNormal\" style=\"margin: 0cm 0cm 8pt; line-height: 15.693333625793457px; font-size: 11pt; font-family: Calibri, sans-serif; caret-color: #000000; color: #000000; text-align: justify;\"><span style=\"font-size: 14pt; line-height: 19.97333335876465px; font-family: 'Times New Roman', serif;\">Nous rappelons \u00e0 nos \u00e9l\u00e8ves qu&#8217;il est\u00a0<b>important<\/b>\u00a0de participer \u00e0 ses cours lors de votre formation th\u00e9orique car ils vous pr\u00e9parent \u00e0 l&#8217;examen du code de la route et surtout, ses th\u00e8mes vous concernent directement en tant que jeune conducteur.<\/span><\/p><p class=\"MsoNormal\" style=\"margin: 0cm 0cm 8pt; line-height: 15.693333625793457px; font-size: 11pt; font-family: Calibri, sans-serif; caret-color: #000000; color: #000000; text-align: justify;\"><span style=\"font-size: 14pt; line-height: 19.97333335876465px; font-family: 'Times New Roman', serif;\">N&#8217;oubliez pas que vous pouvez venir vous entra\u00eener au code de la route sur les heures d&#8217;ouverture du bureau. Des tests de 40 questions vous seront propos\u00e9s en mode p\u00e9dagogique ou en mode examen ou bien vous pouvez demander \u00e0 la secr\u00e9taire de vous mettre un th\u00e8me sur<\/span><span style=\"font-size: 14pt; line-height: 19.97333335876465px; font-family: 'Times New Roman', serif;\">\u00a0<\/span><span style=\"font-size: 14pt; line-height: 19.97333335876465px; font-family: 'Times New Roman', serif;\">lequel vous voulez travailler en particulier.<\/span><\/p><\/div>\n\t\t\t\t<\/div>\n\t\t\t\t<\/div>\n\t\t\t\t\t\t<\/div>\n\t\t\t\t\t<\/div>\n\t\t<\/div>\n\t\t\t\t\t\t\t\t<\/div>\n\t\t\t\t\t<\/div>\n\t\t<\/section>\n\t\t\t\t<section class=\"elementor-section elementor-top-section elementor-element elementor-element-2394adc elementor-section-boxed elementor-section-height-default elementor-section-height-default\" data-id=\"2394adc\" data-element_type=\"section\">\n\t\t\t\t\t\t<div class=\"elementor-container elementor-column-gap-default\">\n\t\t\t\t\t\t\t<div class=\"elementor-row\">\n\t\t\t\t\t<div class=\"elementor-column elementor-col-100 elementor-top-column elementor-element elementor-element-a73a325\" data-id=\"a73a325\" data-element_type=\"column\">\n\t\t\t<div class=\"elementor-column-wrap elementor-element-populated\">\n\t\t\t\t\t\t\t<div class=\"elementor-widget-wrap\">\n\t\t\t\t\t\t<div class=\"elementor-element elementor-element-8a33736 elementor-widget elementor-widget-image\" data-id=\"8a33736\" data-element_type=\"widget\" data-widget_type=\"image.default\">\n\t\t\t\t<div class=\"elementor-widget-container\">\n\t\t\t\t\t<div class=\"elementor-image\">\n\t\t\t\t\t\t\t\t\t\t<img width=\"768\" height=\"384\" src=\"https:\/\/4lconduite.yt\/wp-content\/uploads\/2022\/03\/1-1-768x384.png\" class=\"attachment-medium_large size-medium_large\" alt=\"\" loading=\"lazy\" srcset=\"https:\/\/4lconduite.yt\/wp-content\/uploads\/2022\/03\/1-1-768x384.png 768w, https:\/\/4lconduite.yt\/wp-content\/uploads\/2022\/03\/1-1-300x150.png 300w, https:\/\/4lconduite.yt\/wp-content\/uploads\/2022\/03\/1-1-1024x512.png 1024w, https:\/\/4lconduite.yt\/wp-content\/uploads\/2022\/03\/1-1-1536x768.png 1536w, https:\/\/4lconduite.yt\/wp-content\/uploads\/2022\/03\/1-1-2048x1024.png 2048w\" sizes=\"(max-width: 768px) 100vw, 768px\" \/>\t\t\t\t\t\t\t\t\t\t\t<\/div>\n\t\t\t\t<\/div>\n\t\t\t\t<\/div>\n\t\t\t\t\t\t<\/div>\n\t\t\t\t\t<\/div>\n\t\t<\/div>\n\t\t\t\t\t\t\t\t<\/div>\n\t\t\t\t\t<\/div>\n\t\t<\/section>\n\t\t\t\t\t\t<\/div>\n\t\t\t\t\t\t<\/div>\n\t\t\t\t\t<\/div>\n\t\t","protected":false},"excerpt":{"rendered":"<p>Formation Th\u00e9orique (ETG) Code en Ligne Redevance Tarifs Code 4\u00a0fois par semaine, les moniteurs effectueront des cours portant sur les th\u00e8mes officiels de l&#8217;examen du code de la route. Chaque mois, le planning sera mis \u00e0 jour\u00a0si c\u2019est n\u00e9cessaire. Les cours\u00a0sont\u00a0abord\u00e9s\u00a0avec les enseignants\u00a0:\u00a0de 17 h 00 \u00e0 18 h 00 \u00a0 Lundi : Fatigue\u00a0\u2013 Alcool\u00a0\u2013 Drogue &#8211; Vitesse \u00a0 Mardi :\u00a0Signalisation \u2013 V\u00e9hicule &#8211;\u00a0Conducteur \u00a0 Mercredi :\u00a0Premiers secours \u2013 Assurances\u00a0 \u00a0 Jeudi :\u00a0Priorit\u00e9 \u2013 R\u00e8gles de circulation\u00a0: Ville \u2013 Route &#8211; Autoroute\u00a0 \u00a0 Vendredi :\u00a0Examen blanc\u00a0(s\u00e9rie de 40 questions) \u00a0 \u00a0 Samedi\u00a0:\u00a0Th\u00e8me libre Nous rappelons \u00e0 nos \u00e9l\u00e8ves qu&#8217;il est\u00a0important\u00a0de\u2026<\/p>\n","protected":false},"author":1,"featured_media":0,"parent":0,"menu_order":0,"comment_status":"closed","ping_status":"closed","template":"","meta":[],"blocksy_meta":{"styles_descriptor":{"styles":{"desktop":"","tablet":"","mobile":""},"google_fonts":[],"version":4}},"yoast_head":"<!-- This site is optimized with the Yoast SEO plugin v15.0 - https:\/\/yoast.com\/wordpress\/plugins\/seo\/ -->\n<title>Planning Cours Th\u00e9oriques - 4LConduite<\/title>\n<meta name=\"robots\" content=\"index, follow, max-snippet:-1, max-image-preview:large, max-video-preview:-1\" \/>\n<link rel=\"canonical\" href=\"https:\/\/4lconduite.yt\/index.php\/programme-detaille-cours-theoriques\/\" \/>\n<meta property=\"og:locale\" content=\"fr_FR\" \/>\n<meta property=\"og:type\" content=\"article\" \/>\n<meta property=\"og:title\" content=\"Planning Cours Th\u00e9oriques - 4LConduite\" \/>\n<meta property=\"og:description\" content=\"Formation Th\u00e9orique (ETG) Code en Ligne Redevance Tarifs Code 4\u00a0fois par semaine, les moniteurs effectueront des cours portant sur les th\u00e8mes officiels de l&#8217;examen du code de la route. Chaque mois, le planning sera mis \u00e0 jour\u00a0si c\u2019est n\u00e9cessaire. Les cours\u00a0sont\u00a0abord\u00e9s\u00a0avec les enseignants\u00a0:\u00a0de 17 h 00 \u00e0 18 h 00 \u00a0 Lundi : Fatigue\u00a0\u2013 Alcool\u00a0\u2013 Drogue &#8211; Vitesse \u00a0 Mardi :\u00a0Signalisation \u2013 V\u00e9hicule &#8211;\u00a0Conducteur \u00a0 Mercredi :\u00a0Premiers secours \u2013 Assurances\u00a0 \u00a0 Jeudi :\u00a0Priorit\u00e9 \u2013 R\u00e8gles de circulation\u00a0: Ville \u2013 Route &#8211; Autoroute\u00a0 \u00a0 Vendredi :\u00a0Examen blanc\u00a0(s\u00e9rie de 40 questions) \u00a0 \u00a0 Samedi\u00a0:\u00a0Th\u00e8me libre Nous rappelons \u00e0 nos \u00e9l\u00e8ves qu&#8217;il est\u00a0important\u00a0de\u2026\" \/>\n<meta property=\"og:url\" content=\"https:\/\/4lconduite.yt\/index.php\/programme-detaille-cours-theoriques\/\" \/>\n<meta property=\"og:site_name\" content=\"4LConduite\" \/>\n<meta property=\"article:modified_time\" content=\"2025-04-08T07:35:45+00:00\" \/>\n<meta property=\"og:image\" content=\"https:\/\/4lconduite.yt\/wp-content\/uploads\/2022\/03\/1-1-768x384.png\" \/>\n<meta name=\"twitter:card\" content=\"summary_large_image\" \/>\n<script type=\"application\/ld+json\" class=\"yoast-schema-graph\">{\"@context\":\"https:\/\/schema.org\",\"@graph\":[{\"@type\":\"WebSite\",\"@id\":\"https:\/\/4lconduite.yt\/#website\",\"url\":\"https:\/\/4lconduite.yt\/\",\"name\":\"4LConduite\",\"description\":\"Accompagnateur de votre r\\u00e9ussite\",\"potentialAction\":[{\"@type\":\"SearchAction\",\"target\":\"https:\/\/4lconduite.yt\/?s={search_term_string}\",\"query-input\":\"required name=search_term_string\"}],\"inLanguage\":\"fr-FR\"},{\"@type\":\"ImageObject\",\"@id\":\"https:\/\/4lconduite.yt\/index.php\/programme-detaille-cours-theoriques\/#primaryimage\",\"inLanguage\":\"fr-FR\",\"url\":\"https:\/\/4lconduite.yt\/wp-content\/uploads\/2022\/03\/1-1.png\",\"width\":6912,\"height\":3456},{\"@type\":\"WebPage\",\"@id\":\"https:\/\/4lconduite.yt\/index.php\/programme-detaille-cours-theoriques\/#webpage\",\"url\":\"https:\/\/4lconduite.yt\/index.php\/programme-detaille-cours-theoriques\/\",\"name\":\"Planning Cours Th\\u00e9oriques - 4LConduite\",\"isPartOf\":{\"@id\":\"https:\/\/4lconduite.yt\/#website\"},\"primaryImageOfPage\":{\"@id\":\"https:\/\/4lconduite.yt\/index.php\/programme-detaille-cours-theoriques\/#primaryimage\"},\"datePublished\":\"2019-07-05T19:25:23+00:00\",\"dateModified\":\"2025-04-08T07:35:45+00:00\",\"inLanguage\":\"fr-FR\",\"potentialAction\":[{\"@type\":\"ReadAction\",\"target\":[\"https:\/\/4lconduite.yt\/index.php\/programme-detaille-cours-theoriques\/\"]}]}]}<\/script>\n<!-- \/ Yoast SEO plugin. -->","_links":{"self":[{"href":"https:\/\/4lconduite.yt\/index.php\/wp-json\/wp\/v2\/pages\/348"}],"collection":[{"href":"https:\/\/4lconduite.yt\/index.php\/wp-json\/wp\/v2\/pages"}],"about":[{"href":"https:\/\/4lconduite.yt\/index.php\/wp-json\/wp\/v2\/types\/page"}],"author":[{"embeddable":true,"href":"https:\/\/4lconduite.yt\/index.php\/wp-json\/wp\/v2\/users\/1"}],"replies":[{"embeddable":true,"href":"https:\/\/4lconduite.yt\/index.php\/wp-json\/wp\/v2\/comments?post=348"}],"version-history":[{"count":18,"href":"https:\/\/4lconduite.yt\/index.php\/wp-json\/wp\/v2\/pages\/348\/revisions"}],"predecessor-version":[{"id":1961,"href":"https:\/\/4lconduite.yt\/index.php\/wp-json\/wp\/v2\/pages\/348\/revisions\/1961"}],"wp:attachment":[{"href":"https:\/\/4lconduite.yt\/index.php\/wp-json\/wp\/v2\/media?parent=348"}],"curies":[{"name":"wp","href":"https:\/\/api.w.org\/{rel}","templated":true}]}}