{"id":396,"date":"2019-07-05T20:57:57","date_gmt":"2019-07-05T17:57:57","guid":{"rendered":"https:\/\/4lconduite.yt\/?page_id=396"},"modified":"2022-03-28T15:23:04","modified_gmt":"2022-03-28T12:23:04","slug":"traditionnelle","status":"publish","type":"page","link":"https:\/\/4lconduite.yt\/index.php\/traditionnelle\/","title":{"rendered":"Conduite Traditionnelle"},"content":{"rendered":"\t\t<div data-elementor-type=\"wp-page\" data-elementor-id=\"396\" class=\"elementor elementor-396\" data-elementor-settings=\"[]\">\n\t\t\t\t\t\t<div class=\"elementor-inner\">\n\t\t\t\t\t\t\t<div class=\"elementor-section-wrap\">\n\t\t\t\t\t\t\t<section class=\"elementor-section elementor-top-section elementor-element elementor-element-5b457e4 elementor-section-boxed elementor-section-height-default elementor-section-height-default\" data-id=\"5b457e4\" data-element_type=\"section\">\n\t\t\t\t\t\t<div class=\"elementor-container elementor-column-gap-default\">\n\t\t\t\t\t\t\t<div class=\"elementor-row\">\n\t\t\t\t\t<div class=\"elementor-column elementor-col-25 elementor-top-column elementor-element elementor-element-3d0a8c6\" data-id=\"3d0a8c6\" data-element_type=\"column\">\n\t\t\t<div class=\"elementor-column-wrap elementor-element-populated\">\n\t\t\t\t\t\t\t<div class=\"elementor-widget-wrap\">\n\t\t\t\t\t\t<div class=\"elementor-element elementor-element-0205c7e elementor-align-center elementor-widget elementor-widget-button\" data-id=\"0205c7e\" data-element_type=\"widget\" data-widget_type=\"button.default\">\n\t\t\t\t<div class=\"elementor-widget-container\">\n\t\t\t\t\t<div class=\"elementor-button-wrapper\">\n\t\t\t<a href=\"https:\/\/4lconduite.yt\/index.php\/formation-theorique-etg\/\" class=\"elementor-button-link elementor-button elementor-size-sm\" role=\"button\">\n\t\t\t\t\t\t<span class=\"elementor-button-content-wrapper\">\n\t\t\t\t\t\t<span class=\"elementor-button-text\">Formation Th\u00e9orique (ETG)<\/span>\n\t\t<\/span>\n\t\t\t\t\t<\/a>\n\t\t<\/div>\n\t\t\t\t<\/div>\n\t\t\t\t<\/div>\n\t\t\t\t\t\t<\/div>\n\t\t\t\t\t<\/div>\n\t\t<\/div>\n\t\t\t\t<div class=\"elementor-column elementor-col-25 elementor-top-column elementor-element elementor-element-8f626c0\" data-id=\"8f626c0\" data-element_type=\"column\">\n\t\t\t<div class=\"elementor-column-wrap elementor-element-populated\">\n\t\t\t\t\t\t\t<div class=\"elementor-widget-wrap\">\n\t\t\t\t\t\t<div class=\"elementor-element elementor-element-3f6c238 elementor-align-center elementor-widget elementor-widget-button\" data-id=\"3f6c238\" data-element_type=\"widget\" data-widget_type=\"button.default\">\n\t\t\t\t<div class=\"elementor-widget-container\">\n\t\t\t\t\t<div class=\"elementor-button-wrapper\">\n\t\t\t<a href=\"https:\/\/4lconduite.yt\/index.php\/tarifs-code\/\" class=\"elementor-button-link elementor-button elementor-size-sm\" role=\"button\">\n\t\t\t\t\t\t<span class=\"elementor-button-content-wrapper\">\n\t\t\t\t\t\t<span class=\"elementor-button-text\">Tarifs Code<\/span>\n\t\t<\/span>\n\t\t\t\t\t<\/a>\n\t\t<\/div>\n\t\t\t\t<\/div>\n\t\t\t\t<\/div>\n\t\t\t\t\t\t<\/div>\n\t\t\t\t\t<\/div>\n\t\t<\/div>\n\t\t\t\t<div class=\"elementor-column elementor-col-25 elementor-top-column elementor-element elementor-element-f1be8b8\" data-id=\"f1be8b8\" data-element_type=\"column\">\n\t\t\t<div class=\"elementor-column-wrap elementor-element-populated\">\n\t\t\t\t\t\t\t<div class=\"elementor-widget-wrap\">\n\t\t\t\t\t\t<div class=\"elementor-element elementor-element-31694aa elementor-align-center elementor-widget elementor-widget-button\" data-id=\"31694aa\" data-element_type=\"widget\" data-widget_type=\"button.default\">\n\t\t\t\t<div class=\"elementor-widget-container\">\n\t\t\t\t\t<div class=\"elementor-button-wrapper\">\n\t\t\t<a href=\"https:\/\/4lconduite.yt\/index.php\/tarifs\/\" class=\"elementor-button-link elementor-button elementor-size-sm\" role=\"button\">\n\t\t\t\t\t\t<span class=\"elementor-button-content-wrapper\">\n\t\t\t\t\t\t<span class=\"elementor-button-text\">Tarifs Conduite<\/span>\n\t\t<\/span>\n\t\t\t\t\t<\/a>\n\t\t<\/div>\n\t\t\t\t<\/div>\n\t\t\t\t<\/div>\n\t\t\t\t\t\t<\/div>\n\t\t\t\t\t<\/div>\n\t\t<\/div>\n\t\t\t\t<div class=\"elementor-column elementor-col-25 elementor-top-column elementor-element elementor-element-c0e5033\" data-id=\"c0e5033\" data-element_type=\"column\">\n\t\t\t<div class=\"elementor-column-wrap elementor-element-populated\">\n\t\t\t\t\t\t\t<div class=\"elementor-widget-wrap\">\n\t\t\t\t\t\t<div class=\"elementor-element elementor-element-bc87ca6 elementor-align-center elementor-widget elementor-widget-button\" data-id=\"bc87ca6\" data-element_type=\"widget\" data-widget_type=\"button.default\">\n\t\t\t\t<div class=\"elementor-widget-container\">\n\t\t\t\t\t<div class=\"elementor-button-wrapper\">\n\t\t\t<a href=\"https:\/\/4lconduite.yt\/index.php\/pieces-a-fournir\/\" class=\"elementor-button-link elementor-button elementor-size-sm\" role=\"button\">\n\t\t\t\t\t\t<span class=\"elementor-button-content-wrapper\">\n\t\t\t\t\t\t<span class=\"elementor-button-text\">Pi\u00e8ces \u00e0 Fournir<\/span>\n\t\t<\/span>\n\t\t\t\t\t<\/a>\n\t\t<\/div>\n\t\t\t\t<\/div>\n\t\t\t\t<\/div>\n\t\t\t\t\t\t<\/div>\n\t\t\t\t\t<\/div>\n\t\t<\/div>\n\t\t\t\t\t\t\t\t<\/div>\n\t\t\t\t\t<\/div>\n\t\t<\/section>\n\t\t\t\t<section class=\"elementor-section elementor-top-section elementor-element elementor-element-ee836ac elementor-section-boxed elementor-section-height-default elementor-section-height-default elementor-invisible\" data-id=\"ee836ac\" data-element_type=\"section\" data-settings=\"{&quot;shape_divider_top&quot;:&quot;mountains&quot;,&quot;animation&quot;:&quot;fadeIn&quot;}\">\n\t\t\t\t\t<div class=\"elementor-shape elementor-shape-top\" data-negative=\"false\">\n\t\t\t<svg xmlns=\"http:\/\/www.w3.org\/2000\/svg\" viewBox=\"0 0 1000 100\" preserveAspectRatio=\"none\">\n\t<path class=\"elementor-shape-fill\" opacity=\"0.33\" d=\"M473,67.3c-203.9,88.3-263.1-34-320.3,0C66,119.1,0,59.7,0,59.7V0h1000v59.7 c0,0-62.1,26.1-94.9,29.3c-32.8,3.3-62.8-12.3-75.8-22.1C806,49.6,745.3,8.7,694.9,4.7S492.4,59,473,67.3z\"\/>\n\t<path class=\"elementor-shape-fill\" opacity=\"0.66\" d=\"M734,67.3c-45.5,0-77.2-23.2-129.1-39.1c-28.6-8.7-150.3-10.1-254,39.1 s-91.7-34.4-149.2,0C115.7,118.3,0,39.8,0,39.8V0h1000v36.5c0,0-28.2-18.5-92.1-18.5C810.2,18.1,775.7,67.3,734,67.3z\"\/>\n\t<path class=\"elementor-shape-fill\" d=\"M766.1,28.9c-200-57.5-266,65.5-395.1,19.5C242,1.8,242,5.4,184.8,20.6C128,35.8,132.3,44.9,89.9,52.5C28.6,63.7,0,0,0,0 h1000c0,0-9.9,40.9-83.6,48.1S829.6,47,766.1,28.9z\"\/>\n<\/svg>\t\t<\/div>\n\t\t\t\t\t<div class=\"elementor-container elementor-column-gap-default\">\n\t\t\t\t\t\t\t<div class=\"elementor-row\">\n\t\t\t\t\t<div class=\"elementor-column elementor-col-100 elementor-top-column elementor-element elementor-element-7d85b29\" data-id=\"7d85b29\" data-element_type=\"column\">\n\t\t\t<div class=\"elementor-column-wrap elementor-element-populated\">\n\t\t\t\t\t\t\t<div class=\"elementor-widget-wrap\">\n\t\t\t\t\t\t<section class=\"elementor-section elementor-inner-section elementor-element elementor-element-2709e6f elementor-section-boxed elementor-section-height-default elementor-section-height-default\" data-id=\"2709e6f\" data-element_type=\"section\">\n\t\t\t\t\t\t<div class=\"elementor-container elementor-column-gap-default\">\n\t\t\t\t\t\t\t<div class=\"elementor-row\">\n\t\t\t\t\t<div class=\"elementor-column elementor-col-100 elementor-inner-column elementor-element elementor-element-f783cd4\" data-id=\"f783cd4\" data-element_type=\"column\">\n\t\t\t<div class=\"elementor-column-wrap elementor-element-populated\">\n\t\t\t\t\t\t\t<div class=\"elementor-widget-wrap\">\n\t\t\t\t\t\t<div class=\"elementor-element elementor-element-2e95379 elementor-widget elementor-widget-heading\" data-id=\"2e95379\" data-element_type=\"widget\" data-widget_type=\"heading.default\">\n\t\t\t\t<div class=\"elementor-widget-container\">\n\t\t\t<h2 class=\"elementor-heading-title elementor-size-default\"><br><br>EVALUATION INITIALE OBLIGATOIRE<\/h2>\t\t<\/div>\n\t\t\t\t<\/div>\n\t\t\t\t\t\t<\/div>\n\t\t\t\t\t<\/div>\n\t\t<\/div>\n\t\t\t\t\t\t\t\t<\/div>\n\t\t\t\t\t<\/div>\n\t\t<\/section>\n\t\t\t\t<div class=\"elementor-element elementor-element-a0bfe07 elementor-widget elementor-widget-heading\" data-id=\"a0bfe07\" data-element_type=\"widget\" data-widget_type=\"heading.default\">\n\t\t\t\t<div class=\"elementor-widget-container\">\n\t\t\t<h5 class=\"elementor-heading-title elementor-size-default\">VOTRE FORMATION EN COMBIEN DE TEMPS ET A QUEL PRIX?<\/h5>\t\t<\/div>\n\t\t\t\t<\/div>\n\t\t\t\t<div class=\"elementor-element elementor-element-baf7aa1 elementor-widget elementor-widget-text-editor\" data-id=\"baf7aa1\" data-element_type=\"widget\" data-widget_type=\"text-editor.default\">\n\t\t\t\t<div class=\"elementor-widget-container\">\n\t\t\t\t\t<div class=\"elementor-text-editor elementor-clearfix\"><p>Avant de d\u00e9buter votre formation, vous devez obligatoirement passer une \u00e9valuation. Elle permettra de conna\u00eetre votre niveau et d\u00e9terminer le nombre d\u2019heures de conduite n\u00e9cessaire \u00e0 l\u2019obtention de votre permis.<\/p><\/div>\n\t\t\t\t<\/div>\n\t\t\t\t<\/div>\n\t\t\t\t<div class=\"elementor-element elementor-element-ec3fc42 elementor-widget elementor-widget-heading\" data-id=\"ec3fc42\" data-element_type=\"widget\" data-widget_type=\"heading.default\">\n\t\t\t\t<div class=\"elementor-widget-container\">\n\t\t\t<h2 class=\"elementor-heading-title elementor-size-default\">FORMATION CODE DE LA ROUTE <\/h2>\t\t<\/div>\n\t\t\t\t<\/div>\n\t\t\t\t<div class=\"elementor-element elementor-element-bdcb0b7 elementor-widget elementor-widget-text-editor\" data-id=\"bdcb0b7\" data-element_type=\"widget\" data-widget_type=\"text-editor.default\">\n\t\t\t\t<div class=\"elementor-widget-container\">\n\t\t\t\t\t<div class=\"elementor-text-editor elementor-clearfix\"><ul>\n<li><strong>Test lors de s\u00e9ances de pr\u00e9paration \u00e0 ETG (s\u00e9rie de code)<\/strong><\/li>\n<li><strong>Participation \u00e0 des cours collectifs avec un formateur exp\u00e9riment\u00e9 (voir <a href=\"https:\/\/4lconduite.yt\/index.php\/horaires-douvertures\/\">horaires d&#8217;ouvertures<\/a>)<\/strong><\/li>\n<li><strong>Travail personnel \u00e0 la maison avec l\u2019aide du code en ligne et de votre livre de code (voir <a href=\"https:\/\/4lconduite.yt\/index.php\/tarifs-code\/\">Tarifs Code<\/a> )<\/strong><\/li>\n<li><strong>Et tout \u00e7a avec des formateurs qualifi\u00e9s.<\/strong><\/li>\n<\/ul><\/div>\n\t\t\t\t<\/div>\n\t\t\t\t<\/div>\n\t\t\t\t<div class=\"elementor-element elementor-element-6a230bf elementor-widget elementor-widget-heading\" data-id=\"6a230bf\" data-element_type=\"widget\" data-widget_type=\"heading.default\">\n\t\t\t\t<div class=\"elementor-widget-container\">\n\t\t\t<h2 class=\"elementor-heading-title elementor-size-default\">FORMATION A LA CONDUITE : 20H minimum<\/h2>\t\t<\/div>\n\t\t\t\t<\/div>\n\t\t\t\t<div class=\"elementor-element elementor-element-5870a01 elementor-widget elementor-widget-text-editor\" data-id=\"5870a01\" data-element_type=\"widget\" data-widget_type=\"text-editor.default\">\n\t\t\t\t<div class=\"elementor-widget-container\">\n\t\t\t\t\t<div class=\"elementor-text-editor elementor-clearfix\"><ul>\n<li><strong>Une fois le code en poche, vous devez conduire avec le moniteur de l\u2019auto-\u00e9cole pendant au moins 20 heures.<\/strong><\/li>\n<li><strong>Apprentissage progressif.<\/strong><\/li>\n<li><strong>Objectif : Vous permettre de ma\u00eetriser le v\u00e9hicule et votre environnement.<\/strong><\/li>\n<li><strong>Le programme et le d\u00e9roulement de la formation sont conformes aux objectifs du programme de formation (REMC).<\/strong><\/li>\n<li><strong>Votre moniteur s\u2019engage \u00e0 appliquer une p\u00e9dagogie visant l\u2019atteinte les objectifs d\u00e9finis dans votre livret d\u2019apprentissage. Le programme et le d\u00e9roulement de la formation devront permettre \u00e0 l\u2019\u00e9l\u00e8ve d\u2019acqu\u00e9rir l\u2019ensemble des comp\u00e9tences n\u00e9cessaires \u00e0 la validit\u00e9 de sa formation initiale.<\/strong><\/li>\n<li><strong>Un accompagnement individuel pour un suivi de votre progression personnalis\u00e9 nous permettra de suivre un rythme adapt\u00e9 \u00e0 vos besoins.<\/strong><\/li>\n<\/ul><\/div>\n\t\t\t\t<\/div>\n\t\t\t\t<\/div>\n\t\t\t\t<div class=\"elementor-element elementor-element-34e6c29 elementor-widget elementor-widget-heading\" data-id=\"34e6c29\" data-element_type=\"widget\" data-widget_type=\"heading.default\">\n\t\t\t\t<div class=\"elementor-widget-container\">\n\t\t\t<h2 class=\"elementor-heading-title elementor-size-default\">PREMIERS COURS DE CONDUITE<\/h2>\t\t<\/div>\n\t\t\t\t<\/div>\n\t\t\t\t<div class=\"elementor-element elementor-element-b64e1e0 elementor-widget elementor-widget-text-editor\" data-id=\"b64e1e0\" data-element_type=\"widget\" data-widget_type=\"text-editor.default\">\n\t\t\t\t<div class=\"elementor-widget-container\">\n\t\t\t\t\t<div class=\"elementor-text-editor elementor-clearfix\"><p>Une le\u00e7on de conduite dure \u00e0 peu pr\u00e8s 1 heure :<\/p>\n<ul>\n<li><strong>Premi\u00e8res minutes : Elaboration du programme de la s\u00e9ance.<\/strong><\/li>\n<li><strong>La conduite effective dure environ 45 minutes<\/strong><\/li>\n<li><strong>Le temps restant permet de faire un bilan : Les commentaires sont not\u00e9s dans le livret p\u00e9dagogique et la fiche d\u2019\u00e9valuation.<\/strong><\/li>\n<\/ul><\/div>\n\t\t\t\t<\/div>\n\t\t\t\t<\/div>\n\t\t\t\t<div class=\"elementor-element elementor-element-6aec31a elementor-widget elementor-widget-heading\" data-id=\"6aec31a\" data-element_type=\"widget\" data-widget_type=\"heading.default\">\n\t\t\t\t<div class=\"elementor-widget-container\">\n\t\t\t<h2 class=\"elementor-heading-title elementor-size-default\">APPRENTISSAGE PROGRESSIF<\/h2>\t\t<\/div>\n\t\t\t\t<\/div>\n\t\t\t\t<div class=\"elementor-element elementor-element-f07c8a5 elementor-widget elementor-widget-text-editor\" data-id=\"f07c8a5\" data-element_type=\"widget\" data-widget_type=\"text-editor.default\">\n\t\t\t\t<div class=\"elementor-widget-container\">\n\t\t\t\t\t<div class=\"elementor-text-editor elementor-clearfix\"><ul>\n<li><strong>Les 20 heures minimums de cours de conduite se font en circulation sur la voie publique.<\/strong><\/li>\n<li><strong>Au fil des le\u00e7ons, vous apprenez \u00e0 contr\u00f4ler toutes les commandes.<\/strong><\/li>\n<li><strong>Se rendre \u00e0 l\u2019auto-\u00e9cole ou au lieu du rendez-vous<\/strong><\/li>\n<\/ul>\n<p>Si un autre \u00e9l\u00e8ve a cours avant vous, ce dernier peut venir vous chercher \u00e0 la fin de sa le\u00e7on. A vous de le reconduire chez lui. Inversement, si un autre \u00e9l\u00e8ve \u00e0 cours apr\u00e8s vous, vous allez le chercher \u00e0 la fin de votre cours et lui vous ram\u00e8nera chez vous.<\/p><\/div>\n\t\t\t\t<\/div>\n\t\t\t\t<\/div>\n\t\t\t\t<div class=\"elementor-element elementor-element-4b61f15 elementor-widget elementor-widget-text-editor\" data-id=\"4b61f15\" data-element_type=\"widget\" data-widget_type=\"text-editor.default\">\n\t\t\t\t<div class=\"elementor-widget-container\">\n\t\t\t\t\t<div class=\"elementor-text-editor elementor-clearfix\"><p><strong>A noter : le lieu de rendez-vous peut aussi \u00eatre fix\u00e9 au d\u00e9pend de l\u2019\u00e9l\u00e8ve.<\/strong><\/p><\/div>\n\t\t\t\t<\/div>\n\t\t\t\t<\/div>\n\t\t\t\t\t\t<\/div>\n\t\t\t\t\t<\/div>\n\t\t<\/div>\n\t\t\t\t\t\t\t\t<\/div>\n\t\t\t\t\t<\/div>\n\t\t<\/section>\n\t\t\t\t<section class=\"elementor-section elementor-top-section elementor-element elementor-element-b4dcb89 elementor-section-boxed elementor-section-height-default elementor-section-height-default\" data-id=\"b4dcb89\" data-element_type=\"section\">\n\t\t\t\t\t\t<div class=\"elementor-container elementor-column-gap-default\">\n\t\t\t\t\t\t\t<div class=\"elementor-row\">\n\t\t\t\t\t<div class=\"elementor-column elementor-col-100 elementor-top-column elementor-element elementor-element-822858f\" data-id=\"822858f\" data-element_type=\"column\">\n\t\t\t<div class=\"elementor-column-wrap elementor-element-populated\">\n\t\t\t\t\t\t\t<div class=\"elementor-widget-wrap\">\n\t\t\t\t\t\t<div class=\"elementor-element elementor-element-ad52a68 elementor-widget elementor-widget-image\" data-id=\"ad52a68\" data-element_type=\"widget\" data-widget_type=\"image.default\">\n\t\t\t\t<div class=\"elementor-widget-container\">\n\t\t\t\t\t<div class=\"elementor-image\">\n\t\t\t\t\t\t\t\t\t\t<img width=\"768\" height=\"384\" src=\"https:\/\/4lconduite.yt\/wp-content\/uploads\/2022\/03\/1-1-768x384.png\" class=\"attachment-medium_large size-medium_large\" alt=\"\" loading=\"lazy\" srcset=\"https:\/\/4lconduite.yt\/wp-content\/uploads\/2022\/03\/1-1-768x384.png 768w, https:\/\/4lconduite.yt\/wp-content\/uploads\/2022\/03\/1-1-300x150.png 300w, https:\/\/4lconduite.yt\/wp-content\/uploads\/2022\/03\/1-1-1024x512.png 1024w, https:\/\/4lconduite.yt\/wp-content\/uploads\/2022\/03\/1-1-1536x768.png 1536w, https:\/\/4lconduite.yt\/wp-content\/uploads\/2022\/03\/1-1-2048x1024.png 2048w\" sizes=\"(max-width: 768px) 100vw, 768px\" \/>\t\t\t\t\t\t\t\t\t\t\t<\/div>\n\t\t\t\t<\/div>\n\t\t\t\t<\/div>\n\t\t\t\t\t\t<\/div>\n\t\t\t\t\t<\/div>\n\t\t<\/div>\n\t\t\t\t\t\t\t\t<\/div>\n\t\t\t\t\t<\/div>\n\t\t<\/section>\n\t\t\t\t\t\t<\/div>\n\t\t\t\t\t\t<\/div>\n\t\t\t\t\t<\/div>\n\t\t","protected":false},"excerpt":{"rendered":"<p>Formation Th\u00e9orique (ETG) Tarifs Code Tarifs Conduite Pi\u00e8ces \u00e0 Fournir EVALUATION INITIALE OBLIGATOIRE VOTRE FORMATION EN COMBIEN DE TEMPS ET A QUEL PRIX? Avant de d\u00e9buter votre formation, vous devez obligatoirement passer une \u00e9valuation. Elle permettra de conna\u00eetre votre niveau et d\u00e9terminer le nombre d\u2019heures de conduite n\u00e9cessaire \u00e0 l\u2019obtention de votre permis. FORMATION CODE DE LA ROUTE Test lors de s\u00e9ances de pr\u00e9paration \u00e0 ETG (s\u00e9rie de code) Participation \u00e0 des cours collectifs avec un formateur exp\u00e9riment\u00e9 (voir horaires d&#8217;ouvertures) Travail personnel \u00e0 la maison avec l\u2019aide du code en ligne et de votre livre de code (voir Tarifs\u2026<\/p>\n","protected":false},"author":1,"featured_media":0,"parent":0,"menu_order":0,"comment_status":"closed","ping_status":"closed","template":"","meta":[],"blocksy_meta":{"styles_descriptor":{"styles":{"desktop":"","tablet":"","mobile":""},"google_fonts":[],"version":4}},"yoast_head":"<!-- This site is optimized with the Yoast SEO plugin v15.0 - https:\/\/yoast.com\/wordpress\/plugins\/seo\/ -->\n<title>Conduite Traditionnelle - 4LConduite<\/title>\n<meta name=\"robots\" content=\"index, follow, max-snippet:-1, max-image-preview:large, max-video-preview:-1\" \/>\n<link rel=\"canonical\" href=\"https:\/\/4lconduite.yt\/index.php\/traditionnelle\/\" \/>\n<meta property=\"og:locale\" content=\"fr_FR\" \/>\n<meta property=\"og:type\" content=\"article\" \/>\n<meta property=\"og:title\" content=\"Conduite Traditionnelle - 4LConduite\" \/>\n<meta property=\"og:description\" content=\"Formation Th\u00e9orique (ETG) Tarifs Code Tarifs Conduite Pi\u00e8ces \u00e0 Fournir EVALUATION INITIALE OBLIGATOIRE VOTRE FORMATION EN COMBIEN DE TEMPS ET A QUEL PRIX? Avant de d\u00e9buter votre formation, vous devez obligatoirement passer une \u00e9valuation. Elle permettra de conna\u00eetre votre niveau et d\u00e9terminer le nombre d\u2019heures de conduite n\u00e9cessaire \u00e0 l\u2019obtention de votre permis. FORMATION CODE DE LA ROUTE Test lors de s\u00e9ances de pr\u00e9paration \u00e0 ETG (s\u00e9rie de code) Participation \u00e0 des cours collectifs avec un formateur exp\u00e9riment\u00e9 (voir horaires d&#8217;ouvertures) Travail personnel \u00e0 la maison avec l\u2019aide du code en ligne et de votre livre de code (voir Tarifs\u2026\" \/>\n<meta property=\"og:url\" content=\"https:\/\/4lconduite.yt\/index.php\/traditionnelle\/\" \/>\n<meta property=\"og:site_name\" content=\"4LConduite\" \/>\n<meta property=\"article:modified_time\" content=\"2022-03-28T12:23:04+00:00\" \/>\n<meta property=\"og:image\" content=\"https:\/\/4lconduite.yt\/wp-content\/uploads\/2022\/03\/1-1-768x384.png\" \/>\n<meta name=\"twitter:card\" content=\"summary_large_image\" \/>\n<script type=\"application\/ld+json\" class=\"yoast-schema-graph\">{\"@context\":\"https:\/\/schema.org\",\"@graph\":[{\"@type\":\"WebSite\",\"@id\":\"https:\/\/4lconduite.yt\/#website\",\"url\":\"https:\/\/4lconduite.yt\/\",\"name\":\"4LConduite\",\"description\":\"Accompagnateur de votre r\\u00e9ussite\",\"potentialAction\":[{\"@type\":\"SearchAction\",\"target\":\"https:\/\/4lconduite.yt\/?s={search_term_string}\",\"query-input\":\"required name=search_term_string\"}],\"inLanguage\":\"fr-FR\"},{\"@type\":\"ImageObject\",\"@id\":\"https:\/\/4lconduite.yt\/index.php\/traditionnelle\/#primaryimage\",\"inLanguage\":\"fr-FR\",\"url\":\"https:\/\/4lconduite.yt\/wp-content\/uploads\/2022\/03\/1-1.png\",\"width\":6912,\"height\":3456},{\"@type\":\"WebPage\",\"@id\":\"https:\/\/4lconduite.yt\/index.php\/traditionnelle\/#webpage\",\"url\":\"https:\/\/4lconduite.yt\/index.php\/traditionnelle\/\",\"name\":\"Conduite Traditionnelle - 4LConduite\",\"isPartOf\":{\"@id\":\"https:\/\/4lconduite.yt\/#website\"},\"primaryImageOfPage\":{\"@id\":\"https:\/\/4lconduite.yt\/index.php\/traditionnelle\/#primaryimage\"},\"datePublished\":\"2019-07-05T17:57:57+00:00\",\"dateModified\":\"2022-03-28T12:23:04+00:00\",\"inLanguage\":\"fr-FR\",\"potentialAction\":[{\"@type\":\"ReadAction\",\"target\":[\"https:\/\/4lconduite.yt\/index.php\/traditionnelle\/\"]}]}]}<\/script>\n<!-- \/ Yoast SEO plugin. -->","_links":{"self":[{"href":"https:\/\/4lconduite.yt\/index.php\/wp-json\/wp\/v2\/pages\/396"}],"collection":[{"href":"https:\/\/4lconduite.yt\/index.php\/wp-json\/wp\/v2\/pages"}],"about":[{"href":"https:\/\/4lconduite.yt\/index.php\/wp-json\/wp\/v2\/types\/page"}],"author":[{"embeddable":true,"href":"https:\/\/4lconduite.yt\/index.php\/wp-json\/wp\/v2\/users\/1"}],"replies":[{"embeddable":true,"href":"https:\/\/4lconduite.yt\/index.php\/wp-json\/wp\/v2\/comments?post=396"}],"version-history":[{"count":38,"href":"https:\/\/4lconduite.yt\/index.php\/wp-json\/wp\/v2\/pages\/396\/revisions"}],"predecessor-version":[{"id":1632,"href":"https:\/\/4lconduite.yt\/index.php\/wp-json\/wp\/v2\/pages\/396\/revisions\/1632"}],"wp:attachment":[{"href":"https:\/\/4lconduite.yt\/index.php\/wp-json\/wp\/v2\/media?parent=396"}],"curies":[{"name":"wp","href":"https:\/\/api.w.org\/{rel}","templated":true}]}}