{"id":427,"date":"2019-07-05T21:46:24","date_gmt":"2019-07-05T18:46:24","guid":{"rendered":"https:\/\/4lconduite.yt\/?page_id=427"},"modified":"2025-04-08T09:25:18","modified_gmt":"2025-04-08T06:25:18","slug":"tarifs-code","status":"publish","type":"page","link":"https:\/\/4lconduite.yt\/index.php\/tarifs-code\/","title":{"rendered":"Tarifs Code"},"content":{"rendered":"\t\t<div data-elementor-type=\"wp-page\" data-elementor-id=\"427\" class=\"elementor elementor-427\" data-elementor-settings=\"[]\">\n\t\t\t\t\t\t<div class=\"elementor-inner\">\n\t\t\t\t\t\t\t<div class=\"elementor-section-wrap\">\n\t\t\t\t\t\t\t<section class=\"elementor-section elementor-top-section elementor-element elementor-element-fd6fd61 elementor-section-boxed elementor-section-height-default elementor-section-height-default\" data-id=\"fd6fd61\" data-element_type=\"section\">\n\t\t\t\t\t\t<div class=\"elementor-container elementor-column-gap-default\">\n\t\t\t\t\t\t\t<div class=\"elementor-row\">\n\t\t\t\t\t<div class=\"elementor-column elementor-col-25 elementor-top-column elementor-element elementor-element-f2e144d\" data-id=\"f2e144d\" data-element_type=\"column\">\n\t\t\t<div class=\"elementor-column-wrap elementor-element-populated\">\n\t\t\t\t\t\t\t<div class=\"elementor-widget-wrap\">\n\t\t\t\t\t\t<div class=\"elementor-element elementor-element-bf4b114 elementor-align-center elementor-widget elementor-widget-button\" data-id=\"bf4b114\" data-element_type=\"widget\" data-widget_type=\"button.default\">\n\t\t\t\t<div class=\"elementor-widget-container\">\n\t\t\t\t\t<div class=\"elementor-button-wrapper\">\n\t\t\t<a href=\"https:\/\/4lconduite.yt\/index.php\/formation-theorique-etg\/\" class=\"elementor-button-link elementor-button elementor-size-sm\" role=\"button\">\n\t\t\t\t\t\t<span class=\"elementor-button-content-wrapper\">\n\t\t\t\t\t\t<span class=\"elementor-button-text\">Formation Th\u00e9orique (ETG)<\/span>\n\t\t<\/span>\n\t\t\t\t\t<\/a>\n\t\t<\/div>\n\t\t\t\t<\/div>\n\t\t\t\t<\/div>\n\t\t\t\t\t\t<\/div>\n\t\t\t\t\t<\/div>\n\t\t<\/div>\n\t\t\t\t<div class=\"elementor-column elementor-col-25 elementor-top-column elementor-element elementor-element-cf64d14\" data-id=\"cf64d14\" data-element_type=\"column\">\n\t\t\t<div class=\"elementor-column-wrap elementor-element-populated\">\n\t\t\t\t\t\t\t<div class=\"elementor-widget-wrap\">\n\t\t\t\t\t\t<div class=\"elementor-element elementor-element-26868a9 elementor-align-center elementor-widget elementor-widget-button\" data-id=\"26868a9\" data-element_type=\"widget\" data-widget_type=\"button.default\">\n\t\t\t\t<div class=\"elementor-widget-container\">\n\t\t\t\t\t<div class=\"elementor-button-wrapper\">\n\t\t\t<a href=\"https:\/\/4lconduite.yt\/index.php\/programme-detaille-cours-theoriques\/\" class=\"elementor-button-link elementor-button elementor-size-sm\" role=\"button\">\n\t\t\t\t\t\t<span class=\"elementor-button-content-wrapper\">\n\t\t\t\t\t\t<span class=\"elementor-button-text\">Planning Cours Th\u00e9oriques<\/span>\n\t\t<\/span>\n\t\t\t\t\t<\/a>\n\t\t<\/div>\n\t\t\t\t<\/div>\n\t\t\t\t<\/div>\n\t\t\t\t\t\t<\/div>\n\t\t\t\t\t<\/div>\n\t\t<\/div>\n\t\t\t\t<div class=\"elementor-column elementor-col-25 elementor-top-column elementor-element elementor-element-29d196e\" data-id=\"29d196e\" data-element_type=\"column\">\n\t\t\t<div class=\"elementor-column-wrap elementor-element-populated\">\n\t\t\t\t\t\t\t<div class=\"elementor-widget-wrap\">\n\t\t\t\t\t\t<div class=\"elementor-element elementor-element-a429aec elementor-align-center elementor-widget elementor-widget-button\" data-id=\"a429aec\" data-element_type=\"widget\" data-widget_type=\"button.default\">\n\t\t\t\t<div class=\"elementor-widget-container\">\n\t\t\t\t\t<div class=\"elementor-button-wrapper\">\n\t\t\t<a href=\"https:\/\/4lconduite.yt\/index.php\/redevance\/\" class=\"elementor-button-link elementor-button elementor-size-sm\" role=\"button\">\n\t\t\t\t\t\t<span class=\"elementor-button-content-wrapper\">\n\t\t\t\t\t\t<span class=\"elementor-button-text\">Redevance<\/span>\n\t\t<\/span>\n\t\t\t\t\t<\/a>\n\t\t<\/div>\n\t\t\t\t<\/div>\n\t\t\t\t<\/div>\n\t\t\t\t\t\t<\/div>\n\t\t\t\t\t<\/div>\n\t\t<\/div>\n\t\t\t\t<div class=\"elementor-column elementor-col-25 elementor-top-column elementor-element elementor-element-66aa7d0\" data-id=\"66aa7d0\" data-element_type=\"column\">\n\t\t\t<div class=\"elementor-column-wrap elementor-element-populated\">\n\t\t\t\t\t\t\t<div class=\"elementor-widget-wrap\">\n\t\t\t\t\t\t<div class=\"elementor-element elementor-element-929fdce elementor-align-center elementor-widget elementor-widget-button\" data-id=\"929fdce\" data-element_type=\"widget\" data-widget_type=\"button.default\">\n\t\t\t\t<div class=\"elementor-widget-container\">\n\t\t\t\t\t<div class=\"elementor-button-wrapper\">\n\t\t\t<a href=\"https:\/\/4lconduite.yt\/index.php\/pieces-a-fournir\/\" class=\"elementor-button-link elementor-button elementor-size-sm\" role=\"button\">\n\t\t\t\t\t\t<span class=\"elementor-button-content-wrapper\">\n\t\t\t\t\t\t<span class=\"elementor-button-text\">Pi\u00e8ces \u00e0 Fournir<\/span>\n\t\t<\/span>\n\t\t\t\t\t<\/a>\n\t\t<\/div>\n\t\t\t\t<\/div>\n\t\t\t\t<\/div>\n\t\t\t\t\t\t<\/div>\n\t\t\t\t\t<\/div>\n\t\t<\/div>\n\t\t\t\t\t\t\t\t<\/div>\n\t\t\t\t\t<\/div>\n\t\t<\/section>\n\t\t\t\t<section class=\"elementor-section elementor-top-section elementor-element elementor-element-cd3e56d elementor-section-boxed elementor-section-height-default elementor-section-height-default\" data-id=\"cd3e56d\" data-element_type=\"section\">\n\t\t\t\t\t\t<div class=\"elementor-container elementor-column-gap-default\">\n\t\t\t\t\t\t\t<div class=\"elementor-row\">\n\t\t\t\t\t<div class=\"elementor-column elementor-col-100 elementor-top-column elementor-element elementor-element-57384df\" data-id=\"57384df\" data-element_type=\"column\">\n\t\t\t<div class=\"elementor-column-wrap elementor-element-populated\">\n\t\t\t\t\t\t\t<div class=\"elementor-widget-wrap\">\n\t\t\t\t\t\t<div class=\"elementor-element elementor-element-42be7f6 elementor-widget elementor-widget-accordion\" data-id=\"42be7f6\" data-element_type=\"widget\" data-widget_type=\"accordion.default\">\n\t\t\t\t<div class=\"elementor-widget-container\">\n\t\t\t\t\t<div class=\"elementor-accordion\" role=\"tablist\">\n\t\t\t\t\t\t\t<div class=\"elementor-accordion-item\">\n\t\t\t\t\t<div id=\"elementor-tab-title-6991\" class=\"elementor-tab-title\" data-tab=\"1\" role=\"tab\" aria-controls=\"elementor-tab-content-6991\">\n\t\t\t\t\t\t\t\t\t\t\t\t\t<span class=\"elementor-accordion-icon elementor-accordion-icon-left\" aria-hidden=\"true\">\n\t\t\t\t\t\t\t\t\t\t\t\t\t\t\t<span class=\"elementor-accordion-icon-closed\"><i class=\"fas fa-euro-sign\"><\/i><\/span>\n\t\t\t\t\t\t\t\t<span class=\"elementor-accordion-icon-opened\"><i class=\"fas fa-euro-sign\"><\/i><\/span>\n\t\t\t\t\t\t\t\t\t\t\t\t\t\t<\/span>\n\t\t\t\t\t\t\t\t\t\t\t\t<a class=\"elementor-accordion-title\" href=\"\">Formule Code (8mois) : 324\u20ac<\/a>\n\t\t\t\t\t<\/div>\n\t\t\t\t\t<div id=\"elementor-tab-content-6991\" class=\"elementor-tab-content elementor-clearfix\" data-tab=\"1\" role=\"tabpanel\" aria-labelledby=\"elementor-tab-title-6991\"><table width=\"661\"><tbody><tr><td width=\"661\"><p><strong>Constitution de dossier<\/strong><\/p><\/td><\/tr><tr><td width=\"661\"><p><strong>Formations Code<\/strong><\/p><\/td><\/tr><tr><td width=\"661\"><p><strong>Code en ligne<\/strong><\/p><\/td><\/tr><tr><td width=\"661\"><p><strong>Carnet de r\u00e9ponse<\/strong><\/p><\/td><\/tr><tr><td width=\"661\"><p><strong>Evaluation de d\u00e9part<\/strong><\/p><\/td><\/tr><tr><td width=\"661\"><p><strong>Redevance ETG<\/strong><\/p><\/td><\/tr><\/tbody><\/table><\/div>\n\t\t\t\t<\/div>\n\t\t\t\t\t\t\t<div class=\"elementor-accordion-item\">\n\t\t\t\t\t<div id=\"elementor-tab-title-6992\" class=\"elementor-tab-title\" data-tab=\"2\" role=\"tab\" aria-controls=\"elementor-tab-content-6992\">\n\t\t\t\t\t\t\t\t\t\t\t\t\t<span class=\"elementor-accordion-icon elementor-accordion-icon-left\" aria-hidden=\"true\">\n\t\t\t\t\t\t\t\t\t\t\t\t\t\t\t<span class=\"elementor-accordion-icon-closed\"><i class=\"fas fa-euro-sign\"><\/i><\/span>\n\t\t\t\t\t\t\t\t<span class=\"elementor-accordion-icon-opened\"><i class=\"fas fa-euro-sign\"><\/i><\/span>\n\t\t\t\t\t\t\t\t\t\t\t\t\t\t<\/span>\n\t\t\t\t\t\t\t\t\t\t\t\t<a class=\"elementor-accordion-title\" href=\"\">Formule Code - Avec Dossier (8mois) : 239\u20ac<\/a>\n\t\t\t\t\t<\/div>\n\t\t\t\t\t<div id=\"elementor-tab-content-6992\" class=\"elementor-tab-content elementor-clearfix\" data-tab=\"2\" role=\"tabpanel\" aria-labelledby=\"elementor-tab-title-6992\"><table width=\"661\"><tbody><tr><td width=\"661\"><p><strong>Formation <\/strong><\/p><\/td><\/tr><tr><td width=\"661\"><p><strong>Code en ligne<\/strong><\/p><\/td><\/tr><tr><td width=\"661\"><p><strong>Carnet de r\u00e9ponses<\/strong><\/p><\/td><\/tr><tr><td width=\"661\"><p><strong>Evaluation de d\u00e9part<\/strong><\/p><\/td><\/tr><tr><td width=\"661\"><p><strong>Redevance <\/strong><\/p><\/td><\/tr><\/tbody><\/table><\/div>\n\t\t\t\t<\/div>\n\t\t\t\t\t\t\t<div class=\"elementor-accordion-item\">\n\t\t\t\t\t<div id=\"elementor-tab-title-6993\" class=\"elementor-tab-title\" data-tab=\"3\" role=\"tab\" aria-controls=\"elementor-tab-content-6993\">\n\t\t\t\t\t\t\t\t\t\t\t\t\t<span class=\"elementor-accordion-icon elementor-accordion-icon-left\" aria-hidden=\"true\">\n\t\t\t\t\t\t\t\t\t\t\t\t\t\t\t<span class=\"elementor-accordion-icon-closed\"><i class=\"fas fa-euro-sign\"><\/i><\/span>\n\t\t\t\t\t\t\t\t<span class=\"elementor-accordion-icon-opened\"><i class=\"fas fa-euro-sign\"><\/i><\/span>\n\t\t\t\t\t\t\t\t\t\t\t\t\t\t<\/span>\n\t\t\t\t\t\t\t\t\t\t\t\t<a class=\"elementor-accordion-title\" href=\"\">Formule Code - Etudiant (8mois) : 250\u20ac<\/a>\n\t\t\t\t\t<\/div>\n\t\t\t\t\t<div id=\"elementor-tab-content-6993\" class=\"elementor-tab-content elementor-clearfix\" data-tab=\"3\" role=\"tabpanel\" aria-labelledby=\"elementor-tab-title-6993\"><table width=\"661\"><tbody><tr><td width=\"661\"><p><strong>Constitution de dossier<\/strong><\/p><\/td><\/tr><tr><td width=\"661\"><p><strong>Formations Code<\/strong><\/p><\/td><\/tr><tr><td width=\"661\"><p><strong>Code en ligne<\/strong><\/p><\/td><\/tr><tr><td width=\"661\"><p><strong>Carnet de r\u00e9ponse<\/strong><\/p><\/td><\/tr><tr><td width=\"661\"><p><strong>Evaluation de d\u00e9part<\/strong><\/p><\/td><\/tr><tr><td width=\"661\"><p><strong>Redevance ETG<\/strong><\/p><\/td><\/tr><\/tbody><\/table><\/div>\n\t\t\t\t<\/div>\n\t\t\t\t\t\t\t<div class=\"elementor-accordion-item\">\n\t\t\t\t\t<div id=\"elementor-tab-title-6994\" class=\"elementor-tab-title\" data-tab=\"4\" role=\"tab\" aria-controls=\"elementor-tab-content-6994\">\n\t\t\t\t\t\t\t\t\t\t\t\t\t<span class=\"elementor-accordion-icon elementor-accordion-icon-left\" aria-hidden=\"true\">\n\t\t\t\t\t\t\t\t\t\t\t\t\t\t\t<span class=\"elementor-accordion-icon-closed\"><i class=\"fas fa-euro-sign\"><\/i><\/span>\n\t\t\t\t\t\t\t\t<span class=\"elementor-accordion-icon-opened\"><i class=\"fas fa-euro-sign\"><\/i><\/span>\n\t\t\t\t\t\t\t\t\t\t\t\t\t\t<\/span>\n\t\t\t\t\t\t\t\t\t\t\t\t<a class=\"elementor-accordion-title\" href=\"\">Prestations Suppl\u00e9mentaires<\/a>\n\t\t\t\t\t<\/div>\n\t\t\t\t\t<div id=\"elementor-tab-content-6994\" class=\"elementor-tab-content elementor-clearfix\" data-tab=\"4\" role=\"tabpanel\" aria-labelledby=\"elementor-tab-title-6994\"><table width=\"657\"><tbody><tr><td width=\"328\"><p><strong>Livret code <\/strong><\/p><\/td><td width=\"328\"><p><strong>15 \u20ac<\/strong><\/p><\/td><\/tr><tr><td width=\"328\"><p><strong>Carnet de r\u00e9ponses<\/strong><\/p><\/td><td width=\"328\"><p><strong>5 \u20ac<\/strong><\/p><\/td><\/tr><tr><td width=\"328\"><p><strong>Code en ligne<\/strong><\/p><\/td><td width=\"328\"><p><strong>20 \u20ac<\/strong><\/p><\/td><\/tr><tr><td width=\"328\"><p><strong>2<sup>\u00e8me<\/sup>\u00a0pr\u00e9sentation th\u00e9orique<\/strong><\/p><\/td><td width=\"328\"><p><strong>30 \u20ac<\/strong><\/p><\/td><\/tr><tr><td width=\"328\"><p><strong>Redevance <\/strong><\/p><\/td><td width=\"328\"><p><strong>30 \u20ac<\/strong><\/p><\/td><\/tr><\/tbody><\/table><\/div>\n\t\t\t\t<\/div>\n\t\t\t\t\t<\/div>\n\t\t\t\t<\/div>\n\t\t\t\t<\/div>\n\t\t\t\t\t\t<\/div>\n\t\t\t\t\t<\/div>\n\t\t<\/div>\n\t\t\t\t\t\t\t\t<\/div>\n\t\t\t\t\t<\/div>\n\t\t<\/section>\n\t\t\t\t<section class=\"elementor-section elementor-top-section elementor-element elementor-element-7832933 elementor-section-boxed elementor-section-height-default elementor-section-height-default\" data-id=\"7832933\" data-element_type=\"section\">\n\t\t\t\t\t\t<div class=\"elementor-container elementor-column-gap-default\">\n\t\t\t\t\t\t\t<div class=\"elementor-row\">\n\t\t\t\t\t<div class=\"elementor-column elementor-col-100 elementor-top-column elementor-element elementor-element-2985d04\" data-id=\"2985d04\" data-element_type=\"column\">\n\t\t\t<div class=\"elementor-column-wrap elementor-element-populated\">\n\t\t\t\t\t\t\t<div class=\"elementor-widget-wrap\">\n\t\t\t\t\t\t<div class=\"elementor-element elementor-element-40cdd05 elementor-widget elementor-widget-image\" data-id=\"40cdd05\" data-element_type=\"widget\" data-widget_type=\"image.default\">\n\t\t\t\t<div class=\"elementor-widget-container\">\n\t\t\t\t\t<div class=\"elementor-image\">\n\t\t\t\t\t\t\t\t\t\t<img width=\"768\" height=\"384\" src=\"https:\/\/4lconduite.yt\/wp-content\/uploads\/2022\/03\/1-1-768x384.png\" class=\"attachment-medium_large size-medium_large\" alt=\"\" loading=\"lazy\" srcset=\"https:\/\/4lconduite.yt\/wp-content\/uploads\/2022\/03\/1-1-768x384.png 768w, https:\/\/4lconduite.yt\/wp-content\/uploads\/2022\/03\/1-1-300x150.png 300w, https:\/\/4lconduite.yt\/wp-content\/uploads\/2022\/03\/1-1-1024x512.png 1024w, https:\/\/4lconduite.yt\/wp-content\/uploads\/2022\/03\/1-1-1536x768.png 1536w, https:\/\/4lconduite.yt\/wp-content\/uploads\/2022\/03\/1-1-2048x1024.png 2048w\" sizes=\"(max-width: 768px) 100vw, 768px\" \/>\t\t\t\t\t\t\t\t\t\t\t<\/div>\n\t\t\t\t<\/div>\n\t\t\t\t<\/div>\n\t\t\t\t\t\t<\/div>\n\t\t\t\t\t<\/div>\n\t\t<\/div>\n\t\t\t\t\t\t\t\t<\/div>\n\t\t\t\t\t<\/div>\n\t\t<\/section>\n\t\t\t\t\t\t<\/div>\n\t\t\t\t\t\t<\/div>\n\t\t\t\t\t<\/div>\n\t\t","protected":false},"excerpt":{"rendered":"<p>Formation Th\u00e9orique (ETG) Planning Cours Th\u00e9oriques Redevance Pi\u00e8ces \u00e0 Fournir Formule Code (8mois) : 324\u20ac Constitution de dossier Formations Code Code en ligne Carnet de r\u00e9ponse Evaluation de d\u00e9part Redevance ETG Formule Code &#8211; Avec Dossier (8mois) : 239\u20ac Formation Code en ligne Carnet de r\u00e9ponses Evaluation de d\u00e9part Redevance Formule Code &#8211; Etudiant (8mois) : 250\u20ac Constitution de dossier Formations Code Code en ligne Carnet de r\u00e9ponse Evaluation de d\u00e9part Redevance ETG Prestations Suppl\u00e9mentaires Livret code 15 \u20ac Carnet de r\u00e9ponses 5 \u20ac Code en ligne 20 \u20ac 2\u00e8me\u00a0pr\u00e9sentation th\u00e9orique 30 \u20ac Redevance 30 \u20ac<\/p>\n","protected":false},"author":1,"featured_media":0,"parent":0,"menu_order":0,"comment_status":"closed","ping_status":"closed","template":"","meta":[],"blocksy_meta":{"styles_descriptor":{"styles":{"desktop":"","tablet":"","mobile":""},"google_fonts":[],"version":4}},"yoast_head":"<!-- This site is optimized with the Yoast SEO plugin v15.0 - https:\/\/yoast.com\/wordpress\/plugins\/seo\/ -->\n<title>Tarifs Code - 4LConduite<\/title>\n<meta name=\"robots\" content=\"index, follow, max-snippet:-1, max-image-preview:large, max-video-preview:-1\" \/>\n<link rel=\"canonical\" href=\"https:\/\/4lconduite.yt\/index.php\/tarifs-code\/\" \/>\n<meta property=\"og:locale\" content=\"fr_FR\" \/>\n<meta property=\"og:type\" content=\"article\" \/>\n<meta property=\"og:title\" content=\"Tarifs Code - 4LConduite\" \/>\n<meta property=\"og:description\" content=\"Formation Th\u00e9orique (ETG) Planning Cours Th\u00e9oriques Redevance Pi\u00e8ces \u00e0 Fournir Formule Code (8mois) : 324\u20ac Constitution de dossier Formations Code Code en ligne Carnet de r\u00e9ponse Evaluation de d\u00e9part Redevance ETG Formule Code &#8211; Avec Dossier (8mois) : 239\u20ac Formation Code en ligne Carnet de r\u00e9ponses Evaluation de d\u00e9part Redevance Formule Code &#8211; Etudiant (8mois) : 250\u20ac Constitution de dossier Formations Code Code en ligne Carnet de r\u00e9ponse Evaluation de d\u00e9part Redevance ETG Prestations Suppl\u00e9mentaires Livret code 15 \u20ac Carnet de r\u00e9ponses 5 \u20ac Code en ligne 20 \u20ac 2\u00e8me\u00a0pr\u00e9sentation th\u00e9orique 30 \u20ac Redevance 30 \u20ac\" \/>\n<meta property=\"og:url\" content=\"https:\/\/4lconduite.yt\/index.php\/tarifs-code\/\" \/>\n<meta property=\"og:site_name\" content=\"4LConduite\" \/>\n<meta property=\"article:modified_time\" content=\"2025-04-08T06:25:18+00:00\" \/>\n<meta property=\"og:image\" content=\"https:\/\/4lconduite.yt\/wp-content\/uploads\/2022\/03\/1-1-768x384.png\" \/>\n<meta name=\"twitter:card\" content=\"summary_large_image\" \/>\n<script type=\"application\/ld+json\" class=\"yoast-schema-graph\">{\"@context\":\"https:\/\/schema.org\",\"@graph\":[{\"@type\":\"WebSite\",\"@id\":\"https:\/\/4lconduite.yt\/#website\",\"url\":\"https:\/\/4lconduite.yt\/\",\"name\":\"4LConduite\",\"description\":\"Accompagnateur de votre r\\u00e9ussite\",\"potentialAction\":[{\"@type\":\"SearchAction\",\"target\":\"https:\/\/4lconduite.yt\/?s={search_term_string}\",\"query-input\":\"required name=search_term_string\"}],\"inLanguage\":\"fr-FR\"},{\"@type\":\"ImageObject\",\"@id\":\"https:\/\/4lconduite.yt\/index.php\/tarifs-code\/#primaryimage\",\"inLanguage\":\"fr-FR\",\"url\":\"https:\/\/4lconduite.yt\/wp-content\/uploads\/2022\/03\/1-1.png\",\"width\":6912,\"height\":3456},{\"@type\":\"WebPage\",\"@id\":\"https:\/\/4lconduite.yt\/index.php\/tarifs-code\/#webpage\",\"url\":\"https:\/\/4lconduite.yt\/index.php\/tarifs-code\/\",\"name\":\"Tarifs Code - 4LConduite\",\"isPartOf\":{\"@id\":\"https:\/\/4lconduite.yt\/#website\"},\"primaryImageOfPage\":{\"@id\":\"https:\/\/4lconduite.yt\/index.php\/tarifs-code\/#primaryimage\"},\"datePublished\":\"2019-07-05T18:46:24+00:00\",\"dateModified\":\"2025-04-08T06:25:18+00:00\",\"inLanguage\":\"fr-FR\",\"potentialAction\":[{\"@type\":\"ReadAction\",\"target\":[\"https:\/\/4lconduite.yt\/index.php\/tarifs-code\/\"]}]}]}<\/script>\n<!-- \/ Yoast SEO plugin. -->","_links":{"self":[{"href":"https:\/\/4lconduite.yt\/index.php\/wp-json\/wp\/v2\/pages\/427"}],"collection":[{"href":"https:\/\/4lconduite.yt\/index.php\/wp-json\/wp\/v2\/pages"}],"about":[{"href":"https:\/\/4lconduite.yt\/index.php\/wp-json\/wp\/v2\/types\/page"}],"author":[{"embeddable":true,"href":"https:\/\/4lconduite.yt\/index.php\/wp-json\/wp\/v2\/users\/1"}],"replies":[{"embeddable":true,"href":"https:\/\/4lconduite.yt\/index.php\/wp-json\/wp\/v2\/comments?post=427"}],"version-history":[{"count":43,"href":"https:\/\/4lconduite.yt\/index.php\/wp-json\/wp\/v2\/pages\/427\/revisions"}],"predecessor-version":[{"id":1953,"href":"https:\/\/4lconduite.yt\/index.php\/wp-json\/wp\/v2\/pages\/427\/revisions\/1953"}],"wp:attachment":[{"href":"https:\/\/4lconduite.yt\/index.php\/wp-json\/wp\/v2\/media?parent=427"}],"curies":[{"name":"wp","href":"https:\/\/api.w.org\/{rel}","templated":true}]}}