{"id":442,"date":"2019-07-05T23:35:00","date_gmt":"2019-07-05T21:35:00","guid":{"rendered":"https:\/\/4lconduite.yt\/?page_id=442"},"modified":"2025-04-08T10:24:21","modified_gmt":"2025-04-08T07:24:21","slug":"pieces-a-fournir","status":"publish","type":"page","link":"https:\/\/4lconduite.yt\/index.php\/pieces-a-fournir\/","title":{"rendered":"Pi\u00e8ces \u00e0 fournir"},"content":{"rendered":"\t\t<div data-elementor-type=\"wp-page\" data-elementor-id=\"442\" class=\"elementor elementor-442\" data-elementor-settings=\"[]\">\n\t\t\t\t\t\t<div class=\"elementor-inner\">\n\t\t\t\t\t\t\t<div class=\"elementor-section-wrap\">\n\t\t\t\t\t\t\t<section class=\"elementor-section elementor-top-section elementor-element elementor-element-b360ef6 elementor-section-boxed elementor-section-height-default elementor-section-height-default elementor-invisible\" data-id=\"b360ef6\" data-element_type=\"section\" data-settings=\"{&quot;animation&quot;:&quot;fadeIn&quot;}\">\n\t\t\t\t\t\t<div class=\"elementor-container elementor-column-gap-default\">\n\t\t\t\t\t\t\t<div class=\"elementor-row\">\n\t\t\t\t\t<div class=\"elementor-column elementor-col-100 elementor-top-column elementor-element elementor-element-07535de\" data-id=\"07535de\" data-element_type=\"column\">\n\t\t\t<div class=\"elementor-column-wrap elementor-element-populated\">\n\t\t\t\t\t\t\t<div class=\"elementor-widget-wrap\">\n\t\t\t\t\t\t<div class=\"elementor-element elementor-element-b5a5631 elementor-tabs-view-horizontal elementor-widget elementor-widget-tabs\" data-id=\"b5a5631\" data-element_type=\"widget\" data-widget_type=\"tabs.default\">\n\t\t\t\t<div class=\"elementor-widget-container\">\n\t\t\t\t\t<div class=\"elementor-tabs\" role=\"tablist\">\n\t\t\t<div class=\"elementor-tabs-wrapper\">\n\t\t\t\t\t\t\t\t\t<div id=\"elementor-tab-title-1901\" class=\"elementor-tab-title elementor-tab-desktop-title\" data-tab=\"1\" role=\"tab\" aria-controls=\"elementor-tab-content-1901\"><a href=\"\">PIECES A FOURNIR<\/a><\/div>\n\t\t\t\t\t\t\t\t\t<div id=\"elementor-tab-title-1902\" class=\"elementor-tab-title elementor-tab-desktop-title\" data-tab=\"2\" role=\"tab\" aria-controls=\"elementor-tab-content-1902\"><a href=\"\">PERFECTIONNEMENT PERMIS B<\/a><\/div>\n\t\t\t\t\t\t\t<\/div>\n\t\t\t<div class=\"elementor-tabs-content-wrapper\">\n\t\t\t\t\t\t\t\t\t<div class=\"elementor-tab-title elementor-tab-mobile-title\" data-tab=\"1\" role=\"tab\">PIECES A FOURNIR<\/div>\n\t\t\t\t\t<div id=\"elementor-tab-content-1901\" class=\"elementor-tab-content elementor-clearfix\" data-tab=\"1\" role=\"tabpanel\" aria-labelledby=\"elementor-tab-title-1901\"><p>\u00a0<\/p><table width=\"658\"><tbody><tr><td width=\"658\"><p>Photo d&#8217;identit\u00e9 num\u00e9rique<\/p><\/td><\/tr><tr><td width=\"658\"><p>Carte d&#8217;identit\u00e9 \/ sejour ou passeport valide\u00a0<\/p><\/td><\/tr><tr><td width=\"658\"><p>Justificatif de domicile<\/p><ul><li style=\"list-style-type: none;\"><ul><li>Avis d&#8217;imposition<\/li><li>Facture de &#8211; 6mois ( fixe ou mobile, eau et \u00e9lectricit\u00e9)<\/li><\/ul><\/li><\/ul><\/td><\/tr><tr><td width=\"658\"><p>Attestation d&#8217;hebergement + CNI* ou carte de sejour de l&#8217;hebergeur + justificatif de domicile<\/p><p>*Carte Nationale d\u2019Identit\u00e9<\/p><\/td><\/tr><tr><td width=\"658\"><p>ASSR1 ET ASSR2 (moins de 21ans)<\/p><\/td><\/tr><tr><td width=\"658\"><p>ATTESTATION DE RECENSEMENT (\u00e0 16ans)<\/p><\/td><\/tr><tr><td width=\"658\"><p>J.D.C** (16 \u00e0 25 ans)<\/p><p>**Journ\u00e9e D\u00e9fense et Citoyennet\u00e9<\/p><\/td><\/tr><\/tbody><\/table><\/div>\n\t\t\t\t\t\t\t\t\t<div class=\"elementor-tab-title elementor-tab-mobile-title\" data-tab=\"2\" role=\"tab\">PERFECTIONNEMENT PERMIS B<\/div>\n\t\t\t\t\t<div id=\"elementor-tab-content-1902\" class=\"elementor-tab-content elementor-clearfix\" data-tab=\"2\" role=\"tabpanel\" aria-labelledby=\"elementor-tab-title-1902\"><table width=\"658\"><tbody><tr><td width=\"658\"><p>Permis de Conduire B<\/p><\/td><\/tr><\/tbody><\/table><\/div>\n\t\t\t\t\t\t\t<\/div>\n\t\t<\/div>\n\t\t\t\t<\/div>\n\t\t\t\t<\/div>\n\t\t\t\t\t\t<\/div>\n\t\t\t\t\t<\/div>\n\t\t<\/div>\n\t\t\t\t\t\t\t\t<\/div>\n\t\t\t\t\t<\/div>\n\t\t<\/section>\n\t\t\t\t<section class=\"elementor-section elementor-top-section elementor-element elementor-element-4ed1d32 elementor-section-boxed elementor-section-height-default elementor-section-height-default\" data-id=\"4ed1d32\" data-element_type=\"section\">\n\t\t\t\t\t\t<div class=\"elementor-container elementor-column-gap-default\">\n\t\t\t\t\t\t\t<div class=\"elementor-row\">\n\t\t\t\t\t<div class=\"elementor-column elementor-col-100 elementor-top-column elementor-element elementor-element-109578d\" data-id=\"109578d\" data-element_type=\"column\">\n\t\t\t<div class=\"elementor-column-wrap elementor-element-populated\">\n\t\t\t\t\t\t\t<div class=\"elementor-widget-wrap\">\n\t\t\t\t\t\t<div class=\"elementor-element elementor-element-5271967 elementor-widget elementor-widget-image\" data-id=\"5271967\" data-element_type=\"widget\" data-widget_type=\"image.default\">\n\t\t\t\t<div class=\"elementor-widget-container\">\n\t\t\t\t\t<div class=\"elementor-image\">\n\t\t\t\t\t\t\t\t\t\t<img width=\"768\" height=\"384\" src=\"https:\/\/4lconduite.yt\/wp-content\/uploads\/2022\/03\/1-1-768x384.png\" class=\"attachment-medium_large size-medium_large\" alt=\"\" loading=\"lazy\" srcset=\"https:\/\/4lconduite.yt\/wp-content\/uploads\/2022\/03\/1-1-768x384.png 768w, https:\/\/4lconduite.yt\/wp-content\/uploads\/2022\/03\/1-1-300x150.png 300w, https:\/\/4lconduite.yt\/wp-content\/uploads\/2022\/03\/1-1-1024x512.png 1024w, https:\/\/4lconduite.yt\/wp-content\/uploads\/2022\/03\/1-1-1536x768.png 1536w, https:\/\/4lconduite.yt\/wp-content\/uploads\/2022\/03\/1-1-2048x1024.png 2048w\" sizes=\"(max-width: 768px) 100vw, 768px\" \/>\t\t\t\t\t\t\t\t\t\t\t<\/div>\n\t\t\t\t<\/div>\n\t\t\t\t<\/div>\n\t\t\t\t\t\t<\/div>\n\t\t\t\t\t<\/div>\n\t\t<\/div>\n\t\t\t\t\t\t\t\t<\/div>\n\t\t\t\t\t<\/div>\n\t\t<\/section>\n\t\t\t\t\t\t<\/div>\n\t\t\t\t\t\t<\/div>\n\t\t\t\t\t<\/div>\n\t\t","protected":false},"excerpt":{"rendered":"<p>PIECES A FOURNIR PERFECTIONNEMENT PERMIS B PIECES A FOURNIR \u00a0 Photo d&#8217;identit\u00e9 num\u00e9rique Carte d&#8217;identit\u00e9 \/ sejour ou passeport valide\u00a0 Justificatif de domicile Avis d&#8217;imposition Facture de &#8211; 6mois ( fixe ou mobile, eau et \u00e9lectricit\u00e9) Attestation d&#8217;hebergement + CNI* ou carte de sejour de l&#8217;hebergeur + justificatif de domicile *Carte Nationale d\u2019Identit\u00e9 ASSR1 ET ASSR2 (moins de 21ans) ATTESTATION DE RECENSEMENT (\u00e0 16ans) J.D.C** (16 \u00e0 25 ans) **Journ\u00e9e D\u00e9fense et Citoyennet\u00e9 PERFECTIONNEMENT PERMIS B Permis de Conduire B<\/p>\n","protected":false},"author":1,"featured_media":0,"parent":0,"menu_order":0,"comment_status":"closed","ping_status":"closed","template":"","meta":[],"blocksy_meta":{"styles_descriptor":{"styles":{"desktop":"","tablet":"","mobile":""},"google_fonts":[],"version":4}},"yoast_head":"<!-- This site is optimized with the Yoast SEO plugin v15.0 - https:\/\/yoast.com\/wordpress\/plugins\/seo\/ -->\n<title>Pi\u00e8ces \u00e0 fournir - 4LConduite<\/title>\n<meta name=\"robots\" content=\"index, follow, max-snippet:-1, max-image-preview:large, max-video-preview:-1\" \/>\n<link rel=\"canonical\" href=\"https:\/\/4lconduite.yt\/index.php\/pieces-a-fournir\/\" \/>\n<meta property=\"og:locale\" content=\"fr_FR\" \/>\n<meta property=\"og:type\" content=\"article\" \/>\n<meta property=\"og:title\" content=\"Pi\u00e8ces \u00e0 fournir - 4LConduite\" \/>\n<meta property=\"og:description\" content=\"PIECES A FOURNIR PERFECTIONNEMENT PERMIS B PIECES A FOURNIR \u00a0 Photo d&#8217;identit\u00e9 num\u00e9rique Carte d&#8217;identit\u00e9 \/ sejour ou passeport valide\u00a0 Justificatif de domicile Avis d&#8217;imposition Facture de &#8211; 6mois ( fixe ou mobile, eau et \u00e9lectricit\u00e9) Attestation d&#8217;hebergement + CNI* ou carte de sejour de l&#8217;hebergeur + justificatif de domicile *Carte Nationale d\u2019Identit\u00e9 ASSR1 ET ASSR2 (moins de 21ans) ATTESTATION DE RECENSEMENT (\u00e0 16ans) J.D.C** (16 \u00e0 25 ans) **Journ\u00e9e D\u00e9fense et Citoyennet\u00e9 PERFECTIONNEMENT PERMIS B Permis de Conduire B\" \/>\n<meta property=\"og:url\" content=\"https:\/\/4lconduite.yt\/index.php\/pieces-a-fournir\/\" \/>\n<meta property=\"og:site_name\" content=\"4LConduite\" \/>\n<meta property=\"article:modified_time\" content=\"2025-04-08T07:24:21+00:00\" \/>\n<meta property=\"og:image\" content=\"https:\/\/4lconduite.yt\/wp-content\/uploads\/2022\/03\/1-1-768x384.png\" \/>\n<meta name=\"twitter:card\" content=\"summary_large_image\" \/>\n<script type=\"application\/ld+json\" class=\"yoast-schema-graph\">{\"@context\":\"https:\/\/schema.org\",\"@graph\":[{\"@type\":\"WebSite\",\"@id\":\"https:\/\/4lconduite.yt\/#website\",\"url\":\"https:\/\/4lconduite.yt\/\",\"name\":\"4LConduite\",\"description\":\"Accompagnateur de votre r\\u00e9ussite\",\"potentialAction\":[{\"@type\":\"SearchAction\",\"target\":\"https:\/\/4lconduite.yt\/?s={search_term_string}\",\"query-input\":\"required name=search_term_string\"}],\"inLanguage\":\"fr-FR\"},{\"@type\":\"ImageObject\",\"@id\":\"https:\/\/4lconduite.yt\/index.php\/pieces-a-fournir\/#primaryimage\",\"inLanguage\":\"fr-FR\",\"url\":\"https:\/\/4lconduite.yt\/wp-content\/uploads\/2022\/03\/1-1.png\",\"width\":6912,\"height\":3456},{\"@type\":\"WebPage\",\"@id\":\"https:\/\/4lconduite.yt\/index.php\/pieces-a-fournir\/#webpage\",\"url\":\"https:\/\/4lconduite.yt\/index.php\/pieces-a-fournir\/\",\"name\":\"Pi\\u00e8ces \\u00e0 fournir - 4LConduite\",\"isPartOf\":{\"@id\":\"https:\/\/4lconduite.yt\/#website\"},\"primaryImageOfPage\":{\"@id\":\"https:\/\/4lconduite.yt\/index.php\/pieces-a-fournir\/#primaryimage\"},\"datePublished\":\"2019-07-05T21:35:00+00:00\",\"dateModified\":\"2025-04-08T07:24:21+00:00\",\"inLanguage\":\"fr-FR\",\"potentialAction\":[{\"@type\":\"ReadAction\",\"target\":[\"https:\/\/4lconduite.yt\/index.php\/pieces-a-fournir\/\"]}]}]}<\/script>\n<!-- \/ Yoast SEO plugin. -->","_links":{"self":[{"href":"https:\/\/4lconduite.yt\/index.php\/wp-json\/wp\/v2\/pages\/442"}],"collection":[{"href":"https:\/\/4lconduite.yt\/index.php\/wp-json\/wp\/v2\/pages"}],"about":[{"href":"https:\/\/4lconduite.yt\/index.php\/wp-json\/wp\/v2\/types\/page"}],"author":[{"embeddable":true,"href":"https:\/\/4lconduite.yt\/index.php\/wp-json\/wp\/v2\/users\/1"}],"replies":[{"embeddable":true,"href":"https:\/\/4lconduite.yt\/index.php\/wp-json\/wp\/v2\/comments?post=442"}],"version-history":[{"count":14,"href":"https:\/\/4lconduite.yt\/index.php\/wp-json\/wp\/v2\/pages\/442\/revisions"}],"predecessor-version":[{"id":1958,"href":"https:\/\/4lconduite.yt\/index.php\/wp-json\/wp\/v2\/pages\/442\/revisions\/1958"}],"wp:attachment":[{"href":"https:\/\/4lconduite.yt\/index.php\/wp-json\/wp\/v2\/media?parent=442"}],"curies":[{"name":"wp","href":"https:\/\/api.w.org\/{rel}","templated":true}]}}