{"id":448,"date":"2019-07-05T23:44:41","date_gmt":"2019-07-05T21:44:41","guid":{"rendered":"https:\/\/4lconduite.yt\/?page_id=448"},"modified":"2022-03-28T15:42:43","modified_gmt":"2022-03-28T12:42:43","slug":"permis-a-1e","status":"publish","type":"page","link":"https:\/\/4lconduite.yt\/index.php\/permis-a-1e\/","title":{"rendered":"Permis \u00e0 1\u20ac"},"content":{"rendered":"\t\t<div data-elementor-type=\"wp-page\" data-elementor-id=\"448\" class=\"elementor elementor-448\" data-elementor-settings=\"[]\">\n\t\t\t\t\t\t<div class=\"elementor-inner\">\n\t\t\t\t\t\t\t<div class=\"elementor-section-wrap\">\n\t\t\t\t\t\t\t<section class=\"elementor-section elementor-top-section elementor-element elementor-element-9f2d8bc elementor-section-boxed elementor-section-height-default elementor-section-height-default\" data-id=\"9f2d8bc\" data-element_type=\"section\">\n\t\t\t\t\t\t<div class=\"elementor-container elementor-column-gap-default\">\n\t\t\t\t\t\t\t<div class=\"elementor-row\">\n\t\t\t\t\t<div class=\"elementor-column elementor-col-20 elementor-top-column elementor-element elementor-element-cca96db\" data-id=\"cca96db\" data-element_type=\"column\">\n\t\t\t<div class=\"elementor-column-wrap elementor-element-populated\">\n\t\t\t\t\t\t\t<div class=\"elementor-widget-wrap\">\n\t\t\t\t\t\t<div class=\"elementor-element elementor-element-9982894 elementor-align-center elementor-widget elementor-widget-button\" data-id=\"9982894\" data-element_type=\"widget\" data-widget_type=\"button.default\">\n\t\t\t\t<div class=\"elementor-widget-container\">\n\t\t\t\t\t<div class=\"elementor-button-wrapper\">\n\t\t\t<a href=\"https:\/\/4lconduite.yt\/index.php\/modalites-permis-a-1e\/\" class=\"elementor-button-link elementor-button elementor-size-sm\" role=\"button\">\n\t\t\t\t\t\t<span class=\"elementor-button-content-wrapper\">\n\t\t\t\t\t\t<span class=\"elementor-button-text\">Modalit\u00e9s Permis \u00e0 1\u20ac<\/span>\n\t\t<\/span>\n\t\t\t\t\t<\/a>\n\t\t<\/div>\n\t\t\t\t<\/div>\n\t\t\t\t<\/div>\n\t\t\t\t\t\t<\/div>\n\t\t\t\t\t<\/div>\n\t\t<\/div>\n\t\t\t\t<div class=\"elementor-column elementor-col-20 elementor-top-column elementor-element elementor-element-6d5436a\" data-id=\"6d5436a\" data-element_type=\"column\">\n\t\t\t<div class=\"elementor-column-wrap elementor-element-populated\">\n\t\t\t\t\t\t\t<div class=\"elementor-widget-wrap\">\n\t\t\t\t\t\t<div class=\"elementor-element elementor-element-9e972bc elementor-align-center elementor-widget elementor-widget-button\" data-id=\"9e972bc\" data-element_type=\"widget\" data-widget_type=\"button.default\">\n\t\t\t\t<div class=\"elementor-widget-container\">\n\t\t\t\t\t<div class=\"elementor-button-wrapper\">\n\t\t\t<a href=\"https:\/\/4lconduite.yt\/index.php\/formation-theorique-etg\/\" class=\"elementor-button-link elementor-button elementor-size-sm\" role=\"button\">\n\t\t\t\t\t\t<span class=\"elementor-button-content-wrapper\">\n\t\t\t\t\t\t<span class=\"elementor-button-text\">Formation Th\u00e9orique (ETG)<\/span>\n\t\t<\/span>\n\t\t\t\t\t<\/a>\n\t\t<\/div>\n\t\t\t\t<\/div>\n\t\t\t\t<\/div>\n\t\t\t\t\t\t<\/div>\n\t\t\t\t\t<\/div>\n\t\t<\/div>\n\t\t\t\t<div class=\"elementor-column elementor-col-20 elementor-top-column elementor-element elementor-element-c9ef108\" data-id=\"c9ef108\" data-element_type=\"column\">\n\t\t\t<div class=\"elementor-column-wrap elementor-element-populated\">\n\t\t\t\t\t\t\t<div class=\"elementor-widget-wrap\">\n\t\t\t\t\t\t<div class=\"elementor-element elementor-element-046380f elementor-align-center elementor-widget elementor-widget-button\" data-id=\"046380f\" data-element_type=\"widget\" data-widget_type=\"button.default\">\n\t\t\t\t<div class=\"elementor-widget-container\">\n\t\t\t\t\t<div class=\"elementor-button-wrapper\">\n\t\t\t<a href=\"https:\/\/4lconduite.yt\/index.php\/tarifs-code\/\" class=\"elementor-button-link elementor-button elementor-size-sm\" role=\"button\">\n\t\t\t\t\t\t<span class=\"elementor-button-content-wrapper\">\n\t\t\t\t\t\t<span class=\"elementor-button-text\">Tarifs Code<\/span>\n\t\t<\/span>\n\t\t\t\t\t<\/a>\n\t\t<\/div>\n\t\t\t\t<\/div>\n\t\t\t\t<\/div>\n\t\t\t\t\t\t<\/div>\n\t\t\t\t\t<\/div>\n\t\t<\/div>\n\t\t\t\t<div class=\"elementor-column elementor-col-20 elementor-top-column elementor-element elementor-element-304c02f\" data-id=\"304c02f\" data-element_type=\"column\">\n\t\t\t<div class=\"elementor-column-wrap elementor-element-populated\">\n\t\t\t\t\t\t\t<div class=\"elementor-widget-wrap\">\n\t\t\t\t\t\t<div class=\"elementor-element elementor-element-0fe4b62 elementor-align-center elementor-widget elementor-widget-button\" data-id=\"0fe4b62\" data-element_type=\"widget\" data-widget_type=\"button.default\">\n\t\t\t\t<div class=\"elementor-widget-container\">\n\t\t\t\t\t<div class=\"elementor-button-wrapper\">\n\t\t\t<a href=\"https:\/\/4lconduite.yt\/index.php\/tarifs\/\" class=\"elementor-button-link elementor-button elementor-size-sm\" role=\"button\">\n\t\t\t\t\t\t<span class=\"elementor-button-content-wrapper\">\n\t\t\t\t\t\t<span class=\"elementor-button-text\">Tarifs Conduite<\/span>\n\t\t<\/span>\n\t\t\t\t\t<\/a>\n\t\t<\/div>\n\t\t\t\t<\/div>\n\t\t\t\t<\/div>\n\t\t\t\t\t\t<\/div>\n\t\t\t\t\t<\/div>\n\t\t<\/div>\n\t\t\t\t<div class=\"elementor-column elementor-col-20 elementor-top-column elementor-element elementor-element-5ed8217\" data-id=\"5ed8217\" data-element_type=\"column\">\n\t\t\t<div class=\"elementor-column-wrap elementor-element-populated\">\n\t\t\t\t\t\t\t<div class=\"elementor-widget-wrap\">\n\t\t\t\t\t\t<div class=\"elementor-element elementor-element-f2a90d5 elementor-align-center elementor-widget elementor-widget-button\" data-id=\"f2a90d5\" data-element_type=\"widget\" data-widget_type=\"button.default\">\n\t\t\t\t<div class=\"elementor-widget-container\">\n\t\t\t\t\t<div class=\"elementor-button-wrapper\">\n\t\t\t<a href=\"https:\/\/4lconduite.yt\/index.php\/pieces-a-fournir\/\" class=\"elementor-button-link elementor-button elementor-size-sm\" role=\"button\">\n\t\t\t\t\t\t<span class=\"elementor-button-content-wrapper\">\n\t\t\t\t\t\t<span class=\"elementor-button-text\">Pi\u00e8ces \u00e0 Fournir<\/span>\n\t\t<\/span>\n\t\t\t\t\t<\/a>\n\t\t<\/div>\n\t\t\t\t<\/div>\n\t\t\t\t<\/div>\n\t\t\t\t\t\t<\/div>\n\t\t\t\t\t<\/div>\n\t\t<\/div>\n\t\t\t\t\t\t\t\t<\/div>\n\t\t\t\t\t<\/div>\n\t\t<\/section>\n\t\t\t\t<section class=\"elementor-section elementor-top-section elementor-element elementor-element-2b58ebd elementor-section-boxed elementor-section-height-default elementor-section-height-default\" data-id=\"2b58ebd\" data-element_type=\"section\" data-settings=\"{&quot;shape_divider_top&quot;:&quot;mountains&quot;}\">\n\t\t\t\t\t<div class=\"elementor-shape elementor-shape-top\" data-negative=\"false\">\n\t\t\t<svg xmlns=\"http:\/\/www.w3.org\/2000\/svg\" viewBox=\"0 0 1000 100\" preserveAspectRatio=\"none\">\n\t<path class=\"elementor-shape-fill\" opacity=\"0.33\" d=\"M473,67.3c-203.9,88.3-263.1-34-320.3,0C66,119.1,0,59.7,0,59.7V0h1000v59.7 c0,0-62.1,26.1-94.9,29.3c-32.8,3.3-62.8-12.3-75.8-22.1C806,49.6,745.3,8.7,694.9,4.7S492.4,59,473,67.3z\"\/>\n\t<path class=\"elementor-shape-fill\" opacity=\"0.66\" d=\"M734,67.3c-45.5,0-77.2-23.2-129.1-39.1c-28.6-8.7-150.3-10.1-254,39.1 s-91.7-34.4-149.2,0C115.7,118.3,0,39.8,0,39.8V0h1000v36.5c0,0-28.2-18.5-92.1-18.5C810.2,18.1,775.7,67.3,734,67.3z\"\/>\n\t<path class=\"elementor-shape-fill\" d=\"M766.1,28.9c-200-57.5-266,65.5-395.1,19.5C242,1.8,242,5.4,184.8,20.6C128,35.8,132.3,44.9,89.9,52.5C28.6,63.7,0,0,0,0 h1000c0,0-9.9,40.9-83.6,48.1S829.6,47,766.1,28.9z\"\/>\n<\/svg>\t\t<\/div>\n\t\t\t\t\t<div class=\"elementor-container elementor-column-gap-default\">\n\t\t\t\t\t\t\t<div class=\"elementor-row\">\n\t\t\t\t\t<div class=\"elementor-column elementor-col-100 elementor-top-column elementor-element elementor-element-54baa9c\" data-id=\"54baa9c\" data-element_type=\"column\">\n\t\t\t<div class=\"elementor-column-wrap elementor-element-populated\">\n\t\t\t\t\t\t\t<div class=\"elementor-widget-wrap\">\n\t\t\t\t\t\t<section class=\"elementor-section elementor-inner-section elementor-element elementor-element-f245850 elementor-section-boxed elementor-section-height-default elementor-section-height-default\" data-id=\"f245850\" data-element_type=\"section\">\n\t\t\t\t\t\t<div class=\"elementor-container elementor-column-gap-default\">\n\t\t\t\t\t\t\t<div class=\"elementor-row\">\n\t\t\t\t\t<div class=\"elementor-column elementor-col-50 elementor-inner-column elementor-element elementor-element-bfbce12\" data-id=\"bfbce12\" data-element_type=\"column\">\n\t\t\t<div class=\"elementor-column-wrap elementor-element-populated\">\n\t\t\t\t\t\t\t<div class=\"elementor-widget-wrap\">\n\t\t\t\t\t\t<div class=\"elementor-element elementor-element-ef01586 elementor-widget elementor-widget-image\" data-id=\"ef01586\" data-element_type=\"widget\" data-widget_type=\"image.default\">\n\t\t\t\t<div class=\"elementor-widget-container\">\n\t\t\t\t\t<div class=\"elementor-image\">\n\t\t\t\t\t\t\t\t\t\t<img width=\"389\" height=\"318\" src=\"https:\/\/4lconduite.yt\/wp-content\/uploads\/2022\/03\/1.png\" class=\"attachment-medium_large size-medium_large\" alt=\"\" loading=\"lazy\" srcset=\"https:\/\/4lconduite.yt\/wp-content\/uploads\/2022\/03\/1.png 389w, https:\/\/4lconduite.yt\/wp-content\/uploads\/2022\/03\/1-300x245.png 300w\" sizes=\"(max-width: 389px) 100vw, 389px\" \/>\t\t\t\t\t\t\t\t\t\t\t<\/div>\n\t\t\t\t<\/div>\n\t\t\t\t<\/div>\n\t\t\t\t\t\t<\/div>\n\t\t\t\t\t<\/div>\n\t\t<\/div>\n\t\t\t\t<div class=\"elementor-column elementor-col-50 elementor-inner-column elementor-element elementor-element-31907d3\" data-id=\"31907d3\" data-element_type=\"column\">\n\t\t\t<div class=\"elementor-column-wrap elementor-element-populated\">\n\t\t\t\t\t\t\t<div class=\"elementor-widget-wrap\">\n\t\t\t\t\t\t<div class=\"elementor-element elementor-element-090b7bc elementor-widget elementor-widget-heading\" data-id=\"090b7bc\" data-element_type=\"widget\" data-widget_type=\"heading.default\">\n\t\t\t\t<div class=\"elementor-widget-container\">\n\t\t\t<h2 class=\"elementor-heading-title elementor-size-default\">QU'EST CE QUE C'EST?<\/h2>\t\t<\/div>\n\t\t\t\t<\/div>\n\t\t\t\t<div class=\"elementor-element elementor-element-62b1a6d elementor-widget elementor-widget-text-editor\" data-id=\"62b1a6d\" data-element_type=\"widget\" data-widget_type=\"text-editor.default\">\n\t\t\t\t<div class=\"elementor-widget-container\">\n\t\t\t\t\t<div class=\"elementor-text-editor elementor-clearfix\"><p>C&#8217;est un pr\u00eat dont les int\u00e9r\u00eats sont pris en charge par l&#8217;\u00c9tat.<\/p>\n<p>Le &#8220;<strong>PERMIS A UN EURO PAR JOUR<\/strong>&#8221; a \u00e9t\u00e9 mis en place par l&#8217;\u00c9tat, en partenariat avec les \u00e9tablissements pr\u00eateurs et les \u00e9coles de conduite pour aider les jeunes de 15 \u00e0 25 ans r\u00e9volus \u00e0 financer leurs pr\u00e9parations au permis de conduire. Il permet aux jeunes de b\u00e9n\u00e9ficier d&#8217;une facilit\u00e9 de paiement : le co\u00fbt total de la formation au permis de change pas mais l&#8217;\u00e9tablissement financier avance l&#8217;argent et l&#8217;\u00c9tat paie les int\u00e9r\u00eats.<\/p>\n<p><strong>Un cr\u00e9dit vous engage et doit \u00eatre rembours\u00e9. V\u00e9rifiez vos capacit\u00e9s de remboursement avant de vous engager.<\/strong><\/p><\/div>\n\t\t\t\t<\/div>\n\t\t\t\t<\/div>\n\t\t\t\t\t\t<\/div>\n\t\t\t\t\t<\/div>\n\t\t<\/div>\n\t\t\t\t\t\t\t\t<\/div>\n\t\t\t\t\t<\/div>\n\t\t<\/section>\n\t\t\t\t<div class=\"elementor-element elementor-element-90e541f elementor-widget elementor-widget-heading\" data-id=\"90e541f\" data-element_type=\"widget\" data-widget_type=\"heading.default\">\n\t\t\t\t<div class=\"elementor-widget-container\">\n\t\t\t<h2 class=\"elementor-heading-title elementor-size-default\">POURQUOI?<\/h2>\t\t<\/div>\n\t\t\t\t<\/div>\n\t\t\t\t<div class=\"elementor-element elementor-element-e7a5ce6 elementor-widget elementor-widget-text-editor\" data-id=\"e7a5ce6\" data-element_type=\"widget\" data-widget_type=\"text-editor.default\">\n\t\t\t\t<div class=\"elementor-widget-container\">\n\t\t\t\t\t<div class=\"elementor-text-editor elementor-clearfix\"><p>Le \u201c<strong>PERMIS A UN EURO PAR JOUR<\/strong>&#8221; permet de r\u00e9pondre \u00e0 deux objectifs principaux :<\/p>\n<ul>\n<li><strong>Faciliter l&#8217;acc\u00e8s au permis de conduire, dont le co\u00fbt peut repr\u00e9senter un frein et un obstacle fort \u00e0 l&#8217;obtention d&#8217;un emploi.<\/strong><\/li>\n<li><strong>Continuer \u00e0 am\u00e9liorer la qualit\u00e9 g\u00e9n\u00e9rale de la formation, gr\u00e2ce \u00e0 un partenariat avec les \u00e9coles de conduite fond\u00e9 sur leur engagement dans une d\u00e9marche de qualit\u00e9<\/strong>.<\/li>\n<\/ul><\/div>\n\t\t\t\t<\/div>\n\t\t\t\t<\/div>\n\t\t\t\t<div class=\"elementor-element elementor-element-6031cf3 elementor-widget elementor-widget-heading\" data-id=\"6031cf3\" data-element_type=\"widget\" data-widget_type=\"heading.default\">\n\t\t\t\t<div class=\"elementor-widget-container\">\n\t\t\t<h2 class=\"elementor-heading-title elementor-size-default\">POUR QUELLES CATEGORIES DE PERMIS?<\/h2>\t\t<\/div>\n\t\t\t\t<\/div>\n\t\t\t\t<div class=\"elementor-element elementor-element-82e5a0c elementor-widget elementor-widget-text-editor\" data-id=\"82e5a0c\" data-element_type=\"widget\" data-widget_type=\"text-editor.default\">\n\t\t\t\t<div class=\"elementor-widget-container\">\n\t\t\t\t\t<div class=\"elementor-text-editor elementor-clearfix\"><p><strong>Cat\u00e9gorie B, conduite accompagn\u00e9e AAC et conduite supervis\u00e9e CS.<\/strong><\/p><\/div>\n\t\t\t\t<\/div>\n\t\t\t\t<\/div>\n\t\t\t\t<div class=\"elementor-element elementor-element-135dd75 elementor-widget elementor-widget-heading\" data-id=\"135dd75\" data-element_type=\"widget\" data-widget_type=\"heading.default\">\n\t\t\t\t<div class=\"elementor-widget-container\">\n\t\t\t<h2 class=\"elementor-heading-title elementor-size-default\">POUR QUELS MONTANTS DE PRET?<\/h2>\t\t<\/div>\n\t\t\t\t<\/div>\n\t\t\t\t<div class=\"elementor-element elementor-element-2a5baf5 elementor-widget elementor-widget-text-editor\" data-id=\"2a5baf5\" data-element_type=\"widget\" data-widget_type=\"text-editor.default\">\n\t\t\t\t<div class=\"elementor-widget-container\">\n\t\t\t\t\t<div class=\"elementor-text-editor elementor-clearfix\"><p>Depuis le 1<sup>er<\/sup> juillet 2016, l&#8217;op\u00e9ration &#8220;permis \u00e0 1 euros par jour&#8221; pr\u00e9voit de nouvelles modalit\u00e9s de souscriptions de pr\u00eat :<\/p>\n<ul>\n<li><strong>Les candidats qui n&#8217;ont jamais b\u00e9n\u00e9fici\u00e9 du dispositif peuvent, \u00e0 l&#8217;occasion d&#8217;une inscription \u00e0 une formation au permis de conduire, pr\u00e9tendre \u00e0 un pr\u00eat de 600, 800, 1000, 1200\u20ac.<\/strong><\/li>\n<li><strong>Les candidats qui ont d\u00e9j\u00e0 b\u00e9n\u00e9fici\u00e9 du dispositif pourront, \u00e0 l&#8217;occasion d&#8217;un \u00e9chec \u00e0 l&#8217;\u00e9preuve pratique du permis de conduire, pr\u00e9tendre \u00e0 un pr\u00eat de 300 \u20ac pour financer une formation compl\u00e9mentaire en vue de l&#8217;obtention de la m\u00eame cat\u00e9gorie de permis de conduire.<\/strong><\/li>\n<\/ul><\/div>\n\t\t\t\t<\/div>\n\t\t\t\t<\/div>\n\t\t\t\t<div class=\"elementor-element elementor-element-b7fe91f elementor-widget elementor-widget-heading\" data-id=\"b7fe91f\" data-element_type=\"widget\" data-widget_type=\"heading.default\">\n\t\t\t\t<div class=\"elementor-widget-container\">\n\t\t\t<h2 class=\"elementor-heading-title elementor-size-default\">POUR QUI?<\/h2>\t\t<\/div>\n\t\t\t\t<\/div>\n\t\t\t\t<div class=\"elementor-element elementor-element-84639c5 elementor-widget elementor-widget-text-editor\" data-id=\"84639c5\" data-element_type=\"widget\" data-widget_type=\"text-editor.default\">\n\t\t\t\t<div class=\"elementor-widget-container\">\n\t\t\t\t\t<div class=\"elementor-text-editor elementor-clearfix\"><ul>\n<li>Tous les jeunes qui ont entre 15 et 25 ans r\u00e9volus \u00e0 la date de signature d&#8217;un contrat de formation dans une \u00e9cole de conduite partenaire, quelle que soit leur situation, sous r\u00e9serve que l&#8217;\u00e9tablissement financier accepte le dossier du candidat.<\/li>\n<li>Les jeunes b\u00e9n\u00e9ficiaires d&#8217;une aide publique, qu&#8217;elle \u00e9mane d&#8217;une collectivit\u00e9 locale ou de l&#8217;\u00c9tat, peuvent \u00e9galement demander \u00e0 b\u00e9n\u00e9ficier du pr\u00eat.<\/li>\n<\/ul><\/div>\n\t\t\t\t<\/div>\n\t\t\t\t<\/div>\n\t\t\t\t<div class=\"elementor-element elementor-element-a438a76 elementor-widget elementor-widget-heading\" data-id=\"a438a76\" data-element_type=\"widget\" data-widget_type=\"heading.default\">\n\t\t\t\t<div class=\"elementor-widget-container\">\n\t\t\t<h2 class=\"elementor-heading-title elementor-size-default\">COMMENT EN BENEFICIER?<\/h2>\t\t<\/div>\n\t\t\t\t<\/div>\n\t\t\t\t<div class=\"elementor-element elementor-element-c8b44e3 elementor-widget elementor-widget-text-editor\" data-id=\"c8b44e3\" data-element_type=\"widget\" data-widget_type=\"text-editor.default\">\n\t\t\t\t<div class=\"elementor-widget-container\">\n\t\t\t\t\t<div class=\"elementor-text-editor elementor-clearfix\"><ul>\n<li>Il faut au pr\u00e9alable avoir r\u00e9alis\u00e9 une \u00e9valuation de d\u00e9part dans une \u00e9cole de conduite, demander un devis suite \u00e0 cette \u00e9valuation et sign\u00e9 un contrat de formation.<\/li>\n<\/ul><\/div>\n\t\t\t\t<\/div>\n\t\t\t\t<\/div>\n\t\t\t\t<div class=\"elementor-element elementor-element-de1899b elementor-widget elementor-widget-text-editor\" data-id=\"de1899b\" data-element_type=\"widget\" data-widget_type=\"text-editor.default\">\n\t\t\t\t<div class=\"elementor-widget-container\">\n\t\t\t\t\t<div class=\"elementor-text-editor elementor-clearfix\"><p><strong>Ensuite, votre \u00e9tablissement financier d\u00e9cide de l&#8217;accord du pr\u00eat ou non.<\/strong><\/p><\/div>\n\t\t\t\t<\/div>\n\t\t\t\t<\/div>\n\t\t\t\t\t\t<\/div>\n\t\t\t\t\t<\/div>\n\t\t<\/div>\n\t\t\t\t\t\t\t\t<\/div>\n\t\t\t\t\t<\/div>\n\t\t<\/section>\n\t\t\t\t<section class=\"elementor-section elementor-top-section elementor-element elementor-element-8b3d8aa elementor-section-boxed elementor-section-height-default elementor-section-height-default\" data-id=\"8b3d8aa\" data-element_type=\"section\">\n\t\t\t\t\t\t<div class=\"elementor-container elementor-column-gap-default\">\n\t\t\t\t\t\t\t<div class=\"elementor-row\">\n\t\t\t\t\t<div class=\"elementor-column elementor-col-100 elementor-top-column elementor-element elementor-element-28bcb60\" data-id=\"28bcb60\" data-element_type=\"column\">\n\t\t\t<div class=\"elementor-column-wrap elementor-element-populated\">\n\t\t\t\t\t\t\t<div class=\"elementor-widget-wrap\">\n\t\t\t\t\t\t<div class=\"elementor-element elementor-element-289b611 elementor-widget elementor-widget-image\" data-id=\"289b611\" data-element_type=\"widget\" data-widget_type=\"image.default\">\n\t\t\t\t<div class=\"elementor-widget-container\">\n\t\t\t\t\t<div class=\"elementor-image\">\n\t\t\t\t\t\t\t\t\t\t<img width=\"768\" height=\"384\" src=\"https:\/\/4lconduite.yt\/wp-content\/uploads\/2022\/03\/2-768x384.png\" class=\"attachment-medium_large size-medium_large\" alt=\"\" loading=\"lazy\" srcset=\"https:\/\/4lconduite.yt\/wp-content\/uploads\/2022\/03\/2-768x384.png 768w, https:\/\/4lconduite.yt\/wp-content\/uploads\/2022\/03\/2-300x150.png 300w, https:\/\/4lconduite.yt\/wp-content\/uploads\/2022\/03\/2-1024x512.png 1024w, https:\/\/4lconduite.yt\/wp-content\/uploads\/2022\/03\/2-1536x768.png 1536w, https:\/\/4lconduite.yt\/wp-content\/uploads\/2022\/03\/2-2048x1024.png 2048w\" sizes=\"(max-width: 768px) 100vw, 768px\" \/>\t\t\t\t\t\t\t\t\t\t\t<\/div>\n\t\t\t\t<\/div>\n\t\t\t\t<\/div>\n\t\t\t\t\t\t<\/div>\n\t\t\t\t\t<\/div>\n\t\t<\/div>\n\t\t\t\t\t\t\t\t<\/div>\n\t\t\t\t\t<\/div>\n\t\t<\/section>\n\t\t\t\t\t\t<\/div>\n\t\t\t\t\t\t<\/div>\n\t\t\t\t\t<\/div>\n\t\t","protected":false},"excerpt":{"rendered":"<p>Modalit\u00e9s Permis \u00e0 1\u20ac Formation Th\u00e9orique (ETG) Tarifs Code Tarifs Conduite Pi\u00e8ces \u00e0 Fournir QU&#8217;EST CE QUE C&#8217;EST? C&#8217;est un pr\u00eat dont les int\u00e9r\u00eats sont pris en charge par l&#8217;\u00c9tat. Le &#8220;PERMIS A UN EURO PAR JOUR&#8221; a \u00e9t\u00e9 mis en place par l&#8217;\u00c9tat, en partenariat avec les \u00e9tablissements pr\u00eateurs et les \u00e9coles de conduite pour aider les jeunes de 15 \u00e0 25 ans r\u00e9volus \u00e0 financer leurs pr\u00e9parations au permis de conduire. Il permet aux jeunes de b\u00e9n\u00e9ficier d&#8217;une facilit\u00e9 de paiement : le co\u00fbt total de la formation au permis de change pas mais l&#8217;\u00e9tablissement financier avance l&#8217;argent\u2026<\/p>\n","protected":false},"author":1,"featured_media":0,"parent":0,"menu_order":0,"comment_status":"closed","ping_status":"closed","template":"","meta":[],"blocksy_meta":{"styles_descriptor":{"styles":{"desktop":"","tablet":"","mobile":""},"google_fonts":[],"version":4}},"yoast_head":"<!-- This site is optimized with the Yoast SEO plugin v15.0 - https:\/\/yoast.com\/wordpress\/plugins\/seo\/ -->\n<title>Permis \u00e0 1\u20ac - 4LConduite<\/title>\n<meta name=\"robots\" content=\"index, follow, max-snippet:-1, max-image-preview:large, max-video-preview:-1\" \/>\n<link rel=\"canonical\" href=\"https:\/\/4lconduite.yt\/index.php\/permis-a-1e\/\" \/>\n<meta property=\"og:locale\" content=\"fr_FR\" \/>\n<meta property=\"og:type\" content=\"article\" \/>\n<meta property=\"og:title\" content=\"Permis \u00e0 1\u20ac - 4LConduite\" \/>\n<meta property=\"og:description\" content=\"Modalit\u00e9s Permis \u00e0 1\u20ac Formation Th\u00e9orique (ETG) Tarifs Code Tarifs Conduite Pi\u00e8ces \u00e0 Fournir QU&#8217;EST CE QUE C&#8217;EST? C&#8217;est un pr\u00eat dont les int\u00e9r\u00eats sont pris en charge par l&#8217;\u00c9tat. Le &#8220;PERMIS A UN EURO PAR JOUR&#8221; a \u00e9t\u00e9 mis en place par l&#8217;\u00c9tat, en partenariat avec les \u00e9tablissements pr\u00eateurs et les \u00e9coles de conduite pour aider les jeunes de 15 \u00e0 25 ans r\u00e9volus \u00e0 financer leurs pr\u00e9parations au permis de conduire. Il permet aux jeunes de b\u00e9n\u00e9ficier d&#8217;une facilit\u00e9 de paiement : le co\u00fbt total de la formation au permis de change pas mais l&#8217;\u00e9tablissement financier avance l&#8217;argent\u2026\" \/>\n<meta property=\"og:url\" content=\"https:\/\/4lconduite.yt\/index.php\/permis-a-1e\/\" \/>\n<meta property=\"og:site_name\" content=\"4LConduite\" \/>\n<meta property=\"article:modified_time\" content=\"2022-03-28T12:42:43+00:00\" \/>\n<meta property=\"og:image\" content=\"https:\/\/4lconduite.yt\/wp-content\/uploads\/2022\/03\/1.png\" \/>\n<meta name=\"twitter:card\" content=\"summary_large_image\" \/>\n<script type=\"application\/ld+json\" class=\"yoast-schema-graph\">{\"@context\":\"https:\/\/schema.org\",\"@graph\":[{\"@type\":\"WebSite\",\"@id\":\"https:\/\/4lconduite.yt\/#website\",\"url\":\"https:\/\/4lconduite.yt\/\",\"name\":\"4LConduite\",\"description\":\"Accompagnateur de votre r\\u00e9ussite\",\"potentialAction\":[{\"@type\":\"SearchAction\",\"target\":\"https:\/\/4lconduite.yt\/?s={search_term_string}\",\"query-input\":\"required name=search_term_string\"}],\"inLanguage\":\"fr-FR\"},{\"@type\":\"ImageObject\",\"@id\":\"https:\/\/4lconduite.yt\/index.php\/permis-a-1e\/#primaryimage\",\"inLanguage\":\"fr-FR\",\"url\":\"https:\/\/4lconduite.yt\/wp-content\/uploads\/2022\/03\/1.png\",\"width\":389,\"height\":318},{\"@type\":\"WebPage\",\"@id\":\"https:\/\/4lconduite.yt\/index.php\/permis-a-1e\/#webpage\",\"url\":\"https:\/\/4lconduite.yt\/index.php\/permis-a-1e\/\",\"name\":\"Permis \\u00e0 1\\u20ac - 4LConduite\",\"isPartOf\":{\"@id\":\"https:\/\/4lconduite.yt\/#website\"},\"primaryImageOfPage\":{\"@id\":\"https:\/\/4lconduite.yt\/index.php\/permis-a-1e\/#primaryimage\"},\"datePublished\":\"2019-07-05T21:44:41+00:00\",\"dateModified\":\"2022-03-28T12:42:43+00:00\",\"inLanguage\":\"fr-FR\",\"potentialAction\":[{\"@type\":\"ReadAction\",\"target\":[\"https:\/\/4lconduite.yt\/index.php\/permis-a-1e\/\"]}]}]}<\/script>\n<!-- \/ Yoast SEO plugin. -->","_links":{"self":[{"href":"https:\/\/4lconduite.yt\/index.php\/wp-json\/wp\/v2\/pages\/448"}],"collection":[{"href":"https:\/\/4lconduite.yt\/index.php\/wp-json\/wp\/v2\/pages"}],"about":[{"href":"https:\/\/4lconduite.yt\/index.php\/wp-json\/wp\/v2\/types\/page"}],"author":[{"embeddable":true,"href":"https:\/\/4lconduite.yt\/index.php\/wp-json\/wp\/v2\/users\/1"}],"replies":[{"embeddable":true,"href":"https:\/\/4lconduite.yt\/index.php\/wp-json\/wp\/v2\/comments?post=448"}],"version-history":[{"count":28,"href":"https:\/\/4lconduite.yt\/index.php\/wp-json\/wp\/v2\/pages\/448\/revisions"}],"predecessor-version":[{"id":1644,"href":"https:\/\/4lconduite.yt\/index.php\/wp-json\/wp\/v2\/pages\/448\/revisions\/1644"}],"wp:attachment":[{"href":"https:\/\/4lconduite.yt\/index.php\/wp-json\/wp\/v2\/media?parent=448"}],"curies":[{"name":"wp","href":"https:\/\/api.w.org\/{rel}","templated":true}]}}