{"id":449,"date":"2019-07-05T23:41:46","date_gmt":"2019-07-05T21:41:46","guid":{"rendered":"https:\/\/4lconduite.yt\/?page_id=449"},"modified":"2022-03-28T15:43:51","modified_gmt":"2022-03-28T12:43:51","slug":"modalites-permis-a-1e","status":"publish","type":"page","link":"https:\/\/4lconduite.yt\/index.php\/modalites-permis-a-1e\/","title":{"rendered":"Modalit\u00e9s du Permis \u00e0 1\u20ac"},"content":{"rendered":"\t\t<div data-elementor-type=\"wp-page\" data-elementor-id=\"449\" class=\"elementor elementor-449\" data-elementor-settings=\"[]\">\n\t\t\t\t\t\t<div class=\"elementor-inner\">\n\t\t\t\t\t\t\t<div class=\"elementor-section-wrap\">\n\t\t\t\t\t\t\t<section class=\"elementor-section elementor-top-section elementor-element elementor-element-c2a0afa elementor-section-boxed elementor-section-height-default elementor-section-height-default\" data-id=\"c2a0afa\" data-element_type=\"section\">\n\t\t\t\t\t\t<div class=\"elementor-container elementor-column-gap-default\">\n\t\t\t\t\t\t\t<div class=\"elementor-row\">\n\t\t\t\t\t<div class=\"elementor-column elementor-col-20 elementor-top-column elementor-element elementor-element-66a8793\" data-id=\"66a8793\" data-element_type=\"column\">\n\t\t\t<div class=\"elementor-column-wrap elementor-element-populated\">\n\t\t\t\t\t\t\t<div class=\"elementor-widget-wrap\">\n\t\t\t\t\t\t<div class=\"elementor-element elementor-element-43cefa0 elementor-align-center elementor-widget elementor-widget-button\" data-id=\"43cefa0\" data-element_type=\"widget\" data-widget_type=\"button.default\">\n\t\t\t\t<div class=\"elementor-widget-container\">\n\t\t\t\t\t<div class=\"elementor-button-wrapper\">\n\t\t\t<a href=\"https:\/\/4lconduite.yt\/index.php\/permis-a-1e\/\" class=\"elementor-button-link elementor-button elementor-size-sm\" role=\"button\">\n\t\t\t\t\t\t<span class=\"elementor-button-content-wrapper\">\n\t\t\t\t\t\t<span class=\"elementor-button-text\">Permis \u00e0 1\u20ac<\/span>\n\t\t<\/span>\n\t\t\t\t\t<\/a>\n\t\t<\/div>\n\t\t\t\t<\/div>\n\t\t\t\t<\/div>\n\t\t\t\t\t\t<\/div>\n\t\t\t\t\t<\/div>\n\t\t<\/div>\n\t\t\t\t<div class=\"elementor-column elementor-col-20 elementor-top-column elementor-element elementor-element-0ac0430\" data-id=\"0ac0430\" data-element_type=\"column\">\n\t\t\t<div class=\"elementor-column-wrap elementor-element-populated\">\n\t\t\t\t\t\t\t<div class=\"elementor-widget-wrap\">\n\t\t\t\t\t\t<div class=\"elementor-element elementor-element-67561a0 elementor-align-center elementor-widget elementor-widget-button\" data-id=\"67561a0\" data-element_type=\"widget\" data-widget_type=\"button.default\">\n\t\t\t\t<div class=\"elementor-widget-container\">\n\t\t\t\t\t<div class=\"elementor-button-wrapper\">\n\t\t\t<a href=\"https:\/\/4lconduite.yt\/index.php\/formation-theorique-etg\/\" class=\"elementor-button-link elementor-button elementor-size-sm\" role=\"button\">\n\t\t\t\t\t\t<span class=\"elementor-button-content-wrapper\">\n\t\t\t\t\t\t<span class=\"elementor-button-text\">Formation Th\u00e9orique (ETG)<\/span>\n\t\t<\/span>\n\t\t\t\t\t<\/a>\n\t\t<\/div>\n\t\t\t\t<\/div>\n\t\t\t\t<\/div>\n\t\t\t\t\t\t<\/div>\n\t\t\t\t\t<\/div>\n\t\t<\/div>\n\t\t\t\t<div class=\"elementor-column elementor-col-20 elementor-top-column elementor-element elementor-element-ba13a16\" data-id=\"ba13a16\" data-element_type=\"column\">\n\t\t\t<div class=\"elementor-column-wrap elementor-element-populated\">\n\t\t\t\t\t\t\t<div class=\"elementor-widget-wrap\">\n\t\t\t\t\t\t<div class=\"elementor-element elementor-element-782fc3d elementor-align-center elementor-widget elementor-widget-button\" data-id=\"782fc3d\" data-element_type=\"widget\" data-widget_type=\"button.default\">\n\t\t\t\t<div class=\"elementor-widget-container\">\n\t\t\t\t\t<div class=\"elementor-button-wrapper\">\n\t\t\t<a href=\"https:\/\/4lconduite.yt\/index.php\/tarifs-code\/\" class=\"elementor-button-link elementor-button elementor-size-sm\" role=\"button\">\n\t\t\t\t\t\t<span class=\"elementor-button-content-wrapper\">\n\t\t\t\t\t\t<span class=\"elementor-button-text\">Tarifs Code<\/span>\n\t\t<\/span>\n\t\t\t\t\t<\/a>\n\t\t<\/div>\n\t\t\t\t<\/div>\n\t\t\t\t<\/div>\n\t\t\t\t\t\t<\/div>\n\t\t\t\t\t<\/div>\n\t\t<\/div>\n\t\t\t\t<div class=\"elementor-column elementor-col-20 elementor-top-column elementor-element elementor-element-0fbf0c2\" data-id=\"0fbf0c2\" data-element_type=\"column\">\n\t\t\t<div class=\"elementor-column-wrap elementor-element-populated\">\n\t\t\t\t\t\t\t<div class=\"elementor-widget-wrap\">\n\t\t\t\t\t\t<div class=\"elementor-element elementor-element-02d89f6 elementor-align-center elementor-widget elementor-widget-button\" data-id=\"02d89f6\" data-element_type=\"widget\" data-widget_type=\"button.default\">\n\t\t\t\t<div class=\"elementor-widget-container\">\n\t\t\t\t\t<div class=\"elementor-button-wrapper\">\n\t\t\t<a href=\"https:\/\/4lconduite.yt\/index.php\/tarifs\/\" class=\"elementor-button-link elementor-button elementor-size-sm\" role=\"button\">\n\t\t\t\t\t\t<span class=\"elementor-button-content-wrapper\">\n\t\t\t\t\t\t<span class=\"elementor-button-text\">Tarifs Conduite<\/span>\n\t\t<\/span>\n\t\t\t\t\t<\/a>\n\t\t<\/div>\n\t\t\t\t<\/div>\n\t\t\t\t<\/div>\n\t\t\t\t\t\t<\/div>\n\t\t\t\t\t<\/div>\n\t\t<\/div>\n\t\t\t\t<div class=\"elementor-column elementor-col-20 elementor-top-column elementor-element elementor-element-81f093e\" data-id=\"81f093e\" data-element_type=\"column\">\n\t\t\t<div class=\"elementor-column-wrap elementor-element-populated\">\n\t\t\t\t\t\t\t<div class=\"elementor-widget-wrap\">\n\t\t\t\t\t\t<div class=\"elementor-element elementor-element-3401f54 elementor-align-center elementor-widget elementor-widget-button\" data-id=\"3401f54\" data-element_type=\"widget\" data-widget_type=\"button.default\">\n\t\t\t\t<div class=\"elementor-widget-container\">\n\t\t\t\t\t<div class=\"elementor-button-wrapper\">\n\t\t\t<a href=\"https:\/\/4lconduite.yt\/index.php\/pieces-a-fournir\/\" class=\"elementor-button-link elementor-button elementor-size-sm\" role=\"button\">\n\t\t\t\t\t\t<span class=\"elementor-button-content-wrapper\">\n\t\t\t\t\t\t<span class=\"elementor-button-text\">Pi\u00e8ces \u00e0 Fournir<\/span>\n\t\t<\/span>\n\t\t\t\t\t<\/a>\n\t\t<\/div>\n\t\t\t\t<\/div>\n\t\t\t\t<\/div>\n\t\t\t\t\t\t<\/div>\n\t\t\t\t\t<\/div>\n\t\t<\/div>\n\t\t\t\t\t\t\t\t<\/div>\n\t\t\t\t\t<\/div>\n\t\t<\/section>\n\t\t\t\t<section class=\"elementor-section elementor-top-section elementor-element elementor-element-cb320dc elementor-section-boxed elementor-section-height-default elementor-section-height-default elementor-invisible\" data-id=\"cb320dc\" data-element_type=\"section\" data-settings=\"{&quot;shape_divider_top&quot;:&quot;mountains&quot;,&quot;animation&quot;:&quot;fadeIn&quot;}\">\n\t\t\t\t\t<div class=\"elementor-shape elementor-shape-top\" data-negative=\"false\">\n\t\t\t<svg xmlns=\"http:\/\/www.w3.org\/2000\/svg\" viewBox=\"0 0 1000 100\" preserveAspectRatio=\"none\">\n\t<path class=\"elementor-shape-fill\" opacity=\"0.33\" d=\"M473,67.3c-203.9,88.3-263.1-34-320.3,0C66,119.1,0,59.7,0,59.7V0h1000v59.7 c0,0-62.1,26.1-94.9,29.3c-32.8,3.3-62.8-12.3-75.8-22.1C806,49.6,745.3,8.7,694.9,4.7S492.4,59,473,67.3z\"\/>\n\t<path class=\"elementor-shape-fill\" opacity=\"0.66\" d=\"M734,67.3c-45.5,0-77.2-23.2-129.1-39.1c-28.6-8.7-150.3-10.1-254,39.1 s-91.7-34.4-149.2,0C115.7,118.3,0,39.8,0,39.8V0h1000v36.5c0,0-28.2-18.5-92.1-18.5C810.2,18.1,775.7,67.3,734,67.3z\"\/>\n\t<path class=\"elementor-shape-fill\" d=\"M766.1,28.9c-200-57.5-266,65.5-395.1,19.5C242,1.8,242,5.4,184.8,20.6C128,35.8,132.3,44.9,89.9,52.5C28.6,63.7,0,0,0,0 h1000c0,0-9.9,40.9-83.6,48.1S829.6,47,766.1,28.9z\"\/>\n<\/svg>\t\t<\/div>\n\t\t\t\t\t<div class=\"elementor-container elementor-column-gap-default\">\n\t\t\t\t\t\t\t<div class=\"elementor-row\">\n\t\t\t\t\t<div class=\"elementor-column elementor-col-100 elementor-top-column elementor-element elementor-element-1c14404\" data-id=\"1c14404\" data-element_type=\"column\">\n\t\t\t<div class=\"elementor-column-wrap elementor-element-populated\">\n\t\t\t\t\t\t\t<div class=\"elementor-widget-wrap\">\n\t\t\t\t\t\t<div class=\"elementor-element elementor-element-6e48adf elementor-widget elementor-widget-text-editor\" data-id=\"6e48adf\" data-element_type=\"widget\" data-widget_type=\"text-editor.default\">\n\t\t\t\t<div class=\"elementor-widget-container\">\n\t\t\t\t\t<div class=\"elementor-text-editor elementor-clearfix\"><p>\u00a0<\/p>\n<p>\u00a0<\/p>\n<p>Le \u00ab\u00a0<strong>PERMIS A 1\u20ac PAR JOUR<\/strong>\u00a0\u00bb\u00a0? Il s\u2019agit d\u2019un pr\u00eat dont les int\u00e9r\u00eats sont pris en charge par l\u2019Etat.<\/p>\n<p>Il a \u00e9t\u00e9 mis en place par l\u2019Etat, en partenariat avec les \u00e9tablissements\u00a0 pr\u00e9teurs et les \u00e9coles de conduite pour aider les jeunes de 15 \u00e0 25 ans r\u00e9volus \u00e0 financer leurs pr\u00e9parations au permis de conduire. Il permet aux jeunes de b\u00e9n\u00e9ficier d\u2019une facilit\u00e9 de paiement\u00a0: le cout total de la formation au permis ne change pas l\u2019\u00e9tablissement financier avance l\u2019argent et l\u2019Etat paie les int\u00e9r\u00eats.<\/p><\/div>\n\t\t\t\t<\/div>\n\t\t\t\t<\/div>\n\t\t\t\t<div class=\"elementor-element elementor-element-2b11247 elementor-widget elementor-widget-text-editor\" data-id=\"2b11247\" data-element_type=\"widget\" data-widget_type=\"text-editor.default\">\n\t\t\t\t<div class=\"elementor-widget-container\">\n\t\t\t\t\t<div class=\"elementor-text-editor elementor-clearfix\"><p><strong>Attention : Un cr\u00e9dit vous engage et doit \u00eatre rembours\u00e9. V\u00e9rifier vos capacit\u00e9s de remboursement avant de vous engager.<\/strong><\/p><\/div>\n\t\t\t\t<\/div>\n\t\t\t\t<\/div>\n\t\t\t\t<div class=\"elementor-element elementor-element-8f3bc17 elementor-widget elementor-widget-heading\" data-id=\"8f3bc17\" data-element_type=\"widget\" data-widget_type=\"heading.default\">\n\t\t\t\t<div class=\"elementor-widget-container\">\n\t\t\t<h4 class=\"elementor-heading-title elementor-size-default\">FINANCEMENT ET REMBOURSEMENT<\/h4>\t\t<\/div>\n\t\t\t\t<\/div>\n\t\t\t\t<div class=\"elementor-element elementor-element-9f959e5 elementor-widget elementor-widget-heading\" data-id=\"9f959e5\" data-element_type=\"widget\" data-widget_type=\"heading.default\">\n\t\t\t\t<div class=\"elementor-widget-container\">\n\t\t\t<h6 class=\"elementor-heading-title elementor-size-default\">Exemples de Remboursements <\/h6>\t\t<\/div>\n\t\t\t\t<\/div>\n\t\t\t\t<div class=\"elementor-element elementor-element-f57baf8 elementor-widget elementor-widget-text-editor\" data-id=\"f57baf8\" data-element_type=\"widget\" data-widget_type=\"text-editor.default\">\n\t\t\t\t<div class=\"elementor-widget-container\">\n\t\t\t\t\t<div class=\"elementor-text-editor elementor-clearfix\"><table width=\"500\">\n<thead>\n<tr>\n<td>\n<p><strong>Montant emprunt\u00e9\u00a0<\/strong><\/p>\n<\/td>\n<td>\n<p><strong>\u00a0Remboursement mensuel<\/strong><\/p>\n<\/td>\n<\/tr>\n<\/thead>\n<tbody>\n<tr>\n<td>\n<p>600,00 \u20ac<\/p>\n<\/td>\n<td>\n<p>20 mois \u00e0 30 \u20ac<\/p>\n<\/td>\n<\/tr>\n<tr>\n<td>\n<p>800,00 \u20ac<\/p>\n<\/td>\n<td>\n<p>26 mois \u00e0 30 \u20ac (+ 1 mois \u00e0 20 \u20ac)<\/p>\n<p>ou 27 mois \u00e0 29,63 \u20ac<\/p>\n<\/td>\n<\/tr>\n<tr>\n<td>\n<p>1 000,00 \u20ac<\/p>\n<\/td>\n<td>\n<p>26 mois \u00e0 30 \u20ac\u00a0(+ 1 mois \u00e0 10 \u20ac)<\/p>\n<p>ou 34 mois \u00e0 29,41 \u20ac<\/p>\n<\/td>\n<\/tr>\n<tr>\n<td>\n<p>1 200,00 \u20ac<\/p>\n<\/td>\n<td>\n<p>40 mois \u00e0 30 \u20ac<\/p>\n<\/td>\n<\/tr>\n<\/tbody>\n<\/table><\/div>\n\t\t\t\t<\/div>\n\t\t\t\t<\/div>\n\t\t\t\t<div class=\"elementor-element elementor-element-d4cc74f elementor-widget elementor-widget-heading\" data-id=\"d4cc74f\" data-element_type=\"widget\" data-widget_type=\"heading.default\">\n\t\t\t\t<div class=\"elementor-widget-container\">\n\t\t\t<h6 class=\"elementor-heading-title elementor-size-default\">Etablissement de Cr\u00e9dit<\/h6>\t\t<\/div>\n\t\t\t\t<\/div>\n\t\t\t\t<div class=\"elementor-element elementor-element-79a032b elementor-widget elementor-widget-text-editor\" data-id=\"79a032b\" data-element_type=\"widget\" data-widget_type=\"text-editor.default\">\n\t\t\t\t<div class=\"elementor-widget-container\">\n\t\t\t\t\t<div class=\"elementor-text-editor elementor-clearfix\"><ul>\n<li>AXA Banque Financement<\/li>\n<li>Banques Populaires (R\u00e9seau BPCE)<\/li>\n<li>BNP Paribas<\/li>\n<li>Banque Postale Financement<\/li>\n<li>Caisse d\u2019\u00c9pargne (r\u00e9seau BPCE)<\/li>\n<li>Caixa Geral de Depositos<\/li>\n<li>CIC<\/li>\n<li>Cr\u00e9dit Agricole<\/li>\n<li>Cr\u00e9dit Moderne Antilles<\/li>\n<li>Cr\u00e9dit Municipal de N\u00eemes<\/li>\n<li>Cr\u00e9dit Mutuel<\/li>\n<li>LCL &#8211; Le cr\u00e9dit Lyonnais<\/li>\n<li>Soci\u00e9t\u00e9 G\u00e9n\u00e9rale<\/li>\n<li>SOCRAM<\/li>\n<\/ul><\/div>\n\t\t\t\t<\/div>\n\t\t\t\t<\/div>\n\t\t\t\t<div class=\"elementor-element elementor-element-721d3dd elementor-widget elementor-widget-heading\" data-id=\"721d3dd\" data-element_type=\"widget\" data-widget_type=\"heading.default\">\n\t\t\t\t<div class=\"elementor-widget-container\">\n\t\t\t<h6 class=\"elementor-heading-title elementor-size-default\">Mutuelles\/Assurances agissant pour le compte de la SOCRAM<\/h6>\t\t<\/div>\n\t\t\t\t<\/div>\n\t\t\t\t<div class=\"elementor-element elementor-element-7f6b41e elementor-widget elementor-widget-text-editor\" data-id=\"7f6b41e\" data-element_type=\"widget\" data-widget_type=\"text-editor.default\">\n\t\t\t\t<div class=\"elementor-widget-container\">\n\t\t\t\t\t<div class=\"elementor-text-editor elementor-clearfix\"><ul>\n<li>AGPM<\/li>\n<li>Assurances Mutuelles des Motards<\/li>\n<li>AMF Assurances<\/li>\n<li>MACIF<\/li>\n<li>MAPA<\/li>\n<li>MATMUT<\/li>\n<\/ul><\/div>\n\t\t\t\t<\/div>\n\t\t\t\t<\/div>\n\t\t\t\t<div class=\"elementor-element elementor-element-205b766 elementor-widget elementor-widget-heading\" data-id=\"205b766\" data-element_type=\"widget\" data-widget_type=\"heading.default\">\n\t\t\t\t<div class=\"elementor-widget-container\">\n\t\t\t<h6 class=\"elementor-heading-title elementor-size-default\">Partenaires de la caution publique <\/h6>\t\t<\/div>\n\t\t\t\t<\/div>\n\t\t\t\t<div class=\"elementor-element elementor-element-e3c30cb elementor-widget elementor-widget-text-editor\" data-id=\"e3c30cb\" data-element_type=\"widget\" data-widget_type=\"text-editor.default\">\n\t\t\t\t<div class=\"elementor-widget-container\">\n\t\t\t\t\t<div class=\"elementor-text-editor elementor-clearfix\"><ul>\n<li>Caisse des d\u00e9p\u00f4ts et consignations CDC<\/li>\n<li>Missions locales ANDML<\/li>\n<li>Missions locales UNML<\/li>\n<li>Association Cresus<\/li>\n<li>Banque de la R\u00e9union<\/li>\n<li>BNP Paribas<\/li>\n<li>Caisse d&#8217;\u00c9pargne (r\u00e9seau BPCE)<\/li>\n<li>Cr\u00e9dit mutuel<\/li>\n<\/ul><\/div>\n\t\t\t\t<\/div>\n\t\t\t\t<\/div>\n\t\t\t\t\t\t<\/div>\n\t\t\t\t\t<\/div>\n\t\t<\/div>\n\t\t\t\t\t\t\t\t<\/div>\n\t\t\t\t\t<\/div>\n\t\t<\/section>\n\t\t\t\t<section class=\"elementor-section elementor-top-section elementor-element elementor-element-b36e4f0 elementor-section-boxed elementor-section-height-default elementor-section-height-default\" data-id=\"b36e4f0\" data-element_type=\"section\">\n\t\t\t\t\t\t<div class=\"elementor-container elementor-column-gap-default\">\n\t\t\t\t\t\t\t<div class=\"elementor-row\">\n\t\t\t\t\t<div class=\"elementor-column elementor-col-100 elementor-top-column elementor-element elementor-element-1077365\" data-id=\"1077365\" data-element_type=\"column\">\n\t\t\t<div class=\"elementor-column-wrap elementor-element-populated\">\n\t\t\t\t\t\t\t<div class=\"elementor-widget-wrap\">\n\t\t\t\t\t\t<div class=\"elementor-element elementor-element-12f21f6 elementor-widget elementor-widget-image\" data-id=\"12f21f6\" data-element_type=\"widget\" data-widget_type=\"image.default\">\n\t\t\t\t<div class=\"elementor-widget-container\">\n\t\t\t\t\t<div class=\"elementor-image\">\n\t\t\t\t\t\t\t\t\t\t<img width=\"768\" height=\"384\" src=\"https:\/\/4lconduite.yt\/wp-content\/uploads\/2022\/03\/2-768x384.png\" class=\"attachment-medium_large size-medium_large\" alt=\"\" loading=\"lazy\" srcset=\"https:\/\/4lconduite.yt\/wp-content\/uploads\/2022\/03\/2-768x384.png 768w, https:\/\/4lconduite.yt\/wp-content\/uploads\/2022\/03\/2-300x150.png 300w, https:\/\/4lconduite.yt\/wp-content\/uploads\/2022\/03\/2-1024x512.png 1024w, https:\/\/4lconduite.yt\/wp-content\/uploads\/2022\/03\/2-1536x768.png 1536w, https:\/\/4lconduite.yt\/wp-content\/uploads\/2022\/03\/2-2048x1024.png 2048w\" sizes=\"(max-width: 768px) 100vw, 768px\" \/>\t\t\t\t\t\t\t\t\t\t\t<\/div>\n\t\t\t\t<\/div>\n\t\t\t\t<\/div>\n\t\t\t\t\t\t<\/div>\n\t\t\t\t\t<\/div>\n\t\t<\/div>\n\t\t\t\t\t\t\t\t<\/div>\n\t\t\t\t\t<\/div>\n\t\t<\/section>\n\t\t\t\t\t\t<\/div>\n\t\t\t\t\t\t<\/div>\n\t\t\t\t\t<\/div>\n\t\t","protected":false},"excerpt":{"rendered":"<p>Permis \u00e0 1\u20ac Formation Th\u00e9orique (ETG) Tarifs Code Tarifs Conduite Pi\u00e8ces \u00e0 Fournir \u00a0 \u00a0 Le \u00ab\u00a0PERMIS A 1\u20ac PAR JOUR\u00a0\u00bb\u00a0? Il s\u2019agit d\u2019un pr\u00eat dont les int\u00e9r\u00eats sont pris en charge par l\u2019Etat. Il a \u00e9t\u00e9 mis en place par l\u2019Etat, en partenariat avec les \u00e9tablissements\u00a0 pr\u00e9teurs et les \u00e9coles de conduite pour aider les jeunes de 15 \u00e0 25 ans r\u00e9volus \u00e0 financer leurs pr\u00e9parations au permis de conduire. Il permet aux jeunes de b\u00e9n\u00e9ficier d\u2019une facilit\u00e9 de paiement\u00a0: le cout total de la formation au permis ne change pas l\u2019\u00e9tablissement financier avance l\u2019argent et l\u2019Etat paie les\u2026<\/p>\n","protected":false},"author":1,"featured_media":0,"parent":0,"menu_order":0,"comment_status":"closed","ping_status":"closed","template":"","meta":[],"blocksy_meta":{"styles_descriptor":{"styles":{"desktop":"","tablet":"","mobile":""},"google_fonts":[],"version":4}},"yoast_head":"<!-- This site is optimized with the Yoast SEO plugin v15.0 - https:\/\/yoast.com\/wordpress\/plugins\/seo\/ -->\n<title>Modalit\u00e9s du Permis \u00e0 1\u20ac - 4LConduite<\/title>\n<meta name=\"robots\" content=\"index, follow, max-snippet:-1, max-image-preview:large, max-video-preview:-1\" \/>\n<link rel=\"canonical\" href=\"https:\/\/4lconduite.yt\/index.php\/modalites-permis-a-1e\/\" \/>\n<meta property=\"og:locale\" content=\"fr_FR\" \/>\n<meta property=\"og:type\" content=\"article\" \/>\n<meta property=\"og:title\" content=\"Modalit\u00e9s du Permis \u00e0 1\u20ac - 4LConduite\" \/>\n<meta property=\"og:description\" content=\"Permis \u00e0 1\u20ac Formation Th\u00e9orique (ETG) Tarifs Code Tarifs Conduite Pi\u00e8ces \u00e0 Fournir \u00a0 \u00a0 Le \u00ab\u00a0PERMIS A 1\u20ac PAR JOUR\u00a0\u00bb\u00a0? Il s\u2019agit d\u2019un pr\u00eat dont les int\u00e9r\u00eats sont pris en charge par l\u2019Etat. Il a \u00e9t\u00e9 mis en place par l\u2019Etat, en partenariat avec les \u00e9tablissements\u00a0 pr\u00e9teurs et les \u00e9coles de conduite pour aider les jeunes de 15 \u00e0 25 ans r\u00e9volus \u00e0 financer leurs pr\u00e9parations au permis de conduire. Il permet aux jeunes de b\u00e9n\u00e9ficier d\u2019une facilit\u00e9 de paiement\u00a0: le cout total de la formation au permis ne change pas l\u2019\u00e9tablissement financier avance l\u2019argent et l\u2019Etat paie les\u2026\" \/>\n<meta property=\"og:url\" content=\"https:\/\/4lconduite.yt\/index.php\/modalites-permis-a-1e\/\" \/>\n<meta property=\"og:site_name\" content=\"4LConduite\" \/>\n<meta property=\"article:modified_time\" content=\"2022-03-28T12:43:51+00:00\" \/>\n<meta property=\"og:image\" content=\"https:\/\/4lconduite.yt\/wp-content\/uploads\/2022\/03\/2-768x384.png\" \/>\n<meta name=\"twitter:card\" content=\"summary_large_image\" \/>\n<script type=\"application\/ld+json\" class=\"yoast-schema-graph\">{\"@context\":\"https:\/\/schema.org\",\"@graph\":[{\"@type\":\"WebSite\",\"@id\":\"https:\/\/4lconduite.yt\/#website\",\"url\":\"https:\/\/4lconduite.yt\/\",\"name\":\"4LConduite\",\"description\":\"Accompagnateur de votre r\\u00e9ussite\",\"potentialAction\":[{\"@type\":\"SearchAction\",\"target\":\"https:\/\/4lconduite.yt\/?s={search_term_string}\",\"query-input\":\"required name=search_term_string\"}],\"inLanguage\":\"fr-FR\"},{\"@type\":\"ImageObject\",\"@id\":\"https:\/\/4lconduite.yt\/index.php\/modalites-permis-a-1e\/#primaryimage\",\"inLanguage\":\"fr-FR\",\"url\":\"https:\/\/4lconduite.yt\/wp-content\/uploads\/2022\/03\/2.png\",\"width\":6912,\"height\":3456},{\"@type\":\"WebPage\",\"@id\":\"https:\/\/4lconduite.yt\/index.php\/modalites-permis-a-1e\/#webpage\",\"url\":\"https:\/\/4lconduite.yt\/index.php\/modalites-permis-a-1e\/\",\"name\":\"Modalit\\u00e9s du Permis \\u00e0 1\\u20ac - 4LConduite\",\"isPartOf\":{\"@id\":\"https:\/\/4lconduite.yt\/#website\"},\"primaryImageOfPage\":{\"@id\":\"https:\/\/4lconduite.yt\/index.php\/modalites-permis-a-1e\/#primaryimage\"},\"datePublished\":\"2019-07-05T21:41:46+00:00\",\"dateModified\":\"2022-03-28T12:43:51+00:00\",\"inLanguage\":\"fr-FR\",\"potentialAction\":[{\"@type\":\"ReadAction\",\"target\":[\"https:\/\/4lconduite.yt\/index.php\/modalites-permis-a-1e\/\"]}]}]}<\/script>\n<!-- \/ Yoast SEO plugin. -->","_links":{"self":[{"href":"https:\/\/4lconduite.yt\/index.php\/wp-json\/wp\/v2\/pages\/449"}],"collection":[{"href":"https:\/\/4lconduite.yt\/index.php\/wp-json\/wp\/v2\/pages"}],"about":[{"href":"https:\/\/4lconduite.yt\/index.php\/wp-json\/wp\/v2\/types\/page"}],"author":[{"embeddable":true,"href":"https:\/\/4lconduite.yt\/index.php\/wp-json\/wp\/v2\/users\/1"}],"replies":[{"embeddable":true,"href":"https:\/\/4lconduite.yt\/index.php\/wp-json\/wp\/v2\/comments?post=449"}],"version-history":[{"count":27,"href":"https:\/\/4lconduite.yt\/index.php\/wp-json\/wp\/v2\/pages\/449\/revisions"}],"predecessor-version":[{"id":1646,"href":"https:\/\/4lconduite.yt\/index.php\/wp-json\/wp\/v2\/pages\/449\/revisions\/1646"}],"wp:attachment":[{"href":"https:\/\/4lconduite.yt\/index.php\/wp-json\/wp\/v2\/media?parent=449"}],"curies":[{"name":"wp","href":"https:\/\/api.w.org\/{rel}","templated":true}]}}