{"id":482,"date":"2019-07-06T01:23:37","date_gmt":"2019-07-05T23:23:37","guid":{"rendered":"https:\/\/4lconduite.yt\/?page_id=482"},"modified":"2025-04-08T10:57:37","modified_gmt":"2025-04-08T07:57:37","slug":"redevance","status":"publish","type":"page","link":"https:\/\/4lconduite.yt\/index.php\/redevance\/","title":{"rendered":"Redevance"},"content":{"rendered":"\t\t<div data-elementor-type=\"wp-page\" data-elementor-id=\"482\" class=\"elementor elementor-482\" data-elementor-settings=\"[]\">\n\t\t\t\t\t\t<div class=\"elementor-inner\">\n\t\t\t\t\t\t\t<div class=\"elementor-section-wrap\">\n\t\t\t\t\t\t\t<section class=\"elementor-section elementor-top-section elementor-element elementor-element-b9dfdb9 elementor-section-boxed elementor-section-height-default elementor-section-height-default\" data-id=\"b9dfdb9\" data-element_type=\"section\">\n\t\t\t\t\t\t<div class=\"elementor-container elementor-column-gap-default\">\n\t\t\t\t\t\t\t<div class=\"elementor-row\">\n\t\t\t\t\t<div class=\"elementor-column elementor-col-25 elementor-top-column elementor-element elementor-element-11a5b9f\" data-id=\"11a5b9f\" data-element_type=\"column\">\n\t\t\t<div class=\"elementor-column-wrap elementor-element-populated\">\n\t\t\t\t\t\t\t<div class=\"elementor-widget-wrap\">\n\t\t\t\t\t\t<div class=\"elementor-element elementor-element-8d2f63a elementor-align-center elementor-widget elementor-widget-button\" data-id=\"8d2f63a\" data-element_type=\"widget\" data-widget_type=\"button.default\">\n\t\t\t\t<div class=\"elementor-widget-container\">\n\t\t\t\t\t<div class=\"elementor-button-wrapper\">\n\t\t\t<a href=\"https:\/\/4lconduite.yt\/index.php\/formation-theorique-etg\/\" class=\"elementor-button-link elementor-button elementor-size-sm\" role=\"button\">\n\t\t\t\t\t\t<span class=\"elementor-button-content-wrapper\">\n\t\t\t\t\t\t<span class=\"elementor-button-text\">Formation Th\u00e9orique (ETG)<\/span>\n\t\t<\/span>\n\t\t\t\t\t<\/a>\n\t\t<\/div>\n\t\t\t\t<\/div>\n\t\t\t\t<\/div>\n\t\t\t\t\t\t<\/div>\n\t\t\t\t\t<\/div>\n\t\t<\/div>\n\t\t\t\t<div class=\"elementor-column elementor-col-25 elementor-top-column elementor-element elementor-element-3009724\" data-id=\"3009724\" data-element_type=\"column\">\n\t\t\t<div class=\"elementor-column-wrap elementor-element-populated\">\n\t\t\t\t\t\t\t<div class=\"elementor-widget-wrap\">\n\t\t\t\t\t\t<div class=\"elementor-element elementor-element-781bd70 elementor-align-center elementor-widget elementor-widget-button\" data-id=\"781bd70\" data-element_type=\"widget\" data-widget_type=\"button.default\">\n\t\t\t\t<div class=\"elementor-widget-container\">\n\t\t\t\t\t<div class=\"elementor-button-wrapper\">\n\t\t\t<a href=\"https:\/\/4lconduite.yt\/index.php\/programme-detaille-cours-theoriques\/\" class=\"elementor-button-link elementor-button elementor-size-sm\" role=\"button\">\n\t\t\t\t\t\t<span class=\"elementor-button-content-wrapper\">\n\t\t\t\t\t\t<span class=\"elementor-button-text\">Planning Cours Th\u00e9oriques<\/span>\n\t\t<\/span>\n\t\t\t\t\t<\/a>\n\t\t<\/div>\n\t\t\t\t<\/div>\n\t\t\t\t<\/div>\n\t\t\t\t\t\t<\/div>\n\t\t\t\t\t<\/div>\n\t\t<\/div>\n\t\t\t\t<div class=\"elementor-column elementor-col-25 elementor-top-column elementor-element elementor-element-208fd2c\" data-id=\"208fd2c\" data-element_type=\"column\">\n\t\t\t<div class=\"elementor-column-wrap elementor-element-populated\">\n\t\t\t\t\t\t\t<div class=\"elementor-widget-wrap\">\n\t\t\t\t\t\t<div class=\"elementor-element elementor-element-e80bab5 elementor-align-center elementor-widget elementor-widget-button\" data-id=\"e80bab5\" data-element_type=\"widget\" data-widget_type=\"button.default\">\n\t\t\t\t<div class=\"elementor-widget-container\">\n\t\t\t\t\t<div class=\"elementor-button-wrapper\">\n\t\t\t<a href=\"https:\/\/4lconduite.yt\/index.php\/code-en-ligne\/\" class=\"elementor-button-link elementor-button elementor-size-sm\" role=\"button\">\n\t\t\t\t\t\t<span class=\"elementor-button-content-wrapper\">\n\t\t\t\t\t\t<span class=\"elementor-button-text\">Code en Ligne<\/span>\n\t\t<\/span>\n\t\t\t\t\t<\/a>\n\t\t<\/div>\n\t\t\t\t<\/div>\n\t\t\t\t<\/div>\n\t\t\t\t\t\t<\/div>\n\t\t\t\t\t<\/div>\n\t\t<\/div>\n\t\t\t\t<div class=\"elementor-column elementor-col-25 elementor-top-column elementor-element elementor-element-d24be9f\" data-id=\"d24be9f\" data-element_type=\"column\">\n\t\t\t<div class=\"elementor-column-wrap elementor-element-populated\">\n\t\t\t\t\t\t\t<div class=\"elementor-widget-wrap\">\n\t\t\t\t\t\t<div class=\"elementor-element elementor-element-6c0c020 elementor-align-center elementor-widget elementor-widget-button\" data-id=\"6c0c020\" data-element_type=\"widget\" data-widget_type=\"button.default\">\n\t\t\t\t<div class=\"elementor-widget-container\">\n\t\t\t\t\t<div class=\"elementor-button-wrapper\">\n\t\t\t<a href=\"https:\/\/4lconduite.yt\/index.php\/tarifs-code\/\" class=\"elementor-button-link elementor-button elementor-size-sm\" role=\"button\">\n\t\t\t\t\t\t<span class=\"elementor-button-content-wrapper\">\n\t\t\t\t\t\t<span class=\"elementor-button-text\">Tarifs Code<\/span>\n\t\t<\/span>\n\t\t\t\t\t<\/a>\n\t\t<\/div>\n\t\t\t\t<\/div>\n\t\t\t\t<\/div>\n\t\t\t\t\t\t<\/div>\n\t\t\t\t\t<\/div>\n\t\t<\/div>\n\t\t\t\t\t\t\t\t<\/div>\n\t\t\t\t\t<\/div>\n\t\t<\/section>\n\t\t\t\t<section class=\"elementor-section elementor-top-section elementor-element elementor-element-736377a elementor-section-boxed elementor-section-height-default elementor-section-height-default\" data-id=\"736377a\" data-element_type=\"section\">\n\t\t\t\t\t\t<div class=\"elementor-container elementor-column-gap-default\">\n\t\t\t\t\t\t\t<div class=\"elementor-row\">\n\t\t\t\t\t<div class=\"elementor-column elementor-col-100 elementor-top-column elementor-element elementor-element-ce6002d\" data-id=\"ce6002d\" data-element_type=\"column\">\n\t\t\t<div class=\"elementor-column-wrap elementor-element-populated\">\n\t\t\t\t\t\t\t<div class=\"elementor-widget-wrap\">\n\t\t\t\t\t\t<div class=\"elementor-element elementor-element-199bbdb elementor-widget elementor-widget-heading\" data-id=\"199bbdb\" data-element_type=\"widget\" data-widget_type=\"heading.default\">\n\t\t\t\t<div class=\"elementor-widget-container\">\n\t\t\t<h2 class=\"elementor-heading-title elementor-size-default\"><br>NOTE D'INFORMATION N\u00b01<\/h2>\t\t<\/div>\n\t\t\t\t<\/div>\n\t\t\t\t<div class=\"elementor-element elementor-element-0640ef1 elementor-widget elementor-widget-text-editor\" data-id=\"0640ef1\" data-element_type=\"widget\" data-widget_type=\"text-editor.default\">\n\t\t\t\t<div class=\"elementor-widget-container\">\n\t\t\t\t\t<div class=\"elementor-text-editor elementor-clearfix\"><div><span lang=\"FR\"><a href=\"https:\/\/www.legifrance.gouv.fr\/affichTexte.do;jsessionid=1BABD7750460B8027C2381A1A1A1EB22.tpdila13v_2?cidTexte=JORFTEXT000032628471&amp;dateTexte=20160604\"><strong>Suite \u00e0 l&#8217;arr\u00eat\u00e9 du 1er juin 2016 relatif \u00e0 la redevance acquitt\u00e9e pour le passage de l&#8217;\u00e9preuve th\u00e9orique g\u00e9n\u00e9rale du permis de conduire et modifiant l&#8217;arr\u00eat\u00e9 du 20 avril 2012 fixant les conditions d&#8217;\u00e9tablissement, de d\u00e9livrance et de validit\u00e9 du permis de conduire<\/strong><\/a><\/span><\/div><\/div>\n\t\t\t\t<\/div>\n\t\t\t\t<\/div>\n\t\t\t\t<div class=\"elementor-element elementor-element-a7bd0b6 elementor-widget elementor-widget-text-editor\" data-id=\"a7bd0b6\" data-element_type=\"widget\" data-widget_type=\"text-editor.default\">\n\t\t\t\t<div class=\"elementor-widget-container\">\n\t\t\t\t\t<div class=\"elementor-text-editor elementor-clearfix\"><strong>Tous les \u00e9l\u00e8ves qui partent \u00e0 l\u2019examen th\u00e9orique g\u00e9n\u00e9ral (ETG) doivent s\u2019acquitter pr\u00e9alablement \u00e0 l\u2019inscription \u00e0 l\u2019examen d\u2019une somme de 30 euros (TRENTE EUROS) toutes taxes comprises.<p>\n<strong> MERCI DE VOTRE COMPREHENSION\u00a0!<\/div>\n\t\t\t\t<\/div>\n\t\t\t\t<\/div>\n\t\t\t\t\t\t<\/div>\n\t\t\t\t\t<\/div>\n\t\t<\/div>\n\t\t\t\t\t\t\t\t<\/div>\n\t\t\t\t\t<\/div>\n\t\t<\/section>\n\t\t\t\t<section class=\"elementor-section elementor-top-section elementor-element elementor-element-34e9091 elementor-section-boxed elementor-section-height-default elementor-section-height-default\" data-id=\"34e9091\" data-element_type=\"section\">\n\t\t\t\t\t\t<div class=\"elementor-container elementor-column-gap-default\">\n\t\t\t\t\t\t\t<div class=\"elementor-row\">\n\t\t\t\t\t<div class=\"elementor-column elementor-col-100 elementor-top-column elementor-element elementor-element-b7007e0\" data-id=\"b7007e0\" data-element_type=\"column\">\n\t\t\t<div class=\"elementor-column-wrap elementor-element-populated\">\n\t\t\t\t\t\t\t<div class=\"elementor-widget-wrap\">\n\t\t\t\t\t\t<div class=\"elementor-element elementor-element-f65ced9 elementor-widget elementor-widget-image\" data-id=\"f65ced9\" data-element_type=\"widget\" data-widget_type=\"image.default\">\n\t\t\t\t<div class=\"elementor-widget-container\">\n\t\t\t\t\t<div class=\"elementor-image\">\n\t\t\t\t\t\t\t\t\t\t<img width=\"768\" height=\"384\" src=\"https:\/\/4lconduite.yt\/wp-content\/uploads\/2022\/03\/2-768x384.png\" class=\"attachment-medium_large size-medium_large\" alt=\"\" loading=\"lazy\" srcset=\"https:\/\/4lconduite.yt\/wp-content\/uploads\/2022\/03\/2-768x384.png 768w, https:\/\/4lconduite.yt\/wp-content\/uploads\/2022\/03\/2-300x150.png 300w, https:\/\/4lconduite.yt\/wp-content\/uploads\/2022\/03\/2-1024x512.png 1024w, https:\/\/4lconduite.yt\/wp-content\/uploads\/2022\/03\/2-1536x768.png 1536w, https:\/\/4lconduite.yt\/wp-content\/uploads\/2022\/03\/2-2048x1024.png 2048w\" sizes=\"(max-width: 768px) 100vw, 768px\" \/>\t\t\t\t\t\t\t\t\t\t\t<\/div>\n\t\t\t\t<\/div>\n\t\t\t\t<\/div>\n\t\t\t\t\t\t<\/div>\n\t\t\t\t\t<\/div>\n\t\t<\/div>\n\t\t\t\t\t\t\t\t<\/div>\n\t\t\t\t\t<\/div>\n\t\t<\/section>\n\t\t\t\t\t\t<\/div>\n\t\t\t\t\t\t<\/div>\n\t\t\t\t\t<\/div>\n\t\t","protected":false},"excerpt":{"rendered":"<p>Formation Th\u00e9orique (ETG) Planning Cours Th\u00e9oriques Code en Ligne Tarifs Code NOTE D&#8217;INFORMATION N\u00b01 Suite \u00e0 l&#8217;arr\u00eat\u00e9 du 1er juin 2016 relatif \u00e0 la redevance acquitt\u00e9e pour le passage de l&#8217;\u00e9preuve th\u00e9orique g\u00e9n\u00e9rale du permis de conduire et modifiant l&#8217;arr\u00eat\u00e9 du 20 avril 2012 fixant les conditions d&#8217;\u00e9tablissement, de d\u00e9livrance et de validit\u00e9 du permis de conduireTous les \u00e9l\u00e8ves qui partent \u00e0 l\u2019examen th\u00e9orique g\u00e9n\u00e9ral (ETG) doivent s\u2019acquitter pr\u00e9alablement \u00e0 l\u2019inscription \u00e0 l\u2019examen d\u2019une somme de 30 euros (TRENTE EUROS) toutes taxes comprises. MERCI DE VOTRE COMPREHENSION\u00a0!<\/p>\n","protected":false},"author":1,"featured_media":0,"parent":0,"menu_order":0,"comment_status":"closed","ping_status":"closed","template":"","meta":[],"blocksy_meta":{"styles_descriptor":{"styles":{"desktop":"","tablet":"","mobile":""},"google_fonts":[],"version":4}},"yoast_head":"<!-- This site is optimized with the Yoast SEO plugin v15.0 - https:\/\/yoast.com\/wordpress\/plugins\/seo\/ -->\n<title>Redevance - 4LConduite<\/title>\n<meta name=\"robots\" content=\"index, follow, max-snippet:-1, max-image-preview:large, max-video-preview:-1\" \/>\n<link rel=\"canonical\" href=\"https:\/\/4lconduite.yt\/index.php\/redevance\/\" \/>\n<meta property=\"og:locale\" content=\"fr_FR\" \/>\n<meta property=\"og:type\" content=\"article\" \/>\n<meta property=\"og:title\" content=\"Redevance - 4LConduite\" \/>\n<meta property=\"og:description\" content=\"Formation Th\u00e9orique (ETG) Planning Cours Th\u00e9oriques Code en Ligne Tarifs Code NOTE D&#8217;INFORMATION N\u00b01 Suite \u00e0 l&#8217;arr\u00eat\u00e9 du 1er juin 2016 relatif \u00e0 la redevance acquitt\u00e9e pour le passage de l&#8217;\u00e9preuve th\u00e9orique g\u00e9n\u00e9rale du permis de conduire et modifiant l&#8217;arr\u00eat\u00e9 du 20 avril 2012 fixant les conditions d&#8217;\u00e9tablissement, de d\u00e9livrance et de validit\u00e9 du permis de conduireTous les \u00e9l\u00e8ves qui partent \u00e0 l\u2019examen th\u00e9orique g\u00e9n\u00e9ral (ETG) doivent s\u2019acquitter pr\u00e9alablement \u00e0 l\u2019inscription \u00e0 l\u2019examen d\u2019une somme de 30 euros (TRENTE EUROS) toutes taxes comprises. MERCI DE VOTRE COMPREHENSION\u00a0!\" \/>\n<meta property=\"og:url\" content=\"https:\/\/4lconduite.yt\/index.php\/redevance\/\" \/>\n<meta property=\"og:site_name\" content=\"4LConduite\" \/>\n<meta property=\"article:modified_time\" content=\"2025-04-08T07:57:37+00:00\" \/>\n<meta property=\"og:image\" content=\"https:\/\/4lconduite.yt\/wp-content\/uploads\/2022\/03\/2-768x384.png\" \/>\n<meta name=\"twitter:card\" content=\"summary_large_image\" \/>\n<script type=\"application\/ld+json\" class=\"yoast-schema-graph\">{\"@context\":\"https:\/\/schema.org\",\"@graph\":[{\"@type\":\"WebSite\",\"@id\":\"https:\/\/4lconduite.yt\/#website\",\"url\":\"https:\/\/4lconduite.yt\/\",\"name\":\"4LConduite\",\"description\":\"Accompagnateur de votre r\\u00e9ussite\",\"potentialAction\":[{\"@type\":\"SearchAction\",\"target\":\"https:\/\/4lconduite.yt\/?s={search_term_string}\",\"query-input\":\"required name=search_term_string\"}],\"inLanguage\":\"fr-FR\"},{\"@type\":\"ImageObject\",\"@id\":\"https:\/\/4lconduite.yt\/index.php\/redevance\/#primaryimage\",\"inLanguage\":\"fr-FR\",\"url\":\"https:\/\/4lconduite.yt\/wp-content\/uploads\/2022\/03\/2.png\",\"width\":6912,\"height\":3456},{\"@type\":\"WebPage\",\"@id\":\"https:\/\/4lconduite.yt\/index.php\/redevance\/#webpage\",\"url\":\"https:\/\/4lconduite.yt\/index.php\/redevance\/\",\"name\":\"Redevance - 4LConduite\",\"isPartOf\":{\"@id\":\"https:\/\/4lconduite.yt\/#website\"},\"primaryImageOfPage\":{\"@id\":\"https:\/\/4lconduite.yt\/index.php\/redevance\/#primaryimage\"},\"datePublished\":\"2019-07-05T23:23:37+00:00\",\"dateModified\":\"2025-04-08T07:57:37+00:00\",\"inLanguage\":\"fr-FR\",\"potentialAction\":[{\"@type\":\"ReadAction\",\"target\":[\"https:\/\/4lconduite.yt\/index.php\/redevance\/\"]}]}]}<\/script>\n<!-- \/ Yoast SEO plugin. -->","_links":{"self":[{"href":"https:\/\/4lconduite.yt\/index.php\/wp-json\/wp\/v2\/pages\/482"}],"collection":[{"href":"https:\/\/4lconduite.yt\/index.php\/wp-json\/wp\/v2\/pages"}],"about":[{"href":"https:\/\/4lconduite.yt\/index.php\/wp-json\/wp\/v2\/types\/page"}],"author":[{"embeddable":true,"href":"https:\/\/4lconduite.yt\/index.php\/wp-json\/wp\/v2\/users\/1"}],"replies":[{"embeddable":true,"href":"https:\/\/4lconduite.yt\/index.php\/wp-json\/wp\/v2\/comments?post=482"}],"version-history":[{"count":20,"href":"https:\/\/4lconduite.yt\/index.php\/wp-json\/wp\/v2\/pages\/482\/revisions"}],"predecessor-version":[{"id":1965,"href":"https:\/\/4lconduite.yt\/index.php\/wp-json\/wp\/v2\/pages\/482\/revisions\/1965"}],"wp:attachment":[{"href":"https:\/\/4lconduite.yt\/index.php\/wp-json\/wp\/v2\/media?parent=482"}],"curies":[{"name":"wp","href":"https:\/\/api.w.org\/{rel}","templated":true}]}}