{"id":503,"date":"2019-07-07T18:11:16","date_gmt":"2019-07-07T15:11:16","guid":{"rendered":"https:\/\/4lconduite.yt\/?page_id=503"},"modified":"2022-03-28T15:46:22","modified_gmt":"2022-03-28T12:46:22","slug":"conditions-post-permis","status":"publish","type":"page","link":"https:\/\/4lconduite.yt\/index.php\/conditions-post-permis\/","title":{"rendered":"Programme Formation Post-Permis"},"content":{"rendered":"\t\t<div data-elementor-type=\"wp-page\" data-elementor-id=\"503\" class=\"elementor elementor-503\" data-elementor-settings=\"[]\">\n\t\t\t\t\t\t<div class=\"elementor-inner\">\n\t\t\t\t\t\t\t<div class=\"elementor-section-wrap\">\n\t\t\t\t\t\t\t<section class=\"elementor-section elementor-top-section elementor-element elementor-element-655ee4f elementor-section-boxed elementor-section-height-default elementor-section-height-default\" data-id=\"655ee4f\" data-element_type=\"section\">\n\t\t\t\t\t\t<div class=\"elementor-container elementor-column-gap-default\">\n\t\t\t\t\t\t\t<div class=\"elementor-row\">\n\t\t\t\t\t<div class=\"elementor-column elementor-col-50 elementor-top-column elementor-element elementor-element-93db1e9\" data-id=\"93db1e9\" data-element_type=\"column\">\n\t\t\t<div class=\"elementor-column-wrap elementor-element-populated\">\n\t\t\t\t\t\t\t<div class=\"elementor-widget-wrap\">\n\t\t\t\t\t\t<div class=\"elementor-element elementor-element-e699f92 elementor-align-center elementor-widget elementor-widget-button\" data-id=\"e699f92\" data-element_type=\"widget\" data-widget_type=\"button.default\">\n\t\t\t\t<div class=\"elementor-widget-container\">\n\t\t\t\t\t<div class=\"elementor-button-wrapper\">\n\t\t\t<a href=\"https:\/\/4lconduite.yt\/index.php\/post-permis\/\" class=\"elementor-button-link elementor-button elementor-size-sm\" role=\"button\">\n\t\t\t\t\t\t<span class=\"elementor-button-content-wrapper\">\n\t\t\t\t\t\t<span class=\"elementor-button-text\">Formation Post-Permis<\/span>\n\t\t<\/span>\n\t\t\t\t\t<\/a>\n\t\t<\/div>\n\t\t\t\t<\/div>\n\t\t\t\t<\/div>\n\t\t\t\t\t\t<\/div>\n\t\t\t\t\t<\/div>\n\t\t<\/div>\n\t\t\t\t<div class=\"elementor-column elementor-col-50 elementor-top-column elementor-element elementor-element-fca6ed0\" data-id=\"fca6ed0\" data-element_type=\"column\">\n\t\t\t<div class=\"elementor-column-wrap elementor-element-populated\">\n\t\t\t\t\t\t\t<div class=\"elementor-widget-wrap\">\n\t\t\t\t\t\t<div class=\"elementor-element elementor-element-885856a elementor-align-center elementor-widget elementor-widget-button\" data-id=\"885856a\" data-element_type=\"widget\" data-widget_type=\"button.default\">\n\t\t\t\t<div class=\"elementor-widget-container\">\n\t\t\t\t\t<div class=\"elementor-button-wrapper\">\n\t\t\t<a href=\"https:\/\/4lconduite.yt\/index.php\/tarif-post-permis\/\" class=\"elementor-button-link elementor-button elementor-size-sm\" role=\"button\">\n\t\t\t\t\t\t<span class=\"elementor-button-content-wrapper\">\n\t\t\t\t\t\t<span class=\"elementor-button-text\">Tarifs Post-Permis<\/span>\n\t\t<\/span>\n\t\t\t\t\t<\/a>\n\t\t<\/div>\n\t\t\t\t<\/div>\n\t\t\t\t<\/div>\n\t\t\t\t\t\t<\/div>\n\t\t\t\t\t<\/div>\n\t\t<\/div>\n\t\t\t\t\t\t\t\t<\/div>\n\t\t\t\t\t<\/div>\n\t\t<\/section>\n\t\t\t\t<section class=\"elementor-section elementor-top-section elementor-element elementor-element-af1572b elementor-section-boxed elementor-section-height-default elementor-section-height-default\" data-id=\"af1572b\" data-element_type=\"section\" data-settings=\"{&quot;shape_divider_top&quot;:&quot;mountains&quot;}\">\n\t\t\t\t\t<div class=\"elementor-shape elementor-shape-top\" data-negative=\"false\">\n\t\t\t<svg xmlns=\"http:\/\/www.w3.org\/2000\/svg\" viewBox=\"0 0 1000 100\" preserveAspectRatio=\"none\">\n\t<path class=\"elementor-shape-fill\" opacity=\"0.33\" d=\"M473,67.3c-203.9,88.3-263.1-34-320.3,0C66,119.1,0,59.7,0,59.7V0h1000v59.7 c0,0-62.1,26.1-94.9,29.3c-32.8,3.3-62.8-12.3-75.8-22.1C806,49.6,745.3,8.7,694.9,4.7S492.4,59,473,67.3z\"\/>\n\t<path class=\"elementor-shape-fill\" opacity=\"0.66\" d=\"M734,67.3c-45.5,0-77.2-23.2-129.1-39.1c-28.6-8.7-150.3-10.1-254,39.1 s-91.7-34.4-149.2,0C115.7,118.3,0,39.8,0,39.8V0h1000v36.5c0,0-28.2-18.5-92.1-18.5C810.2,18.1,775.7,67.3,734,67.3z\"\/>\n\t<path class=\"elementor-shape-fill\" d=\"M766.1,28.9c-200-57.5-266,65.5-395.1,19.5C242,1.8,242,5.4,184.8,20.6C128,35.8,132.3,44.9,89.9,52.5C28.6,63.7,0,0,0,0 h1000c0,0-9.9,40.9-83.6,48.1S829.6,47,766.1,28.9z\"\/>\n<\/svg>\t\t<\/div>\n\t\t\t\t\t<div class=\"elementor-container elementor-column-gap-default\">\n\t\t\t\t\t\t\t<div class=\"elementor-row\">\n\t\t\t\t\t<div class=\"elementor-column elementor-col-100 elementor-top-column elementor-element elementor-element-f7e9fde\" data-id=\"f7e9fde\" data-element_type=\"column\">\n\t\t\t<div class=\"elementor-column-wrap elementor-element-populated\">\n\t\t\t\t\t\t\t<div class=\"elementor-widget-wrap\">\n\t\t\t\t\t\t<div class=\"elementor-element elementor-element-e83d257 elementor-widget elementor-widget-heading\" data-id=\"e83d257\" data-element_type=\"widget\" data-widget_type=\"heading.default\">\n\t\t\t\t<div class=\"elementor-widget-container\">\n\t\t\t<h4 class=\"elementor-heading-title elementor-size-default\"><br><br><br>ANIME PAR UN ENSEIGNANT DE LA CONDUITE ET DE LA SECURITE ROUTIERE<\/h4>\t\t<\/div>\n\t\t\t\t<\/div>\n\t\t\t\t<div class=\"elementor-element elementor-element-6cc7efb elementor-widget elementor-widget-text-editor\" data-id=\"6cc7efb\" data-element_type=\"widget\" data-widget_type=\"text-editor.default\">\n\t\t\t\t<div class=\"elementor-widget-container\">\n\t\t\t\t\t<div class=\"elementor-text-editor elementor-clearfix\"><p><span style=\"text-decoration: underline;\"><strong>Objectif<\/strong><\/span> : Sensibilisation aux risques routiers\u00a0<\/p>\n<p><span style=\"text-decoration: underline;\"><strong>Public<\/strong><\/span> : Etre titulaire du Permis B (entre 6 et 12mois)<\/p>\n<p><span style=\"text-decoration: underline;\"><strong>Dur\u00e9e<\/strong><\/span> : 07 Heures de formation et 45 minutes de pause m\u00e9ridienne.<\/p>\n<p><strong><span style=\"text-decoration: underline;\">Effectif minimum \u00e0 l&#8217;inscription<\/span><\/strong> : 6\u00a0<\/p><\/div>\n\t\t\t\t<\/div>\n\t\t\t\t<\/div>\n\t\t\t\t<div class=\"elementor-element elementor-element-8e6321b elementor-widget elementor-widget-heading\" data-id=\"8e6321b\" data-element_type=\"widget\" data-widget_type=\"heading.default\">\n\t\t\t\t<div class=\"elementor-widget-container\">\n\t\t\t<h2 class=\"elementor-heading-title elementor-size-default\">PROGRAMME<\/h2>\t\t<\/div>\n\t\t\t\t<\/div>\n\t\t\t\t<div class=\"elementor-element elementor-element-5a41098 elementor-widget elementor-widget-heading\" data-id=\"5a41098\" data-element_type=\"widget\" data-widget_type=\"heading.default\">\n\t\t\t\t<div class=\"elementor-widget-container\">\n\t\t\t<h3 class=\"elementor-heading-title elementor-size-default\">MATINEE<\/h3>\t\t<\/div>\n\t\t\t\t<\/div>\n\t\t\t\t<div class=\"elementor-element elementor-element-081d751 elementor-widget elementor-widget-text-editor\" data-id=\"081d751\" data-element_type=\"widget\" data-widget_type=\"text-editor.default\">\n\t\t\t\t<div class=\"elementor-widget-container\">\n\t\t\t\t\t<div class=\"elementor-text-editor elementor-clearfix\"><p><strong>Am\u00e9liorer la compr\u00e9hension et la gestion des situations de conduite complexes<\/strong><\/p><\/div>\n\t\t\t\t<\/div>\n\t\t\t\t<\/div>\n\t\t\t\t<div class=\"elementor-element elementor-element-57d4446 elementor-widget elementor-widget-text-editor\" data-id=\"57d4446\" data-element_type=\"widget\" data-widget_type=\"text-editor.default\">\n\t\t\t\t<div class=\"elementor-widget-container\">\n\t\t\t\t\t<div class=\"elementor-text-editor elementor-clearfix\"><table>\n<tbody>\n<tr>\n<td width=\"604\">\n<p><strong>PRESENTATION DE LA FORMATION<\/strong><\/p>\n<\/td>\n<\/tr>\n<tr>\n<td width=\"604\">\n<p><strong>QUESTIONNAIRE D\u2019ENTREE EN FORMATION<\/strong><\/p>\n<\/td>\n<\/tr>\n<tr>\n<td width=\"604\">\n<p><strong>CONSTITUTION DU GROUPE<\/strong><\/p>\n<\/td>\n<\/tr>\n<tr>\n<td width=\"604\">\n<p><strong>TRAITEMENT DU QUESTIONNAIRE D\u2019AUTO-EVALUATION<\/strong><\/p>\n<\/td>\n<\/tr>\n<tr>\n<td width=\"604\">\n<p><strong>PERCEPTION DES RISQUES<\/strong><\/p>\n<\/td>\n<\/tr>\n<tr>\n<td width=\"604\">\n<p><strong>SITUATIONS COMPLEXES<\/strong><\/p>\n<\/td>\n<\/tr>\n<\/tbody>\n<\/table><\/div>\n\t\t\t\t<\/div>\n\t\t\t\t<\/div>\n\t\t\t\t<div class=\"elementor-element elementor-element-c7a411a elementor-widget elementor-widget-heading\" data-id=\"c7a411a\" data-element_type=\"widget\" data-widget_type=\"heading.default\">\n\t\t\t\t<div class=\"elementor-widget-container\">\n\t\t\t<h4 class=\"elementor-heading-title elementor-size-default\">PAUSE DE 45 MINUTES<\/h4>\t\t<\/div>\n\t\t\t\t<\/div>\n\t\t\t\t<div class=\"elementor-element elementor-element-cfd4384 elementor-widget elementor-widget-heading\" data-id=\"cfd4384\" data-element_type=\"widget\" data-widget_type=\"heading.default\">\n\t\t\t\t<div class=\"elementor-widget-container\">\n\t\t\t<h3 class=\"elementor-heading-title elementor-size-default\">APRES-MIDI<\/h3>\t\t<\/div>\n\t\t\t\t<\/div>\n\t\t\t\t<div class=\"elementor-element elementor-element-7e794b8 elementor-widget elementor-widget-text-editor\" data-id=\"7e794b8\" data-element_type=\"widget\" data-widget_type=\"text-editor.default\">\n\t\t\t\t<div class=\"elementor-widget-container\">\n\t\t\t\t\t<div class=\"elementor-text-editor elementor-clearfix\"><p><strong>Rendre son d\u00e9placement plus s\u00fbr et plus citoyen par des choix de mobilit\u00e9 responsables<\/strong><\/p><\/div>\n\t\t\t\t<\/div>\n\t\t\t\t<\/div>\n\t\t\t\t<div class=\"elementor-element elementor-element-cea8525 elementor-widget elementor-widget-text-editor\" data-id=\"cea8525\" data-element_type=\"widget\" data-widget_type=\"text-editor.default\">\n\t\t\t\t<div class=\"elementor-widget-container\">\n\t\t\t\t\t<div class=\"elementor-text-editor elementor-clearfix\"><table>\n<tbody>\n<tr>\n<td width=\"604\">\n<p><strong>MOBILITE ET THEMATIQUES CARACTERISTIQUES DES JEUNES <\/strong><\/p>\n<\/td>\n<\/tr>\n<tr>\n<td width=\"604\">\n<p><strong>CHOIX DE MOBILITE<\/strong><\/p>\n<\/td>\n<\/tr>\n<tr>\n<td width=\"604\">\n<p><strong>BILAN AVEC ENGAGEMENT<\/strong><\/p>\n<\/td>\n<\/tr>\n<\/tbody>\n<\/table><\/div>\n\t\t\t\t<\/div>\n\t\t\t\t<\/div>\n\t\t\t\t<div class=\"elementor-element elementor-element-a4a61d8 elementor-widget elementor-widget-text-editor\" data-id=\"a4a61d8\" data-element_type=\"widget\" data-widget_type=\"text-editor.default\">\n\t\t\t\t<div class=\"elementor-widget-container\">\n\t\t\t\t\t<div class=\"elementor-text-editor elementor-clearfix\"><p><strong>FIN DE LA FORMATION<\/strong> : Attestation de suivi de la formation compl\u00e9mentaire<\/p><\/div>\n\t\t\t\t<\/div>\n\t\t\t\t<\/div>\n\t\t\t\t\t\t<\/div>\n\t\t\t\t\t<\/div>\n\t\t<\/div>\n\t\t\t\t\t\t\t\t<\/div>\n\t\t\t\t\t<\/div>\n\t\t<\/section>\n\t\t\t\t<section class=\"elementor-section elementor-top-section elementor-element elementor-element-07fadd5 elementor-section-boxed elementor-section-height-default elementor-section-height-default\" data-id=\"07fadd5\" data-element_type=\"section\">\n\t\t\t\t\t\t<div class=\"elementor-container elementor-column-gap-default\">\n\t\t\t\t\t\t\t<div class=\"elementor-row\">\n\t\t\t\t\t<div class=\"elementor-column elementor-col-100 elementor-top-column elementor-element elementor-element-80478b7\" data-id=\"80478b7\" data-element_type=\"column\">\n\t\t\t<div class=\"elementor-column-wrap elementor-element-populated\">\n\t\t\t\t\t\t\t<div class=\"elementor-widget-wrap\">\n\t\t\t\t\t\t<div class=\"elementor-element elementor-element-212ebc1 elementor-widget elementor-widget-image\" data-id=\"212ebc1\" data-element_type=\"widget\" data-widget_type=\"image.default\">\n\t\t\t\t<div class=\"elementor-widget-container\">\n\t\t\t\t\t<div class=\"elementor-image\">\n\t\t\t\t\t\t\t\t\t\t<img width=\"768\" height=\"384\" src=\"https:\/\/4lconduite.yt\/wp-content\/uploads\/2022\/03\/2-768x384.png\" class=\"attachment-medium_large size-medium_large\" alt=\"\" loading=\"lazy\" srcset=\"https:\/\/4lconduite.yt\/wp-content\/uploads\/2022\/03\/2-768x384.png 768w, https:\/\/4lconduite.yt\/wp-content\/uploads\/2022\/03\/2-300x150.png 300w, https:\/\/4lconduite.yt\/wp-content\/uploads\/2022\/03\/2-1024x512.png 1024w, https:\/\/4lconduite.yt\/wp-content\/uploads\/2022\/03\/2-1536x768.png 1536w, https:\/\/4lconduite.yt\/wp-content\/uploads\/2022\/03\/2-2048x1024.png 2048w\" sizes=\"(max-width: 768px) 100vw, 768px\" \/>\t\t\t\t\t\t\t\t\t\t\t<\/div>\n\t\t\t\t<\/div>\n\t\t\t\t<\/div>\n\t\t\t\t\t\t<\/div>\n\t\t\t\t\t<\/div>\n\t\t<\/div>\n\t\t\t\t\t\t\t\t<\/div>\n\t\t\t\t\t<\/div>\n\t\t<\/section>\n\t\t\t\t\t\t<\/div>\n\t\t\t\t\t\t<\/div>\n\t\t\t\t\t<\/div>\n\t\t","protected":false},"excerpt":{"rendered":"<p>Formation Post-Permis Tarifs Post-Permis ANIME PAR UN ENSEIGNANT DE LA CONDUITE ET DE LA SECURITE ROUTIERE Objectif : Sensibilisation aux risques routiers\u00a0 Public : Etre titulaire du Permis B (entre 6 et 12mois) Dur\u00e9e : 07 Heures de formation et 45 minutes de pause m\u00e9ridienne. Effectif minimum \u00e0 l&#8217;inscription : 6\u00a0 PROGRAMME MATINEE Am\u00e9liorer la compr\u00e9hension et la gestion des situations de conduite complexes PRESENTATION DE LA FORMATION QUESTIONNAIRE D\u2019ENTREE EN FORMATION CONSTITUTION DU GROUPE TRAITEMENT DU QUESTIONNAIRE D\u2019AUTO-EVALUATION PERCEPTION DES RISQUES SITUATIONS COMPLEXES PAUSE DE 45 MINUTES APRES-MIDI Rendre son d\u00e9placement plus s\u00fbr et plus citoyen par des choix\u2026<\/p>\n","protected":false},"author":1,"featured_media":0,"parent":0,"menu_order":0,"comment_status":"closed","ping_status":"closed","template":"","meta":[],"blocksy_meta":{"styles_descriptor":{"styles":{"desktop":"","tablet":"","mobile":""},"google_fonts":[],"version":4}},"yoast_head":"<!-- This site is optimized with the Yoast SEO plugin v15.0 - https:\/\/yoast.com\/wordpress\/plugins\/seo\/ -->\n<title>Programme Formation Post-Permis - 4LConduite<\/title>\n<meta name=\"robots\" content=\"index, follow, max-snippet:-1, max-image-preview:large, max-video-preview:-1\" \/>\n<link rel=\"canonical\" href=\"https:\/\/4lconduite.yt\/index.php\/conditions-post-permis\/\" \/>\n<meta property=\"og:locale\" content=\"fr_FR\" \/>\n<meta property=\"og:type\" content=\"article\" \/>\n<meta property=\"og:title\" content=\"Programme Formation Post-Permis - 4LConduite\" \/>\n<meta property=\"og:description\" content=\"Formation Post-Permis Tarifs Post-Permis ANIME PAR UN ENSEIGNANT DE LA CONDUITE ET DE LA SECURITE ROUTIERE Objectif : Sensibilisation aux risques routiers\u00a0 Public : Etre titulaire du Permis B (entre 6 et 12mois) Dur\u00e9e : 07 Heures de formation et 45 minutes de pause m\u00e9ridienne. Effectif minimum \u00e0 l&#8217;inscription : 6\u00a0 PROGRAMME MATINEE Am\u00e9liorer la compr\u00e9hension et la gestion des situations de conduite complexes PRESENTATION DE LA FORMATION QUESTIONNAIRE D\u2019ENTREE EN FORMATION CONSTITUTION DU GROUPE TRAITEMENT DU QUESTIONNAIRE D\u2019AUTO-EVALUATION PERCEPTION DES RISQUES SITUATIONS COMPLEXES PAUSE DE 45 MINUTES APRES-MIDI Rendre son d\u00e9placement plus s\u00fbr et plus citoyen par des choix\u2026\" \/>\n<meta property=\"og:url\" content=\"https:\/\/4lconduite.yt\/index.php\/conditions-post-permis\/\" \/>\n<meta property=\"og:site_name\" content=\"4LConduite\" \/>\n<meta property=\"article:modified_time\" content=\"2022-03-28T12:46:22+00:00\" \/>\n<meta property=\"og:image\" content=\"https:\/\/4lconduite.yt\/wp-content\/uploads\/2022\/03\/2-768x384.png\" \/>\n<meta name=\"twitter:card\" content=\"summary_large_image\" \/>\n<script type=\"application\/ld+json\" class=\"yoast-schema-graph\">{\"@context\":\"https:\/\/schema.org\",\"@graph\":[{\"@type\":\"WebSite\",\"@id\":\"https:\/\/4lconduite.yt\/#website\",\"url\":\"https:\/\/4lconduite.yt\/\",\"name\":\"4LConduite\",\"description\":\"Accompagnateur de votre r\\u00e9ussite\",\"potentialAction\":[{\"@type\":\"SearchAction\",\"target\":\"https:\/\/4lconduite.yt\/?s={search_term_string}\",\"query-input\":\"required name=search_term_string\"}],\"inLanguage\":\"fr-FR\"},{\"@type\":\"ImageObject\",\"@id\":\"https:\/\/4lconduite.yt\/index.php\/conditions-post-permis\/#primaryimage\",\"inLanguage\":\"fr-FR\",\"url\":\"https:\/\/4lconduite.yt\/wp-content\/uploads\/2022\/03\/2.png\",\"width\":6912,\"height\":3456},{\"@type\":\"WebPage\",\"@id\":\"https:\/\/4lconduite.yt\/index.php\/conditions-post-permis\/#webpage\",\"url\":\"https:\/\/4lconduite.yt\/index.php\/conditions-post-permis\/\",\"name\":\"Programme Formation Post-Permis - 4LConduite\",\"isPartOf\":{\"@id\":\"https:\/\/4lconduite.yt\/#website\"},\"primaryImageOfPage\":{\"@id\":\"https:\/\/4lconduite.yt\/index.php\/conditions-post-permis\/#primaryimage\"},\"datePublished\":\"2019-07-07T15:11:16+00:00\",\"dateModified\":\"2022-03-28T12:46:22+00:00\",\"inLanguage\":\"fr-FR\",\"potentialAction\":[{\"@type\":\"ReadAction\",\"target\":[\"https:\/\/4lconduite.yt\/index.php\/conditions-post-permis\/\"]}]}]}<\/script>\n<!-- \/ Yoast SEO plugin. -->","_links":{"self":[{"href":"https:\/\/4lconduite.yt\/index.php\/wp-json\/wp\/v2\/pages\/503"}],"collection":[{"href":"https:\/\/4lconduite.yt\/index.php\/wp-json\/wp\/v2\/pages"}],"about":[{"href":"https:\/\/4lconduite.yt\/index.php\/wp-json\/wp\/v2\/types\/page"}],"author":[{"embeddable":true,"href":"https:\/\/4lconduite.yt\/index.php\/wp-json\/wp\/v2\/users\/1"}],"replies":[{"embeddable":true,"href":"https:\/\/4lconduite.yt\/index.php\/wp-json\/wp\/v2\/comments?post=503"}],"version-history":[{"count":29,"href":"https:\/\/4lconduite.yt\/index.php\/wp-json\/wp\/v2\/pages\/503\/revisions"}],"predecessor-version":[{"id":1650,"href":"https:\/\/4lconduite.yt\/index.php\/wp-json\/wp\/v2\/pages\/503\/revisions\/1650"}],"wp:attachment":[{"href":"https:\/\/4lconduite.yt\/index.php\/wp-json\/wp\/v2\/media?parent=503"}],"curies":[{"name":"wp","href":"https:\/\/api.w.org\/{rel}","templated":true}]}}