{"id":687,"date":"2019-08-05T16:47:56","date_gmt":"2019-08-05T13:47:56","guid":{"rendered":"https:\/\/4lconduite.yt\/?page_id=687"},"modified":"2025-04-08T07:55:08","modified_gmt":"2025-04-08T04:55:08","slug":"enjeu-de-la-formation","status":"publish","type":"page","link":"https:\/\/4lconduite.yt\/index.php\/enjeu-de-la-formation\/","title":{"rendered":"Enjeu de la formation"},"content":{"rendered":"\t\t<div data-elementor-type=\"wp-page\" data-elementor-id=\"687\" class=\"elementor elementor-687\" data-elementor-settings=\"[]\">\n\t\t\t\t\t\t<div class=\"elementor-inner\">\n\t\t\t\t\t\t\t<div class=\"elementor-section-wrap\">\n\t\t\t\t\t\t\t<section class=\"elementor-section elementor-top-section elementor-element elementor-element-3e2f140 elementor-section-boxed elementor-section-height-default elementor-section-height-default elementor-invisible\" data-id=\"3e2f140\" data-element_type=\"section\" data-settings=\"{&quot;animation&quot;:&quot;none&quot;}\">\n\t\t\t\t\t\t<div class=\"elementor-container elementor-column-gap-default\">\n\t\t\t\t\t\t\t<div class=\"elementor-row\">\n\t\t\t\t\t<div class=\"elementor-column elementor-col-16 elementor-top-column elementor-element elementor-element-f8139dc\" data-id=\"f8139dc\" data-element_type=\"column\">\n\t\t\t<div class=\"elementor-column-wrap elementor-element-populated\">\n\t\t\t\t\t\t\t<div class=\"elementor-widget-wrap\">\n\t\t\t\t\t\t<div class=\"elementor-element elementor-element-a8f9a19 elementor-align-center elementor-widget elementor-widget-button\" data-id=\"a8f9a19\" data-element_type=\"widget\" data-widget_type=\"button.default\">\n\t\t\t\t<div class=\"elementor-widget-container\">\n\t\t\t\t\t<div class=\"elementor-button-wrapper\">\n\t\t\t<a href=\"https:\/\/4lconduite.yt\/index.php\/parcours-de-formation\/\" class=\"elementor-button-link elementor-button elementor-size-sm\" role=\"button\">\n\t\t\t\t\t\t<span class=\"elementor-button-content-wrapper\">\n\t\t\t\t\t\t<span class=\"elementor-button-text\">Parcours de Formation<\/span>\n\t\t<\/span>\n\t\t\t\t\t<\/a>\n\t\t<\/div>\n\t\t\t\t<\/div>\n\t\t\t\t<\/div>\n\t\t\t\t\t\t<\/div>\n\t\t\t\t\t<\/div>\n\t\t<\/div>\n\t\t\t\t<div class=\"elementor-column elementor-col-16 elementor-top-column elementor-element elementor-element-036c055\" data-id=\"036c055\" data-element_type=\"column\">\n\t\t\t<div class=\"elementor-column-wrap elementor-element-populated\">\n\t\t\t\t\t\t\t<div class=\"elementor-widget-wrap\">\n\t\t\t\t\t\t<div class=\"elementor-element elementor-element-51bc06c elementor-align-center elementor-widget elementor-widget-button\" data-id=\"51bc06c\" data-element_type=\"widget\" data-widget_type=\"button.default\">\n\t\t\t\t<div class=\"elementor-widget-container\">\n\t\t\t\t\t<div class=\"elementor-button-wrapper\">\n\t\t\t<a href=\"https:\/\/4lconduite.yt\/index.php\/traditionnelle\/\" class=\"elementor-button-link elementor-button elementor-size-sm\" role=\"button\">\n\t\t\t\t\t\t<span class=\"elementor-button-content-wrapper\">\n\t\t\t\t\t\t<span class=\"elementor-button-text\">Conduite Traditionnelle<\/span>\n\t\t<\/span>\n\t\t\t\t\t<\/a>\n\t\t<\/div>\n\t\t\t\t<\/div>\n\t\t\t\t<\/div>\n\t\t\t\t\t\t<\/div>\n\t\t\t\t\t<\/div>\n\t\t<\/div>\n\t\t\t\t<div class=\"elementor-column elementor-col-16 elementor-top-column elementor-element elementor-element-90b1db2\" data-id=\"90b1db2\" data-element_type=\"column\">\n\t\t\t<div class=\"elementor-column-wrap elementor-element-populated\">\n\t\t\t\t\t\t\t<div class=\"elementor-widget-wrap\">\n\t\t\t\t\t\t<div class=\"elementor-element elementor-element-5aa75e0 elementor-align-center elementor-widget elementor-widget-button\" data-id=\"5aa75e0\" data-element_type=\"widget\" data-widget_type=\"button.default\">\n\t\t\t\t<div class=\"elementor-widget-container\">\n\t\t\t\t\t<div class=\"elementor-button-wrapper\">\n\t\t\t<a href=\"https:\/\/4lconduite.yt\/index.php\/tarifs-code\/\" class=\"elementor-button-link elementor-button elementor-size-sm\" role=\"button\">\n\t\t\t\t\t\t<span class=\"elementor-button-content-wrapper\">\n\t\t\t\t\t\t<span class=\"elementor-button-text\">Conduite Supervis\u00e9e<\/span>\n\t\t<\/span>\n\t\t\t\t\t<\/a>\n\t\t<\/div>\n\t\t\t\t<\/div>\n\t\t\t\t<\/div>\n\t\t\t\t\t\t<\/div>\n\t\t\t\t\t<\/div>\n\t\t<\/div>\n\t\t\t\t<div class=\"elementor-column elementor-col-16 elementor-top-column elementor-element elementor-element-50b02e5\" data-id=\"50b02e5\" data-element_type=\"column\">\n\t\t\t<div class=\"elementor-column-wrap elementor-element-populated\">\n\t\t\t\t\t\t\t<div class=\"elementor-widget-wrap\">\n\t\t\t\t\t\t<div class=\"elementor-element elementor-element-2c9433e elementor-align-center elementor-widget elementor-widget-button\" data-id=\"2c9433e\" data-element_type=\"widget\" data-widget_type=\"button.default\">\n\t\t\t\t<div class=\"elementor-widget-container\">\n\t\t\t\t\t<div class=\"elementor-button-wrapper\">\n\t\t\t<a href=\"https:\/\/4lconduite.yt\/index.php\/tarifs-code\/\" class=\"elementor-button-link elementor-button elementor-size-sm\" role=\"button\">\n\t\t\t\t\t\t<span class=\"elementor-button-content-wrapper\">\n\t\t\t\t\t\t<span class=\"elementor-button-text\">Apprentissage Anticip\u00e9e de la Conduite<\/span>\n\t\t<\/span>\n\t\t\t\t\t<\/a>\n\t\t<\/div>\n\t\t\t\t<\/div>\n\t\t\t\t<\/div>\n\t\t\t\t\t\t<\/div>\n\t\t\t\t\t<\/div>\n\t\t<\/div>\n\t\t\t\t<div class=\"elementor-column elementor-col-16 elementor-top-column elementor-element elementor-element-16b1148\" data-id=\"16b1148\" data-element_type=\"column\">\n\t\t\t<div class=\"elementor-column-wrap elementor-element-populated\">\n\t\t\t\t\t\t\t<div class=\"elementor-widget-wrap\">\n\t\t\t\t\t\t<div class=\"elementor-element elementor-element-f198be9 elementor-align-center elementor-widget elementor-widget-button\" data-id=\"f198be9\" data-element_type=\"widget\" data-widget_type=\"button.default\">\n\t\t\t\t<div class=\"elementor-widget-container\">\n\t\t\t\t\t<div class=\"elementor-button-wrapper\">\n\t\t\t<a href=\"https:\/\/4lconduite.yt\/index.php\/tarifs\/\" class=\"elementor-button-link elementor-button elementor-size-sm\" role=\"button\">\n\t\t\t\t\t\t<span class=\"elementor-button-content-wrapper\">\n\t\t\t\t\t\t<span class=\"elementor-button-text\">Tarifs Conduite<\/span>\n\t\t<\/span>\n\t\t\t\t\t<\/a>\n\t\t<\/div>\n\t\t\t\t<\/div>\n\t\t\t\t<\/div>\n\t\t\t\t\t\t<\/div>\n\t\t\t\t\t<\/div>\n\t\t<\/div>\n\t\t\t\t<div class=\"elementor-column elementor-col-16 elementor-top-column elementor-element elementor-element-73f71be\" data-id=\"73f71be\" data-element_type=\"column\">\n\t\t\t<div class=\"elementor-column-wrap elementor-element-populated\">\n\t\t\t\t\t\t\t<div class=\"elementor-widget-wrap\">\n\t\t\t\t\t\t<div class=\"elementor-element elementor-element-ae9bb02 elementor-align-center elementor-widget elementor-widget-button\" data-id=\"ae9bb02\" data-element_type=\"widget\" data-widget_type=\"button.default\">\n\t\t\t\t<div class=\"elementor-widget-container\">\n\t\t\t\t\t<div class=\"elementor-button-wrapper\">\n\t\t\t<a href=\"https:\/\/4lconduite.yt\/index.php\/pieces-a-fournir\/\" class=\"elementor-button-link elementor-button elementor-size-sm\" role=\"button\">\n\t\t\t\t\t\t<span class=\"elementor-button-content-wrapper\">\n\t\t\t\t\t\t<span class=\"elementor-button-text\">Pi\u00e8ces \u00e0 Fournir<\/span>\n\t\t<\/span>\n\t\t\t\t\t<\/a>\n\t\t<\/div>\n\t\t\t\t<\/div>\n\t\t\t\t<\/div>\n\t\t\t\t\t\t<\/div>\n\t\t\t\t\t<\/div>\n\t\t<\/div>\n\t\t\t\t\t\t\t\t<\/div>\n\t\t\t\t\t<\/div>\n\t\t<\/section>\n\t\t\t\t<section class=\"elementor-section elementor-top-section elementor-element elementor-element-cc44c8c elementor-section-boxed elementor-section-height-default elementor-section-height-default\" data-id=\"cc44c8c\" data-element_type=\"section\">\n\t\t\t\t\t\t<div class=\"elementor-container elementor-column-gap-default\">\n\t\t\t\t\t\t\t<div class=\"elementor-row\">\n\t\t\t\t\t<div class=\"elementor-column elementor-col-100 elementor-top-column elementor-element elementor-element-c4b6e15\" data-id=\"c4b6e15\" data-element_type=\"column\">\n\t\t\t<div class=\"elementor-column-wrap elementor-element-populated\">\n\t\t\t\t\t\t\t<div class=\"elementor-widget-wrap\">\n\t\t\t\t\t\t<div class=\"elementor-element elementor-element-fe2e917 elementor-widget elementor-widget-heading\" data-id=\"fe2e917\" data-element_type=\"widget\" data-widget_type=\"heading.default\">\n\t\t\t\t<div class=\"elementor-widget-container\">\n\t\t\t<h3 class=\"elementor-heading-title elementor-size-default\"><br><br><br>ENJEUX DE LA FORMATION PREPARATOIRE AU PERMIS B<\/h3>\t\t<\/div>\n\t\t\t\t<\/div>\n\t\t\t\t<div class=\"elementor-element elementor-element-7e173fd elementor-widget elementor-widget-text-editor\" data-id=\"7e173fd\" data-element_type=\"widget\" data-widget_type=\"text-editor.default\">\n\t\t\t\t<div class=\"elementor-widget-container\">\n\t\t\t\t\t<div class=\"elementor-text-editor elementor-clearfix\"><div>\n<p><span lang=\"FR\">Au-del\u00e0 du plaisir de conduire, l\u2019utilisation d\u2019une voiture est souvent n\u00e9cessaire pour les \u00e9tudes, le travail ou les loisirs. <\/span><span lang=\"FR\">Le permis de conduire est un outil indispensable, surtout lorsqu\u2019on vit dans des villes peu desservies par les transports en communs. <\/span><\/p>\n<p><span lang=\"FR\">Rouler en s\u00e9curit\u00e9 est donc une n\u00e9cessit\u00e9 pour tous.<br \/>Les conducteurs d\u00e9butants repr\u00e9sentent une part importante des tu\u00e9s et des bless\u00e9s sur la route.<\/span><span lang=\"FR\">Les accidents de la route ne sont pas li\u00e9s \u00e0 la fatalit\u00e9, et pour aider les nouveaux conducteurs \u00e0 se d\u00e9placer avec un risque faible de perdre la vie ou de la d\u00e9grader, un nouveau programme de formation est mis en place.<\/span><\/p>\n<p><span lang=\"FR\">L\u2019objectif g\u00e9n\u00e9ral est d\u2019amener tout automobiliste d\u00e9butant \u00e0 la maitrise de comp\u00e9tences en termes de savoir-\u00eatre, savoirs, savoir-faire et savoir-devenir.Apprendre \u00e0 conduire est une d\u00e9marche \u00e9ducative exigeante pour lequel vos formateurs, enseignants dipl\u00f4m\u00e9s de la conduite et de la s\u00e9curit\u00e9 routi\u00e8re, ainsi que toute l\u2019\u00e9quipe p\u00e9dagogique saura vous guider.<\/span><\/p>\n<\/div><\/div>\n\t\t\t\t<\/div>\n\t\t\t\t<\/div>\n\t\t\t\t<div class=\"elementor-element elementor-element-4814ef3 elementor-widget elementor-widget-heading\" data-id=\"4814ef3\" data-element_type=\"widget\" data-widget_type=\"heading.default\">\n\t\t\t\t<div class=\"elementor-widget-container\">\n\t\t\t<h4 class=\"elementor-heading-title elementor-size-default\">CONDITIONS DE PASSAGE<\/h4>\t\t<\/div>\n\t\t\t\t<\/div>\n\t\t\t\t<div class=\"elementor-element elementor-element-2dd30ee elementor-widget elementor-widget-text-editor\" data-id=\"2dd30ee\" data-element_type=\"widget\" data-widget_type=\"text-editor.default\">\n\t\t\t\t<div class=\"elementor-widget-container\">\n\t\t\t\t\t<div class=\"elementor-text-editor elementor-clearfix\"><div>\n<p><span lang=\"FR\">Selon la formule choisie lors de la signature de votre contrat de formation, l\u2019\u00e9tablissement se chargera de vous inscrire \u00e0 une session d\u2019examen du permis de conduire apr\u00e8s un nombre minimum de 20 le\u00e7ons de conduite (pour les \u00e9l\u00e8ves en boite m\u00e9canique), un examen blanc favorable, et validation des 4 \u00e9tapes de formation pour l\u2019\u00e9preuve pratique.<\/span><\/p>\n<ul>\n<li><strong><span lang=\"FR\">Pour la cat\u00e9gorie AAC, l\u2019\u00e9l\u00e8ve doit \u00eatre \u00e2g\u00e9 au minimum de 17ans et demi et avoir r\u00e9alis\u00e9 au minimum 1 an de conduite en conduite accompagn\u00e9e.<\/span><\/strong><\/li>\n<li><span lang=\"FR\"><strong>Pour les cat\u00e9gories B et CS, il doit \u00eatre \u00e2g\u00e9 au minimum de 18 ans.<\/strong><\/span><\/li>\n<\/ul>\n<p><span lang=\"FR\">Tout candidat d\u00e9sirant se pr\u00e9senter \u00e0 un examen, malgr\u00e9 le refus du personnel enseignant pour un niveau estim\u00e9 trop faible, se verra pr\u00e9senter \u00e0 l\u2019\u00e9preuve en question apr\u00e8s signature d\u2019une d\u00e9charge. <strong>En cas d\u2019\u00e9chec, l\u2019\u00e9tablissement se r\u00e9serve le droit de restituer au candidat son dossier.<\/strong><\/span><\/p>\n<\/div><\/div>\n\t\t\t\t<\/div>\n\t\t\t\t<\/div>\n\t\t\t\t<div class=\"elementor-element elementor-element-60fb0bc elementor-widget elementor-widget-heading\" data-id=\"60fb0bc\" data-element_type=\"widget\" data-widget_type=\"heading.default\">\n\t\t\t\t<div class=\"elementor-widget-container\">\n\t\t\t<h4 class=\"elementor-heading-title elementor-size-default\">DEROULEMENT DE L\u2019EPREUVE DE L\u2019EXAMEN DU PERMIS DE CONDUIRE<\/h4>\t\t<\/div>\n\t\t\t\t<\/div>\n\t\t\t\t<div class=\"elementor-element elementor-element-6d505a2 elementor-widget elementor-widget-heading\" data-id=\"6d505a2\" data-element_type=\"widget\" data-widget_type=\"heading.default\">\n\t\t\t\t<div class=\"elementor-widget-container\">\n\t\t\t<h5 class=\"elementor-heading-title elementor-size-default\">EPREUVE THEORIQUE<\/h5>\t\t<\/div>\n\t\t\t\t<\/div>\n\t\t\t\t<div class=\"elementor-element elementor-element-a7b6e0d elementor-widget elementor-widget-text-editor\" data-id=\"a7b6e0d\" data-element_type=\"widget\" data-widget_type=\"text-editor.default\">\n\t\t\t\t<div class=\"elementor-widget-container\">\n\t\t\t\t\t<div class=\"elementor-text-editor elementor-clearfix\"><div>\n<p><span lang=\"FR\">Pour pouvoir se pr\u00e9senter \u00e0 l\u2019examen pratique, le candidat doit passer l\u2019\u00e9preuve th\u00e9orique du code, sauf si :<\/span><\/p>\n<ul>\n<li><strong><span lang=\"FR\">Il a obtenu son code depuis moins de 5 ans\u00a0<\/span><\/strong><\/li>\n<li><strong><span lang=\"FR\"> Il est titulaire d\u2019un autre permis de conduire depuis moins de 5 ans.<\/span><\/strong><\/li>\n<\/ul>\n<\/div><\/div>\n\t\t\t\t<\/div>\n\t\t\t\t<\/div>\n\t\t\t\t<div class=\"elementor-element elementor-element-c14d449 elementor-widget elementor-widget-heading\" data-id=\"c14d449\" data-element_type=\"widget\" data-widget_type=\"heading.default\">\n\t\t\t\t<div class=\"elementor-widget-container\">\n\t\t\t<h5 class=\"elementor-heading-title elementor-size-default\">EPREUVE PRATIQUE<\/h5>\t\t<\/div>\n\t\t\t\t<\/div>\n\t\t\t\t<div class=\"elementor-element elementor-element-d2f95ba elementor-widget elementor-widget-text-editor\" data-id=\"d2f95ba\" data-element_type=\"widget\" data-widget_type=\"text-editor.default\">\n\t\t\t\t<div class=\"elementor-widget-container\">\n\t\t\t\t\t<div class=\"elementor-text-editor elementor-clearfix\"><div><span lang=\"FR\">Le jour J, un enseignant de la conduite et de la s\u00e9curit\u00e9 routi\u00e8re titulaire d\u2019une autorisation d\u2019enseigner en cours de validit\u00e9 vous accompagnera \u00e0 votre \u00e9preuve d\u2019examen du permis.<\/span><\/div>\n<ul>\n<li><span lang=\"FR\"><strong>Dur\u00e9e : 32 minutes<\/strong> <\/span><\/li>\n<li><span lang=\"FR\"><strong>Vos documents d&#8217;examen sont v\u00e9rifi\u00e9s.<\/strong><\/span><\/li>\n<\/ul><\/div>\n\t\t\t\t<\/div>\n\t\t\t\t<\/div>\n\t\t\t\t<div class=\"elementor-element elementor-element-f9b68ef elementor-widget elementor-widget-text-editor\" data-id=\"f9b68ef\" data-element_type=\"widget\" data-widget_type=\"text-editor.default\">\n\t\t\t\t<div class=\"elementor-widget-container\">\n\t\t\t\t\t<div class=\"elementor-text-editor elementor-clearfix\"><p><span lang=\"FR\">Si vous avez suivi une formation selon la formule de l&#8217;apprentissage anticip\u00e9 de la conduite, votre attestation de fin de formation initiale est v\u00e9rifi\u00e9e pour s&#8217;assurer que vous avez respect\u00e9 la dur\u00e9e minimale d&#8217;un an de conduite accompagn\u00e9e.<\/span><\/p>\n<ul>\n<li><strong><span lang=\"FR\">Un test de vue est r\u00e9alis\u00e9.<\/span><\/strong>(Vous en \u00eates dispens\u00e9 si vous avez pass\u00e9 une visite m\u00e9dicale pr\u00e9alable.)<\/li>\n<li>En cas de test non concluant, l&#8217;examinateur signale le r\u00e9sultat de ce test au pr\u00e9fet pour que vous soyez convoqu\u00e9 pour un contr\u00f4le m\u00e9dical.<\/li>\n<\/ul>\n<p><span lang=\"FR\">Le test de conduite, d&#8217;une dur\u00e9e minimale de 25 minutes, comporte notamment :\u00a0<\/span><\/p>\n<div>\n<ul>\n<li><strong><span lang=\"FR\">La v\u00e9rification d&#8217;un \u00e9l\u00e9ment technique du v\u00e9hicule (\u00e0 l\u2019int\u00e9rieur ou \u00e0 l\u2019ext\u00e9rieur du v\u00e9hicule), une question portant sur les notions \u00e9l\u00e9mentaires de premiers secours et une question en lien avec la s\u00e9curit\u00e9 routi\u00e8re<\/span><\/strong><\/li>\n<li><strong><span lang=\"FR\">La r\u00e9alisation de deux man\u0153uvres diff\u00e9rentes : un freinage pour s&#8217;arr\u00eater avec pr\u00e9cision et une man\u0153uvre en marche arri\u00e8re (marche arri\u00e8re en ligne droite, rangement en cr\u00e9neau ou en \u00e9pi, demi-tour&#8230;).<\/span><\/strong><\/li>\n<\/ul>\n<p><span lang=\"FR\">L&#8217;\u00e9preuve pratique permet d&#8217;\u00e9valuer les points suivants :<\/span><\/p>\n<ul>\n<li><strong><span lang=\"FR\">Savoir s\u2019installer et assurer la s\u00e9curit\u00e9 \u00e0 bord de son v\u00e9hicule<\/span><\/strong><\/li>\n<li><strong><span lang=\"FR\">Conna\u00eetre et utiliser les commandes<\/span><\/strong><\/li>\n<li><strong><span lang=\"FR\">Prendre l\u2019information, analyser les situations et s\u2019y adapter<\/span><\/strong><\/li>\n<li><strong><span lang=\"FR\">Adapter son allure aux circonstances<\/span><\/strong><\/li>\n<li><strong>Appliquer la r\u00e9glementation du code de la route<\/strong><\/li>\n<li><strong>Communiquer avec les autres usagers<\/strong><\/li>\n<li><strong>Partager la chauss\u00e9e<\/strong><\/li>\n<li><strong>Maintenir les espaces de s\u00e9curit\u00e9<\/strong><\/li>\n<li><strong>\u00catre autonome dans la r\u00e9alisation d&#8217;un trajet<\/strong><\/li>\n<li><strong>Avoir une conduite \u00e9conomique et respectueuse<\/strong><\/li>\n<li><strong>\u00catre courtois<\/strong><\/li>\n<\/ul>\n<\/div><\/div>\n\t\t\t\t<\/div>\n\t\t\t\t<\/div>\n\t\t\t\t<div class=\"elementor-element elementor-element-47252e9 elementor-widget elementor-widget-text-editor\" data-id=\"47252e9\" data-element_type=\"widget\" data-widget_type=\"text-editor.default\">\n\t\t\t\t<div class=\"elementor-widget-container\">\n\t\t\t\t\t<div class=\"elementor-text-editor elementor-clearfix\"><div>\n<p><b><span lang=\"FR\">Pour \u00eatre re\u00e7u, vous devez obtenir au moins 20 points \/ 31 et ne pas commettre d&#8217;erreur \u00e9liminatoire (exemples : franchissement d&#8217;une ligne continue, circulation \u00e0 gauche, non-respect d&#8217;un signal prescrivant l&#8217;arr\u00eat&#8230;).<\/span><\/b><\/p>\n<\/div><\/div>\n\t\t\t\t<\/div>\n\t\t\t\t<\/div>\n\t\t\t\t<div class=\"elementor-element elementor-element-989c99b elementor-widget elementor-widget-image\" data-id=\"989c99b\" data-element_type=\"widget\" data-widget_type=\"image.default\">\n\t\t\t\t<div class=\"elementor-widget-container\">\n\t\t\t\t\t<div class=\"elementor-image\">\n\t\t\t\t\t\t\t\t\t\t<img width=\"768\" height=\"384\" src=\"https:\/\/4lconduite.yt\/wp-content\/uploads\/2022\/03\/1-1-768x384.png\" class=\"attachment-medium_large size-medium_large\" alt=\"\" loading=\"lazy\" srcset=\"https:\/\/4lconduite.yt\/wp-content\/uploads\/2022\/03\/1-1-768x384.png 768w, https:\/\/4lconduite.yt\/wp-content\/uploads\/2022\/03\/1-1-300x150.png 300w, https:\/\/4lconduite.yt\/wp-content\/uploads\/2022\/03\/1-1-1024x512.png 1024w, https:\/\/4lconduite.yt\/wp-content\/uploads\/2022\/03\/1-1-1536x768.png 1536w, https:\/\/4lconduite.yt\/wp-content\/uploads\/2022\/03\/1-1-2048x1024.png 2048w\" sizes=\"(max-width: 768px) 100vw, 768px\" \/>\t\t\t\t\t\t\t\t\t\t\t<\/div>\n\t\t\t\t<\/div>\n\t\t\t\t<\/div>\n\t\t\t\t\t\t<\/div>\n\t\t\t\t\t<\/div>\n\t\t<\/div>\n\t\t\t\t\t\t\t\t<\/div>\n\t\t\t\t\t<\/div>\n\t\t<\/section>\n\t\t\t\t\t\t<\/div>\n\t\t\t\t\t\t<\/div>\n\t\t\t\t\t<\/div>\n\t\t","protected":false},"excerpt":{"rendered":"<p>Parcours de Formation Conduite Traditionnelle Conduite Supervis\u00e9e Apprentissage Anticip\u00e9e de la Conduite Tarifs Conduite Pi\u00e8ces \u00e0 Fournir ENJEUX DE LA FORMATION PREPARATOIRE AU PERMIS B Au-del\u00e0 du plaisir de conduire, l\u2019utilisation d\u2019une voiture est souvent n\u00e9cessaire pour les \u00e9tudes, le travail ou les loisirs. Le permis de conduire est un outil indispensable, surtout lorsqu\u2019on vit dans des villes peu desservies par les transports en communs. Rouler en s\u00e9curit\u00e9 est donc une n\u00e9cessit\u00e9 pour tous.Les conducteurs d\u00e9butants repr\u00e9sentent une part importante des tu\u00e9s et des bless\u00e9s sur la route.Les accidents de la route ne sont pas li\u00e9s \u00e0 la fatalit\u00e9, et\u2026<\/p>\n","protected":false},"author":1,"featured_media":0,"parent":0,"menu_order":0,"comment_status":"closed","ping_status":"closed","template":"","meta":[],"blocksy_meta":{"styles_descriptor":{"styles":{"desktop":"","tablet":"","mobile":""},"google_fonts":[],"version":4}},"yoast_head":"<!-- This site is optimized with the Yoast SEO plugin v15.0 - https:\/\/yoast.com\/wordpress\/plugins\/seo\/ -->\n<title>Enjeu de la formation - 4LConduite<\/title>\n<meta name=\"robots\" content=\"index, follow, max-snippet:-1, max-image-preview:large, max-video-preview:-1\" \/>\n<link rel=\"canonical\" href=\"https:\/\/4lconduite.yt\/index.php\/enjeu-de-la-formation\/\" \/>\n<meta property=\"og:locale\" content=\"fr_FR\" \/>\n<meta property=\"og:type\" content=\"article\" \/>\n<meta property=\"og:title\" content=\"Enjeu de la formation - 4LConduite\" \/>\n<meta property=\"og:description\" content=\"Parcours de Formation Conduite Traditionnelle Conduite Supervis\u00e9e Apprentissage Anticip\u00e9e de la Conduite Tarifs Conduite Pi\u00e8ces \u00e0 Fournir ENJEUX DE LA FORMATION PREPARATOIRE AU PERMIS B Au-del\u00e0 du plaisir de conduire, l\u2019utilisation d\u2019une voiture est souvent n\u00e9cessaire pour les \u00e9tudes, le travail ou les loisirs. Le permis de conduire est un outil indispensable, surtout lorsqu\u2019on vit dans des villes peu desservies par les transports en communs. Rouler en s\u00e9curit\u00e9 est donc une n\u00e9cessit\u00e9 pour tous.Les conducteurs d\u00e9butants repr\u00e9sentent une part importante des tu\u00e9s et des bless\u00e9s sur la route.Les accidents de la route ne sont pas li\u00e9s \u00e0 la fatalit\u00e9, et\u2026\" \/>\n<meta property=\"og:url\" content=\"https:\/\/4lconduite.yt\/index.php\/enjeu-de-la-formation\/\" \/>\n<meta property=\"og:site_name\" content=\"4LConduite\" \/>\n<meta property=\"article:modified_time\" content=\"2025-04-08T04:55:08+00:00\" \/>\n<meta property=\"og:image\" content=\"https:\/\/4lconduite.yt\/wp-content\/uploads\/2022\/03\/1-1-768x384.png\" \/>\n<meta name=\"twitter:card\" content=\"summary_large_image\" \/>\n<script type=\"application\/ld+json\" class=\"yoast-schema-graph\">{\"@context\":\"https:\/\/schema.org\",\"@graph\":[{\"@type\":\"WebSite\",\"@id\":\"https:\/\/4lconduite.yt\/#website\",\"url\":\"https:\/\/4lconduite.yt\/\",\"name\":\"4LConduite\",\"description\":\"Accompagnateur de votre r\\u00e9ussite\",\"potentialAction\":[{\"@type\":\"SearchAction\",\"target\":\"https:\/\/4lconduite.yt\/?s={search_term_string}\",\"query-input\":\"required name=search_term_string\"}],\"inLanguage\":\"fr-FR\"},{\"@type\":\"ImageObject\",\"@id\":\"https:\/\/4lconduite.yt\/index.php\/enjeu-de-la-formation\/#primaryimage\",\"inLanguage\":\"fr-FR\",\"url\":\"https:\/\/4lconduite.yt\/wp-content\/uploads\/2022\/03\/1-1.png\",\"width\":6912,\"height\":3456},{\"@type\":\"WebPage\",\"@id\":\"https:\/\/4lconduite.yt\/index.php\/enjeu-de-la-formation\/#webpage\",\"url\":\"https:\/\/4lconduite.yt\/index.php\/enjeu-de-la-formation\/\",\"name\":\"Enjeu de la formation - 4LConduite\",\"isPartOf\":{\"@id\":\"https:\/\/4lconduite.yt\/#website\"},\"primaryImageOfPage\":{\"@id\":\"https:\/\/4lconduite.yt\/index.php\/enjeu-de-la-formation\/#primaryimage\"},\"datePublished\":\"2019-08-05T13:47:56+00:00\",\"dateModified\":\"2025-04-08T04:55:08+00:00\",\"inLanguage\":\"fr-FR\",\"potentialAction\":[{\"@type\":\"ReadAction\",\"target\":[\"https:\/\/4lconduite.yt\/index.php\/enjeu-de-la-formation\/\"]}]}]}<\/script>\n<!-- \/ Yoast SEO plugin. -->","_links":{"self":[{"href":"https:\/\/4lconduite.yt\/index.php\/wp-json\/wp\/v2\/pages\/687"}],"collection":[{"href":"https:\/\/4lconduite.yt\/index.php\/wp-json\/wp\/v2\/pages"}],"about":[{"href":"https:\/\/4lconduite.yt\/index.php\/wp-json\/wp\/v2\/types\/page"}],"author":[{"embeddable":true,"href":"https:\/\/4lconduite.yt\/index.php\/wp-json\/wp\/v2\/users\/1"}],"replies":[{"embeddable":true,"href":"https:\/\/4lconduite.yt\/index.php\/wp-json\/wp\/v2\/comments?post=687"}],"version-history":[{"count":27,"href":"https:\/\/4lconduite.yt\/index.php\/wp-json\/wp\/v2\/pages\/687\/revisions"}],"predecessor-version":[{"id":1930,"href":"https:\/\/4lconduite.yt\/index.php\/wp-json\/wp\/v2\/pages\/687\/revisions\/1930"}],"wp:attachment":[{"href":"https:\/\/4lconduite.yt\/index.php\/wp-json\/wp\/v2\/media?parent=687"}],"curies":[{"name":"wp","href":"https:\/\/api.w.org\/{rel}","templated":true}]}}