{"id":716,"date":"2019-08-05T18:45:17","date_gmt":"2019-08-05T15:45:17","guid":{"rendered":"https:\/\/4lconduite.yt\/?page_id=716"},"modified":"2025-04-08T11:03:53","modified_gmt":"2025-04-08T08:03:53","slug":"parcours-de-formation","status":"publish","type":"page","link":"https:\/\/4lconduite.yt\/index.php\/parcours-de-formation\/","title":{"rendered":"Parcours de formation"},"content":{"rendered":"\t\t<div data-elementor-type=\"wp-page\" data-elementor-id=\"716\" class=\"elementor elementor-716\" data-elementor-settings=\"[]\">\n\t\t\t\t\t\t<div class=\"elementor-inner\">\n\t\t\t\t\t\t\t<div class=\"elementor-section-wrap\">\n\t\t\t\t\t\t\t<section class=\"elementor-section elementor-top-section elementor-element elementor-element-fa6d45e elementor-section-boxed elementor-section-height-default elementor-section-height-default\" data-id=\"fa6d45e\" data-element_type=\"section\">\n\t\t\t\t\t\t<div class=\"elementor-container elementor-column-gap-default\">\n\t\t\t\t\t\t\t<div class=\"elementor-row\">\n\t\t\t\t\t<div class=\"elementor-column elementor-col-16 elementor-top-column elementor-element elementor-element-8dbbb4b\" data-id=\"8dbbb4b\" data-element_type=\"column\">\n\t\t\t<div class=\"elementor-column-wrap elementor-element-populated\">\n\t\t\t\t\t\t\t<div class=\"elementor-widget-wrap\">\n\t\t\t\t\t\t<div class=\"elementor-element elementor-element-a2ddbaa elementor-align-center elementor-widget elementor-widget-button\" data-id=\"a2ddbaa\" data-element_type=\"widget\" data-widget_type=\"button.default\">\n\t\t\t\t<div class=\"elementor-widget-container\">\n\t\t\t\t\t<div class=\"elementor-button-wrapper\">\n\t\t\t<a href=\"https:\/\/4lconduite.yt\/index.php\/enjeu-de-la-formation\/\" class=\"elementor-button-link elementor-button elementor-size-sm\" role=\"button\">\n\t\t\t\t\t\t<span class=\"elementor-button-content-wrapper\">\n\t\t\t\t\t\t<span class=\"elementor-button-text\">Enjeu de la Formation<\/span>\n\t\t<\/span>\n\t\t\t\t\t<\/a>\n\t\t<\/div>\n\t\t\t\t<\/div>\n\t\t\t\t<\/div>\n\t\t\t\t\t\t<\/div>\n\t\t\t\t\t<\/div>\n\t\t<\/div>\n\t\t\t\t<div class=\"elementor-column elementor-col-16 elementor-top-column elementor-element elementor-element-3a7f772\" data-id=\"3a7f772\" data-element_type=\"column\">\n\t\t\t<div class=\"elementor-column-wrap elementor-element-populated\">\n\t\t\t\t\t\t\t<div class=\"elementor-widget-wrap\">\n\t\t\t\t\t\t<div class=\"elementor-element elementor-element-af5ac25 elementor-align-center elementor-widget elementor-widget-button\" data-id=\"af5ac25\" data-element_type=\"widget\" data-widget_type=\"button.default\">\n\t\t\t\t<div class=\"elementor-widget-container\">\n\t\t\t\t\t<div class=\"elementor-button-wrapper\">\n\t\t\t<a href=\"https:\/\/4lconduite.yt\/index.php\/traditionnelle\/\" class=\"elementor-button-link elementor-button elementor-size-sm\" role=\"button\">\n\t\t\t\t\t\t<span class=\"elementor-button-content-wrapper\">\n\t\t\t\t\t\t<span class=\"elementor-button-text\">Conduite Traditionnelle<\/span>\n\t\t<\/span>\n\t\t\t\t\t<\/a>\n\t\t<\/div>\n\t\t\t\t<\/div>\n\t\t\t\t<\/div>\n\t\t\t\t\t\t<\/div>\n\t\t\t\t\t<\/div>\n\t\t<\/div>\n\t\t\t\t<div class=\"elementor-column elementor-col-16 elementor-top-column elementor-element elementor-element-4820f45\" data-id=\"4820f45\" data-element_type=\"column\">\n\t\t\t<div class=\"elementor-column-wrap elementor-element-populated\">\n\t\t\t\t\t\t\t<div class=\"elementor-widget-wrap\">\n\t\t\t\t\t\t<div class=\"elementor-element elementor-element-64b64fc elementor-align-center elementor-widget elementor-widget-button\" data-id=\"64b64fc\" data-element_type=\"widget\" data-widget_type=\"button.default\">\n\t\t\t\t<div class=\"elementor-widget-container\">\n\t\t\t\t\t<div class=\"elementor-button-wrapper\">\n\t\t\t<a href=\"https:\/\/4lconduite.yt\/index.php\/tarifs-code\/\" class=\"elementor-button-link elementor-button elementor-size-sm\" role=\"button\">\n\t\t\t\t\t\t<span class=\"elementor-button-content-wrapper\">\n\t\t\t\t\t\t<span class=\"elementor-button-text\">Conduite Supervis\u00e9e<\/span>\n\t\t<\/span>\n\t\t\t\t\t<\/a>\n\t\t<\/div>\n\t\t\t\t<\/div>\n\t\t\t\t<\/div>\n\t\t\t\t\t\t<\/div>\n\t\t\t\t\t<\/div>\n\t\t<\/div>\n\t\t\t\t<div class=\"elementor-column elementor-col-16 elementor-top-column elementor-element elementor-element-51ec373\" data-id=\"51ec373\" data-element_type=\"column\">\n\t\t\t<div class=\"elementor-column-wrap elementor-element-populated\">\n\t\t\t\t\t\t\t<div class=\"elementor-widget-wrap\">\n\t\t\t\t\t\t<div class=\"elementor-element elementor-element-3583351 elementor-align-center elementor-widget elementor-widget-button\" data-id=\"3583351\" data-element_type=\"widget\" data-widget_type=\"button.default\">\n\t\t\t\t<div class=\"elementor-widget-container\">\n\t\t\t\t\t<div class=\"elementor-button-wrapper\">\n\t\t\t<a href=\"https:\/\/4lconduite.yt\/index.php\/tarifs-code\/\" class=\"elementor-button-link elementor-button elementor-size-sm\" role=\"button\">\n\t\t\t\t\t\t<span class=\"elementor-button-content-wrapper\">\n\t\t\t\t\t\t<span class=\"elementor-button-text\">Apprentissage Anticip\u00e9e de la Conduite<\/span>\n\t\t<\/span>\n\t\t\t\t\t<\/a>\n\t\t<\/div>\n\t\t\t\t<\/div>\n\t\t\t\t<\/div>\n\t\t\t\t\t\t<\/div>\n\t\t\t\t\t<\/div>\n\t\t<\/div>\n\t\t\t\t<div class=\"elementor-column elementor-col-16 elementor-top-column elementor-element elementor-element-11ad2e6\" data-id=\"11ad2e6\" data-element_type=\"column\">\n\t\t\t<div class=\"elementor-column-wrap elementor-element-populated\">\n\t\t\t\t\t\t\t<div class=\"elementor-widget-wrap\">\n\t\t\t\t\t\t<div class=\"elementor-element elementor-element-3f30f68 elementor-align-center elementor-widget elementor-widget-button\" data-id=\"3f30f68\" data-element_type=\"widget\" data-widget_type=\"button.default\">\n\t\t\t\t<div class=\"elementor-widget-container\">\n\t\t\t\t\t<div class=\"elementor-button-wrapper\">\n\t\t\t<a href=\"https:\/\/4lconduite.yt\/index.php\/tarifs\/\" class=\"elementor-button-link elementor-button elementor-size-sm\" role=\"button\">\n\t\t\t\t\t\t<span class=\"elementor-button-content-wrapper\">\n\t\t\t\t\t\t<span class=\"elementor-button-text\">Tarifs Conduite<\/span>\n\t\t<\/span>\n\t\t\t\t\t<\/a>\n\t\t<\/div>\n\t\t\t\t<\/div>\n\t\t\t\t<\/div>\n\t\t\t\t\t\t<\/div>\n\t\t\t\t\t<\/div>\n\t\t<\/div>\n\t\t\t\t<div class=\"elementor-column elementor-col-16 elementor-top-column elementor-element elementor-element-c1ef43f\" data-id=\"c1ef43f\" data-element_type=\"column\">\n\t\t\t<div class=\"elementor-column-wrap elementor-element-populated\">\n\t\t\t\t\t\t\t<div class=\"elementor-widget-wrap\">\n\t\t\t\t\t\t<div class=\"elementor-element elementor-element-2662b36 elementor-align-center elementor-widget elementor-widget-button\" data-id=\"2662b36\" data-element_type=\"widget\" data-widget_type=\"button.default\">\n\t\t\t\t<div class=\"elementor-widget-container\">\n\t\t\t\t\t<div class=\"elementor-button-wrapper\">\n\t\t\t<a href=\"https:\/\/4lconduite.yt\/index.php\/pieces-a-fournir\/\" class=\"elementor-button-link elementor-button elementor-size-sm\" role=\"button\">\n\t\t\t\t\t\t<span class=\"elementor-button-content-wrapper\">\n\t\t\t\t\t\t<span class=\"elementor-button-text\">Pi\u00e8ces \u00e0 Fournir<\/span>\n\t\t<\/span>\n\t\t\t\t\t<\/a>\n\t\t<\/div>\n\t\t\t\t<\/div>\n\t\t\t\t<\/div>\n\t\t\t\t\t\t<\/div>\n\t\t\t\t\t<\/div>\n\t\t<\/div>\n\t\t\t\t\t\t\t\t<\/div>\n\t\t\t\t\t<\/div>\n\t\t<\/section>\n\t\t\t\t<section class=\"elementor-section elementor-top-section elementor-element elementor-element-c479be6 elementor-section-boxed elementor-section-height-default elementor-section-height-default\" data-id=\"c479be6\" data-element_type=\"section\">\n\t\t\t\t\t\t<div class=\"elementor-container elementor-column-gap-default\">\n\t\t\t\t\t\t\t<div class=\"elementor-row\">\n\t\t\t\t\t<div class=\"elementor-column elementor-col-100 elementor-top-column elementor-element elementor-element-0a9eb9f\" data-id=\"0a9eb9f\" data-element_type=\"column\">\n\t\t\t<div class=\"elementor-column-wrap elementor-element-populated\">\n\t\t\t\t\t\t\t<div class=\"elementor-widget-wrap\">\n\t\t\t\t\t\t<div class=\"elementor-element elementor-element-22653be elementor-widget elementor-widget-text-editor\" data-id=\"22653be\" data-element_type=\"widget\" data-widget_type=\"text-editor.default\">\n\t\t\t\t<div class=\"elementor-widget-container\">\n\t\t\t\t\t<div class=\"elementor-text-editor elementor-clearfix\"><div>\n<p><span style=\"background-color: inherit; font-size: inherit; text-align: inherit;\"><br><\/span><\/p><p><span style=\"background-color: inherit; font-size: inherit; text-align: inherit;\">Apprendre \u00e0 conduire est une d\u00e9marche \u00e9ducative exigeante qui demande \u00e0 l\u2019\u00e9l\u00e8ve de la concentration, de l\u2019assiduit\u00e9, de la motivation&#8230;<\/span><\/p>\n<p><span lang=\"FR\">Le parcours qui vous est propos\u00e9 vous permettra de progresser dans votre formation pour vous amener en situation de r\u00e9ussite aux examens du permis de conduire.<br>En vous engageant dans cette formation \u00e0 la conduite et \u00e0 la s\u00e9curit\u00e9 routi\u00e8re au travers de la signature du contrat, vous vous engagez \u00e0 suivre le parcours de formation ci-dessous.<\/span><\/p>\n<\/div><\/div>\n\t\t\t\t<\/div>\n\t\t\t\t<\/div>\n\t\t\t\t<div class=\"elementor-element elementor-element-411cc94 elementor-widget elementor-widget-heading\" data-id=\"411cc94\" data-element_type=\"widget\" data-widget_type=\"heading.default\">\n\t\t\t\t<div class=\"elementor-widget-container\">\n\t\t\t<h2 class=\"elementor-heading-title elementor-size-default\">FORMATION THEORIQUE<\/h2>\t\t<\/div>\n\t\t\t\t<\/div>\n\t\t\t\t<div class=\"elementor-element elementor-element-205731f elementor-widget elementor-widget-text-editor\" data-id=\"205731f\" data-element_type=\"widget\" data-widget_type=\"text-editor.default\">\n\t\t\t\t<div class=\"elementor-widget-container\">\n\t\t\t\t\t<div class=\"elementor-text-editor elementor-clearfix\"><div>\n<p><span lang=\"FR\">La formation th\u00e9orique porte sur la connaissance des r\u00e8glements concernant la circulation et la conduite d&#8217;un v\u00e9hicule ainsi que sur le comportement du conducteur.\u00a0Elle porte sur :<\/span><\/p>\n<ul>\n<li><strong><span lang=\"FR\">La vigilance et les attitudes \u00e0 l&#8217;\u00e9gard des autres usagers de la route<\/span><\/strong><\/li>\n<li><strong><span lang=\"FR\">Les effets dus \u00e0 la consommation d&#8217;alcool, de drogues et de m\u00e9dicaments sur la conduite<\/span><\/strong><\/li>\n<li><strong><span lang=\"FR\">L&#8217;influence de la fatigue sur la conduite<\/span><\/strong><\/li>\n<li><strong><span lang=\"FR\">Les risques li\u00e9s aux conditions m\u00e9t\u00e9orologiques et aux \u00e9tats de la chauss\u00e9e<\/span><\/strong><\/li>\n<li><strong><span lang=\"FR\">Les usagers vuln\u00e9rables<\/span><\/strong><\/li>\n<li><strong><span lang=\"FR\">Les sp\u00e9cificit\u00e9s de certaines cat\u00e9gories de v\u00e9hicules et les diff\u00e9rentes conditions de visibilit\u00e9 de leurs conducteurs<\/span><\/strong><\/li>\n<li><strong><span lang=\"FR\">Les gestes de premiers secours<\/span><\/strong><\/li>\n<li><strong><span lang=\"FR\">Les pr\u00e9cautions \u00e0 prendre en montant et en quittant son v\u00e9hicule<br \/><\/span><\/strong><\/li>\n<li><strong><span lang=\"FR\">Le transport d&#8217;un chargement et de personnes<br \/><\/span><\/strong><\/li>\n<li><strong><span lang=\"FR\">La r\u00e9glementation relative \u00e0 l&#8217;obligation d&#8217;assurance et aux documents administratifs li\u00e9s \u00e0 l&#8217;utilisation d&#8217;un v\u00e9hicule<\/span><\/strong><\/li>\n<\/ul>\n<\/div>\n<div>\n<p><span lang=\"FR\">En fonction du ou des forfaits choisis dans le contrat de formation. La formation pourra \u00eatre suivie (selon les horaires pr\u00e9vus \u00e0 cet effet) :<\/span><\/p>\n<ul>\n<li><strong><span lang=\"FR\">Dans les locaux de l&#8217;\u00e9tablissement avec un support m\u00e9dia tel que un box reli\u00e9 \u00e0 un vid\u00e9o projecteur, pour les tests d\u2019entra\u00eenement<br \/><\/span><\/strong><\/li>\n<li><strong><span lang=\"FR\">Avec un enseignant de la conduite ou de la s\u00e9curit\u00e9 routi\u00e8re, pour les cours th\u00e9matiques ou les stages de code acc\u00e9l\u00e9r\u00e9<\/span><\/strong><\/li>\n<li><strong><span lang=\"FR\">Sur internet via le compte \u00ab ici code \u00bb une choix qui est \u00e0 vingt euros.<\/span><\/strong><\/li>\n<\/ul>\n<div>\n<p><span lang=\"FR\">A l&#8217;issue de sa formation, l&#8217;\u00e9l\u00e8ve devra passer l&#8217;examen th\u00e9orique g\u00e9n\u00e9ral (ETG) : il devra r\u00e9pondre \u00e0 40 questions et obtenir <b>un minimum de 35 points<\/b> pour \u00eatre re\u00e7u \u00e0 l&#8217;examen.<br \/><em><b>Sont exempt\u00e9s de l\u2019ETG, tout \u00e9l\u00e8ve d\u00e9j\u00e0 titulaire du code de la route depuis moins de 5 ans ou titulaire du permis de conduire depuis moins de 5 ans.<\/b><\/em><\/span><\/p>\n<\/div>\n<\/div><\/div>\n\t\t\t\t<\/div>\n\t\t\t\t<\/div>\n\t\t\t\t<div class=\"elementor-element elementor-element-3b33554 elementor-widget elementor-widget-heading\" data-id=\"3b33554\" data-element_type=\"widget\" data-widget_type=\"heading.default\">\n\t\t\t\t<div class=\"elementor-widget-container\">\n\t\t\t<h2 class=\"elementor-heading-title elementor-size-default\">COURS THEMATIQUES<\/h2>\t\t<\/div>\n\t\t\t\t<\/div>\n\t\t\t\t<div class=\"elementor-element elementor-element-46d2dab elementor-widget elementor-widget-text-editor\" data-id=\"46d2dab\" data-element_type=\"widget\" data-widget_type=\"text-editor.default\">\n\t\t\t\t<div class=\"elementor-widget-container\">\n\t\t\t\t\t<div class=\"elementor-text-editor elementor-clearfix\"><div><span lang=\"FR\">Ces cours seront dispens\u00e9s par un enseignant de la conduite ou de la s\u00e9curit\u00e9 routi\u00e8re titulaire d&#8217;une autorisation d&#8217;enseigner en cours de validit\u00e9, au sein des locaux de l&#8217;\u00e9tablissement, aux horaires pr\u00e9vus \u00e0 cet effet (voir planning et inscriptions aupr\u00e8s du secr\u00e9tariat).<\/span><\/div>\n<div><span lang=\"FR\"><br \/>Les 9 th\u00e8mes abord\u00e9s sont les suivants :<\/span><\/div>\n<ul>\n<li><strong><span lang=\"FR\">Dispositions l\u00e9gales en mati\u00e8re de circulation routi\u00e8re<\/span><\/strong><\/li>\n<li><strong>Le conducteur<\/strong><\/li>\n<li><strong>La route<\/strong><\/li>\n<li><strong>Les autres usagers de la route<\/strong><\/li>\n<li><strong>R\u00e9glementation g\u00e9n\u00e9rale et divers<\/strong><\/li>\n<li><strong>Pr\u00e9cautions n\u00e9cessaires \u00e0 prendre en quittant le v\u00e9hicule<\/strong><\/li>\n<li><strong>El\u00e9ments m\u00e9caniques li\u00e9s \u00e0 la s\u00e9curit\u00e9 de la conduite<\/strong><\/li>\n<li><strong>Equipements de s\u00e9curit\u00e9 d&#8217;un v\u00e9hicule<\/strong><\/li>\n<li><strong>R\u00e8gles d&#8217;utilisation du v\u00e9hicule en relation avec le respect de l&#8217;environnement<\/strong><\/li>\n<\/ul><\/div>\n\t\t\t\t<\/div>\n\t\t\t\t<\/div>\n\t\t\t\t<div class=\"elementor-element elementor-element-ed3fd9d elementor-widget elementor-widget-heading\" data-id=\"ed3fd9d\" data-element_type=\"widget\" data-widget_type=\"heading.default\">\n\t\t\t\t<div class=\"elementor-widget-container\">\n\t\t\t<h2 class=\"elementor-heading-title elementor-size-default\">FORMATION PRATIQUE<\/h2>\t\t<\/div>\n\t\t\t\t<\/div>\n\t\t\t\t<div class=\"elementor-element elementor-element-8098a29 elementor-widget elementor-widget-text-editor\" data-id=\"8098a29\" data-element_type=\"widget\" data-widget_type=\"text-editor.default\">\n\t\t\t\t<div class=\"elementor-widget-container\">\n\t\t\t\t\t<div class=\"elementor-text-editor elementor-clearfix\"><div>\n<p><span lang=\"FR\">La formation pratique traditionnelle peut se faire en m\u00eame temps que la formation th\u00e9orique (ETG) mais l\u2019examen pratique se fera qu\u2019\u00e0 l\u2019obtention de (ETG) sous 48 h 00 et pour les AAC, il faut obtenir l\u2019ETG pour commencer la formation pratique. La formation pratique se d\u00e9roulera selon le planning \u00e9tabli au d\u00e9pend des disponibilit\u00e9s de l&#8217;\u00e9tablissement et de l&#8217;\u00e9l\u00e8ve.<br \/>Pour que l\u2019apprentissage de la conduite et de la s\u00e9curit\u00e9 routi\u00e8re prenne tout son sens, la formation se d\u00e9roule sous le format de l\u2019alternance.<br \/><\/span><\/p>\n<p><span lang=\"FR\">Pendant la phase pratique, vous serez amen\u00e9 \u00e0 circuler :<br \/><\/span><\/p>\n<ul>\n<li><strong><span lang=\"FR\"> En ville\u00a0<\/span><\/strong><\/li>\n<li><strong><span lang=\"FR\"> En rase campagne\u00a0<\/span><\/strong><\/li>\n<li><strong><span lang=\"FR\">De nuit<\/span><\/strong><\/li>\n<li><strong><span lang=\"FR\">Par conditions climatiques vari\u00e9es (soleil, la pluie\u2026 selon saison)<\/span><\/strong><\/li>\n<\/ul>\n<\/div>\n<div>\n<p><span lang=\"FR\">Lors de votre apprentissage, un <strong>livret d\u2019apprentissage<\/strong> \u00e0 la conduite reprenant l\u2019ensemble de votre parcours de formation selon le REMC, vous sera remis par l\u2019\u00e9quipe p\u00e9dagogique. Vous devrez l\u2019avoir avec vous <b>OBLIGATOIREMENT<\/b> \u00e0 chacune de vos le\u00e7ons de conduite et le remplir avec votre formateur \u00e0 la fin de chaque le\u00e7on. Le formateur remplira lui-m\u00eame une <strong>\u00ab fiche de suivi \u00bb<\/strong> qui reprendra les m\u00eames commentaires.<\/span><\/p>\n<\/div><\/div>\n\t\t\t\t<\/div>\n\t\t\t\t<\/div>\n\t\t\t\t\t\t<\/div>\n\t\t\t\t\t<\/div>\n\t\t<\/div>\n\t\t\t\t\t\t\t\t<\/div>\n\t\t\t\t\t<\/div>\n\t\t<\/section>\n\t\t\t\t<section class=\"elementor-section elementor-top-section elementor-element elementor-element-41c3792 elementor-section-boxed elementor-section-height-default elementor-section-height-default\" data-id=\"41c3792\" data-element_type=\"section\">\n\t\t\t\t\t\t<div class=\"elementor-container elementor-column-gap-default\">\n\t\t\t\t\t\t\t<div class=\"elementor-row\">\n\t\t\t\t\t<div class=\"elementor-column elementor-col-100 elementor-top-column elementor-element elementor-element-69d5e33\" data-id=\"69d5e33\" data-element_type=\"column\">\n\t\t\t<div class=\"elementor-column-wrap elementor-element-populated\">\n\t\t\t\t\t\t\t<div class=\"elementor-widget-wrap\">\n\t\t\t\t\t\t<div class=\"elementor-element elementor-element-4c92c1c elementor-widget elementor-widget-image\" data-id=\"4c92c1c\" data-element_type=\"widget\" data-widget_type=\"image.default\">\n\t\t\t\t<div class=\"elementor-widget-container\">\n\t\t\t\t\t<div class=\"elementor-image\">\n\t\t\t\t\t\t\t\t\t\t<img width=\"768\" height=\"384\" src=\"https:\/\/4lconduite.yt\/wp-content\/uploads\/2022\/03\/1-1-768x384.png\" class=\"attachment-medium_large size-medium_large\" alt=\"\" loading=\"lazy\" srcset=\"https:\/\/4lconduite.yt\/wp-content\/uploads\/2022\/03\/1-1-768x384.png 768w, https:\/\/4lconduite.yt\/wp-content\/uploads\/2022\/03\/1-1-300x150.png 300w, https:\/\/4lconduite.yt\/wp-content\/uploads\/2022\/03\/1-1-1024x512.png 1024w, https:\/\/4lconduite.yt\/wp-content\/uploads\/2022\/03\/1-1-1536x768.png 1536w, https:\/\/4lconduite.yt\/wp-content\/uploads\/2022\/03\/1-1-2048x1024.png 2048w\" sizes=\"(max-width: 768px) 100vw, 768px\" \/>\t\t\t\t\t\t\t\t\t\t\t<\/div>\n\t\t\t\t<\/div>\n\t\t\t\t<\/div>\n\t\t\t\t\t\t<\/div>\n\t\t\t\t\t<\/div>\n\t\t<\/div>\n\t\t\t\t\t\t\t\t<\/div>\n\t\t\t\t\t<\/div>\n\t\t<\/section>\n\t\t\t\t\t\t<\/div>\n\t\t\t\t\t\t<\/div>\n\t\t\t\t\t<\/div>\n\t\t","protected":false},"excerpt":{"rendered":"<p>Enjeu de la Formation Conduite Traditionnelle Conduite Supervis\u00e9e Apprentissage Anticip\u00e9e de la Conduite Tarifs Conduite Pi\u00e8ces \u00e0 Fournir Apprendre \u00e0 conduire est une d\u00e9marche \u00e9ducative exigeante qui demande \u00e0 l\u2019\u00e9l\u00e8ve de la concentration, de l\u2019assiduit\u00e9, de la motivation&#8230; Le parcours qui vous est propos\u00e9 vous permettra de progresser dans votre formation pour vous amener en situation de r\u00e9ussite aux examens du permis de conduire.En vous engageant dans cette formation \u00e0 la conduite et \u00e0 la s\u00e9curit\u00e9 routi\u00e8re au travers de la signature du contrat, vous vous engagez \u00e0 suivre le parcours de formation ci-dessous. FORMATION THEORIQUE La formation th\u00e9orique porte\u2026<\/p>\n","protected":false},"author":1,"featured_media":0,"parent":0,"menu_order":0,"comment_status":"closed","ping_status":"closed","template":"","meta":[],"blocksy_meta":{"styles_descriptor":{"styles":{"desktop":"","tablet":"","mobile":""},"google_fonts":[],"version":4}},"yoast_head":"<!-- This site is optimized with the Yoast SEO plugin v15.0 - https:\/\/yoast.com\/wordpress\/plugins\/seo\/ -->\n<title>Parcours de formation - 4LConduite<\/title>\n<meta name=\"robots\" content=\"index, follow, max-snippet:-1, max-image-preview:large, max-video-preview:-1\" \/>\n<link rel=\"canonical\" href=\"https:\/\/4lconduite.yt\/index.php\/parcours-de-formation\/\" \/>\n<meta property=\"og:locale\" content=\"fr_FR\" \/>\n<meta property=\"og:type\" content=\"article\" \/>\n<meta property=\"og:title\" content=\"Parcours de formation - 4LConduite\" \/>\n<meta property=\"og:description\" content=\"Enjeu de la Formation Conduite Traditionnelle Conduite Supervis\u00e9e Apprentissage Anticip\u00e9e de la Conduite Tarifs Conduite Pi\u00e8ces \u00e0 Fournir Apprendre \u00e0 conduire est une d\u00e9marche \u00e9ducative exigeante qui demande \u00e0 l\u2019\u00e9l\u00e8ve de la concentration, de l\u2019assiduit\u00e9, de la motivation&#8230; Le parcours qui vous est propos\u00e9 vous permettra de progresser dans votre formation pour vous amener en situation de r\u00e9ussite aux examens du permis de conduire.En vous engageant dans cette formation \u00e0 la conduite et \u00e0 la s\u00e9curit\u00e9 routi\u00e8re au travers de la signature du contrat, vous vous engagez \u00e0 suivre le parcours de formation ci-dessous. FORMATION THEORIQUE La formation th\u00e9orique porte\u2026\" \/>\n<meta property=\"og:url\" content=\"https:\/\/4lconduite.yt\/index.php\/parcours-de-formation\/\" \/>\n<meta property=\"og:site_name\" content=\"4LConduite\" \/>\n<meta property=\"article:modified_time\" content=\"2025-04-08T08:03:53+00:00\" \/>\n<meta property=\"og:image\" content=\"https:\/\/4lconduite.yt\/wp-content\/uploads\/2022\/03\/1-1-768x384.png\" \/>\n<meta name=\"twitter:card\" content=\"summary_large_image\" \/>\n<script type=\"application\/ld+json\" class=\"yoast-schema-graph\">{\"@context\":\"https:\/\/schema.org\",\"@graph\":[{\"@type\":\"WebSite\",\"@id\":\"https:\/\/4lconduite.yt\/#website\",\"url\":\"https:\/\/4lconduite.yt\/\",\"name\":\"4LConduite\",\"description\":\"Accompagnateur de votre r\\u00e9ussite\",\"potentialAction\":[{\"@type\":\"SearchAction\",\"target\":\"https:\/\/4lconduite.yt\/?s={search_term_string}\",\"query-input\":\"required name=search_term_string\"}],\"inLanguage\":\"fr-FR\"},{\"@type\":\"ImageObject\",\"@id\":\"https:\/\/4lconduite.yt\/index.php\/parcours-de-formation\/#primaryimage\",\"inLanguage\":\"fr-FR\",\"url\":\"https:\/\/4lconduite.yt\/wp-content\/uploads\/2022\/03\/1-1.png\",\"width\":6912,\"height\":3456},{\"@type\":\"WebPage\",\"@id\":\"https:\/\/4lconduite.yt\/index.php\/parcours-de-formation\/#webpage\",\"url\":\"https:\/\/4lconduite.yt\/index.php\/parcours-de-formation\/\",\"name\":\"Parcours de formation - 4LConduite\",\"isPartOf\":{\"@id\":\"https:\/\/4lconduite.yt\/#website\"},\"primaryImageOfPage\":{\"@id\":\"https:\/\/4lconduite.yt\/index.php\/parcours-de-formation\/#primaryimage\"},\"datePublished\":\"2019-08-05T15:45:17+00:00\",\"dateModified\":\"2025-04-08T08:03:53+00:00\",\"inLanguage\":\"fr-FR\",\"potentialAction\":[{\"@type\":\"ReadAction\",\"target\":[\"https:\/\/4lconduite.yt\/index.php\/parcours-de-formation\/\"]}]}]}<\/script>\n<!-- \/ Yoast SEO plugin. -->","_links":{"self":[{"href":"https:\/\/4lconduite.yt\/index.php\/wp-json\/wp\/v2\/pages\/716"}],"collection":[{"href":"https:\/\/4lconduite.yt\/index.php\/wp-json\/wp\/v2\/pages"}],"about":[{"href":"https:\/\/4lconduite.yt\/index.php\/wp-json\/wp\/v2\/types\/page"}],"author":[{"embeddable":true,"href":"https:\/\/4lconduite.yt\/index.php\/wp-json\/wp\/v2\/users\/1"}],"replies":[{"embeddable":true,"href":"https:\/\/4lconduite.yt\/index.php\/wp-json\/wp\/v2\/comments?post=716"}],"version-history":[{"count":25,"href":"https:\/\/4lconduite.yt\/index.php\/wp-json\/wp\/v2\/pages\/716\/revisions"}],"predecessor-version":[{"id":1969,"href":"https:\/\/4lconduite.yt\/index.php\/wp-json\/wp\/v2\/pages\/716\/revisions\/1969"}],"wp:attachment":[{"href":"https:\/\/4lconduite.yt\/index.php\/wp-json\/wp\/v2\/media?parent=716"}],"curies":[{"name":"wp","href":"https:\/\/api.w.org\/{rel}","templated":true}]}}